{"id":835,"date":"2023-01-23T04:40:14","date_gmt":"2023-01-23T04:40:14","guid":{"rendered":"https:\/\/menteinformada.com\/?page_id=835"},"modified":"2023-04-16T22:45:50","modified_gmt":"2023-04-16T22:45:50","slug":"nutzungsbedingungen","status":"publish","type":"page","link":"https:\/\/menteinformada.com\/de\/termos-de-uso\/","title":{"rendered":"Nutzungsbedingungen"},"content":{"rendered":"<div id=\"tdi_1\" class=\"tdc-zone\"><div class=\"tdc_zone tdi_2  wpb_row td-pb-row\"  >\n<style scoped>\n\/* custom css - generated by TagDiv Composer *\/\n\n\/* custom css - generated by TagDiv Composer *\/\n.tdi_2{\r\n                    min-height: 0;\r\n                }\n<\/style><div id=\"tdi_3\" class=\"tdc-row\"><div class=\"vc_row tdi_4  wpb_row td-pb-row\" >\n<style scoped>\n\/* custom css - generated by TagDiv Composer *\/\n\n\/* custom css - generated by TagDiv Composer *\/\n.tdi_4,\r\n                .tdi_4 .tdc-columns{\r\n                    min-height: 0;\r\n                }.tdi_4,\r\n\t\t\t\t.tdi_4 .tdc-columns{\r\n\t\t\t\t    display: block;\r\n\t\t\t\t}.tdi_4 .tdc-columns{\r\n\t\t\t\t    width: 100%;\r\n\t\t\t\t}.tdi_4:before,\r\n\t\t\t\t.tdi_4:after{\r\n\t\t\t\t    display: table;\r\n\t\t\t\t}\n<\/style><div class=\"vc_column tdi_6  wpb_column vc_column_container tdc-column td-pb-span12\">\n<style scoped>\n\/* custom css - generated by TagDiv Composer *\/\n\n\/* custom css - generated by TagDiv Composer *\/\n.tdi_6{\r\n                    vertical-align: baseline;\r\n                }.tdi_6 > .wpb_wrapper,\r\n\t\t\t\t.tdi_6 > .wpb_wrapper > .tdc-elements{\r\n\t\t\t\t    display: block;\r\n\t\t\t\t}.tdi_6 > .wpb_wrapper > .tdc-elements{\r\n\t\t\t\t    width: 100%;\r\n\t\t\t\t}.tdi_6 > .wpb_wrapper > .vc_row_inner{\r\n\t\t\t\t    width: auto;\r\n\t\t\t\t}.tdi_6 > .wpb_wrapper{\r\n\t\t\t\t    width: auto;\r\n\t\t\t\t    height: auto;\r\n\t\t\t\t}\n<\/style><div class=\"wpb_wrapper\" ><div class=\"td_block_wrap td_block_text_with_title tdi_7 tagdiv-type td-pb-border-top td_block_template_1\"  data-td-block-uid=\"tdi_7\" >\n<style>\n\/* custom css - generated by TagDiv Composer *\/\n.td_block_text_with_title{\r\n                  margin-bottom: 44px;\r\n                  -webkit-transform: translateZ(0);\r\n                  transform: translateZ(0);\r\n                }.td_block_text_with_title p:last-child{\r\n                  margin-bottom: 0;\r\n                }\n<\/style><div class=\"td-block-title-wrap\"><\/div><div class=\"td_mod_wrap td-fix-index\"><p>Allgemeine Gesch\u00e4ftsbedingungen<br \/>Willkommen bei Informed Mind!<br \/>Diese Allgemeinen Gesch\u00e4ftsbedingungen beschreiben die Regeln f\u00fcr die Nutzung der Website der Firma Mente Informada, die sich unter https:\/\/menteinformada.com\/ befindet.<\/p>\n<p>Durch den Zugriff auf diese Website gehen wir davon aus, dass Sie den nachstehenden Allgemeinen Gesch\u00e4ftsbedingungen zustimmen. Nutzen Sie Mente Informada nicht weiter, wenn Sie mit den in dieser Vereinbarung beschriebenen Bedingungen nicht einverstanden sind.<\/p>\n<p>Kekse:<br \/>Die Website verwendet Cookies, um Ihr Internet-Erlebnis zu personalisieren. Durch den Zugriff auf die Website von Mente Informada stimmen Sie der Verwendung erforderlicher Cookies zu.<\/p>\n<p>Cookies sind Textdateien, die von einem Webseitenserver auf Ihrer Festplatte abgelegt werden. Cookies d\u00fcrfen keine Programme ausf\u00fchren oder Viren auf Ihren Computer \u00fcbertragen. Cookies sind eindeutig mit Ihnen verkn\u00fcpft und k\u00f6nnen nur vom Webserver der Domain gelesen werden, die das Cookie ausgegeben hat.<\/p>\n<p>Wir k\u00f6nnen Cookies verwenden, um Informationen f\u00fcr statistische und Marketingzwecke auf unserer Website zu sammeln, zu speichern oder zu verfolgen. Sie haben die M\u00f6glichkeit, optionale Cookies zu akzeptieren oder abzulehnen. Es gibt einige obligatorische Cookies, die f\u00fcr die Funktion unserer Website erforderlich sind. Diese obligatorischen Cookies erfordern Ihre Zustimmung. Bitte beachten Sie, dass Sie mit der Annahme obligatorischer Cookies auch Cookies von Drittanbietern akzeptieren, die von Drittanbietern verwendet werden k\u00f6nnen, wenn Sie deren Dienste auf unserer Website nutzen \u2013 zum Beispiel ein von Drittanbietern bereitgestelltes Videowiedergabefenster in unsere Website integriert.<\/p>\n<p>Lizenz:<br \/>Sofern nicht anders angegeben, haben Mente Informed und seine Lizenzgeber Anspruch auf geistiges Eigentum an allen auf Mente Informed ver\u00f6ffentlichten Materialien. Alle geistigen Eigentumsrechte bleiben vorbehalten.<\/p>\n<p>Du darfst nicht:<\/p>\n<p>Kopieren oder ver\u00f6ffentlichen Sie Materialien von Mente Informed<br \/>Verkaufen, vermieten oder untervermieten Sie Materialien von Mente Informed<br \/>Reproduzieren, duplizieren oder kopieren Sie Materialien von Mente Informada<br \/>Verteilen Sie Mente Informed-Inhalte neu<br \/>Diese Vereinbarung ist ab dem heutigen Datum wirksam.<\/p>\n<p>Teile dieser Website bieten dem Benutzer die M\u00f6glichkeit, Meinungen und Informationen zu bestimmten Bereichen zu ver\u00f6ffentlichen und zu diskutieren. Informed Mind filtert, bearbeitet, ver\u00f6ffentlicht oder \u00fcberpr\u00fcft Kommentare nicht, bevor sie auf der Website ver\u00f6ffentlicht werden. Kommentare spiegeln die Ansichten der Person wider, die sie ver\u00f6ffentlicht. Soweit das geltende Recht dies zul\u00e4sst, ist Informed Mind rechtlich nicht verantwortlich f\u00fcr die Kommentare oder etwaige Sch\u00e4den, Risiken oder Kosten, die durch die Nutzung und\/oder Ver\u00f6ffentlichung und\/oder das Erscheinen der Kommentare auf dieser Website entstehen oder entstehen.<\/p>\n<p>Informed Mind beh\u00e4lt sich das Recht vor, Kommentare zu entfernen, die als unangemessen oder beleidigend angesehen werden oder gegen die Allgemeinen Gesch\u00e4ftsbedingungen dieses Vertrags versto\u00dfen.<\/p>\n<p>Sie erkl\u00e4ren und gew\u00e4hrleisten, dass:<\/p>\n<p>Sie haben das Recht, Kommentare auf unserer Website zu ver\u00f6ffentlichen und verf\u00fcgen \u00fcber alle Lizenzen und Einwilligungen dazu;<br \/>Ihre Kommentare verletzen kein geistiges Eigentum, einschlie\u00dflich Urheberrechte, Patente oder Marken Dritter;<br \/>Ihre Kommentare enthalten kein Material, das verleumderisch, verleumderisch, beleidigend, unanst\u00e4ndig oder anderweitig rechtswidrig ist, was einen Eingriff in die Privatsph\u00e4re darstellt.<br \/>Ihre Kommentare werden nicht zur Anwerbung oder F\u00f6rderung von Gesch\u00e4ften oder zur Darstellung kommerzieller oder illegaler Aktivit\u00e4ten verwendet.<br \/>Hiermit gew\u00e4hren Sie Informed Mind eine nicht-exklusive Lizenz zur Nutzung, Vervielf\u00e4ltigung, Bearbeitung und erm\u00e4chtigen andere zur Nutzung, Vervielf\u00e4ltigung oder Bearbeitung Ihrer Kommentare in allen Formen, Formaten und Medien.<\/p>\n<p>Erstellen von Links zu unseren Inhalten<br \/>Die folgenden Organisationen d\u00fcrfen ohne vorherige schriftliche Genehmigung auf unsere Website verlinken:<\/p>\n<p>Regierungsbeh\u00f6rden;<br \/>Suchmaschinen;<br \/>Medienorganisationen;<br \/>Online-Verzeichnisverteiler k\u00f6nnen auf die gleiche Weise auf unsere Website verlinken wie auf die Websites anderer aufgef\u00fchrter Unternehmen. Es ist<br \/>Akkreditierte Unternehmen, bei denen es sich nicht um gemeinn\u00fctzige Fundraising-Organisationen und wohlt\u00e4tige Fundraising-Gruppen handelt, d\u00fcrfen ohne vorherige Genehmigung nicht auf unsere Website verlinken.<br \/>Diese Organisationen k\u00f6nnen Links zu unserer Homepage, Ver\u00f6ffentlichungen oder anderen Informationen auf der Website ver\u00f6ffentlichen, sofern der Link: (a) in keiner Weise irref\u00fchrend ist; (b) nicht f\u00e4lschlicherweise das Vorhandensein eines Sponsorings, einer Empfehlung oder einer Genehmigung unserer Produkte und\/oder Dienstleistungen impliziert; und (c) f\u00fcr den Kontext geeignet ist, in den es eingef\u00fcgt wird.<\/p>\n<p>Wir k\u00f6nnen Linkanfragen der folgenden Arten von Organisationen ber\u00fccksichtigen und genehmigen:<\/p>\n<p>bekannte Informationsquellen \u00fcber Produkte und Unternehmen;<br \/>Dotcom-Community-Sites;<br \/>Verb\u00e4nde und andere Gruppen, die Wohlt\u00e4tigkeitsorganisationen vertreten;<br \/>Online-Verteiler von Verzeichnissen;<br \/>Internetportale;<br \/>Buchhaltungs-, Anwalts- und Beratungsfirmen; Es ist<br \/>Bildungseinrichtungen und Klassenvereinigungen.<br \/>Wir genehmigen Linkanfragen der oben aufgef\u00fchrten Arten von Organisationen, wenn wir der Meinung sind, dass: (a) der Link unserem Image und\/oder dem Image akkreditierter Unternehmen nicht abtr\u00e4glich ist; (b) die anfragende Organisation hat keine negative Vergangenheit mit uns; (c) der Nutzen, den wir aus der Sichtbarkeit des Links ziehen, kompensiert das Fehlen von Mente Informed; und (d) der Link wird in einen allgemeinen informativen Kontext gestellt.<\/p>\n<p>Diese Organisationen d\u00fcrfen Links zu unserer Homepage ver\u00f6ffentlichen, sofern der Link: (a) in keiner Weise irref\u00fchrend ist; (b) nicht f\u00e4lschlicherweise das Vorhandensein eines Sponsorings, einer Empfehlung oder einer Genehmigung unserer Produkte und\/oder Dienstleistungen impliziert; und (c) f\u00fcr den Kontext geeignet ist, in den es eingef\u00fcgt wird.<\/p>\n<p>Wenn Sie eine der in Absatz 2 oben aufgef\u00fchrten Organisationen vertreten und daran interessiert sind, einen Link zu unserer Website zu ver\u00f6ffentlichen, m\u00fcssen Sie uns Ihr Interesse mitteilen, indem Sie eine E-Mail an Mente Informed senden. Bitte geben Sie Ihren Namen, den Namen Ihrer Organisation und Ihre Kontaktinformationen sowie die URL Ihrer Website, eine Liste der URLs auf unserer Website, die Sie als Links verwenden m\u00f6chten, und eine Liste der Websites an, auf denen Sie unsere URLs ver\u00f6ffentlichen m\u00f6chten Bitte erlauben Sie 2-3 Wochen f\u00fcr eine Antwort.<\/p>\n<p>Zugelassene Organisationen k\u00f6nnen auf folgende Weise Links zu unserer Website ver\u00f6ffentlichen:<\/p>\n<p>Verwendung unseres Firmennamens; oder<br \/>Verwenden der URL, zu der der Link weiterleitet; oder<br \/>Verwendung einer anderen Beschreibung unserer Website, die im Kontext und Format des Inhalts, zu dem der Link eingef\u00fcgt wird, sinnvoll ist.<br \/>Die Nutzung oder Ver\u00f6ffentlichung von Links zum Logo und\/oder anderen visuellen Elementen von Informed Mind ist ohne eine Lizenzvereinbarung zur Nutzung der Marke nicht gestattet.<\/p>\n<p>Inhaltliche Verantwortung:<br \/>Wir \u00fcbernehmen keine rechtliche Verantwortung f\u00fcr Inhalte, die auf Ihrer Website erscheinen. Sie erkl\u00e4ren sich damit einverstanden, uns gegen alle Anspr\u00fcche zu sch\u00fctzen und zu verteidigen, die auf Ihrer Website erhoben werden. Auf keiner Website darf ein Link erscheinen, der als verleumderisch, obsz\u00f6n oder kriminell ausgelegt werden k\u00f6nnte oder der die Rechte anderer verletzt, verletzt oder deren Verletzung bef\u00fcrwortet.<\/p>\n<p>Rechtsvorbehalt:<br \/>Wir behalten uns das Recht vor, Sie aufzufordern, alle Links oder Links, die auf unsere Website weiterleiten, zu entfernen. Sie erkl\u00e4ren sich damit einverstanden, alle Links zu unserer Website unverz\u00fcglich zu entfernen, sobald eine Entfernung beantragt wurde. Wir behalten uns au\u00dferdem das Recht vor, diese Allgemeinen Gesch\u00e4ftsbedingungen jederzeit zu \u00e4ndern und zu erg\u00e4nzen. Indem Sie fortlaufend Links zu unserer Website ver\u00f6ffentlichen, erkl\u00e4ren Sie sich mit diesen Verlinkungsbedingungen einverstanden.<\/p>\n<p>Entfernung der auf unserer Website ver\u00f6ffentlichten Links:<br \/>Wenn Sie auf unserer Website einen Link finden, der in irgendeiner Weise anst\u00f6\u00dfig ist, k\u00f6nnen Sie uns jederzeit kontaktieren und uns \u00fcber das Problem informieren. Wir werden Anfragen zur Entfernung von Links ber\u00fccksichtigen, sind jedoch nicht verpflichtet, Links von unserer Website zu entfernen oder direkt auf Ihre Anfrage zu antworten.<\/p>\n<p>Wir \u00fcbernehmen keine Gew\u00e4hr f\u00fcr die Richtigkeit der auf dieser Website enthaltenen Informationen. F\u00fcr die Vollst\u00e4ndigkeit und Richtigkeit der Inhalte \u00fcbernehmen wir keine Gew\u00e4hr. Wir garantieren nicht, dass die Website verf\u00fcgbar bleibt oder dass das Material auf der Website aktuell bleibt.<\/p>\n<p>Haftungsausschluss:<br \/>Im gr\u00f6\u00dftm\u00f6glichen gesetzlich zul\u00e4ssigen Umfang schlie\u00dfen wir alle Zusicherungen, Gew\u00e4hrleistungen und Bedingungen im Zusammenhang mit unserer Website und Ihrer Nutzung dieser Website aus. Nichts in diesem Haftungsausschluss wird:<\/p>\n<p>unsere Haftung oder Ihre Haftung f\u00fcr Tod oder K\u00f6rperverletzung einzuschr\u00e4nken oder auszuschlie\u00dfen;<br \/>unsere Haftung oder Ihre Haftung f\u00fcr Betrug oder betr\u00fcgerische Falschdarstellung einzuschr\u00e4nken oder auszuschlie\u00dfen;<br \/>unsere Haftung oder Ihre Haftung auf eine Weise beschr\u00e4nken, die gesetzlich nicht zul\u00e4ssig ist;<br \/>schlie\u00dfen Sie jegliche Haftung von Ihnen oder uns aus, die nach geltendem Recht nicht ausgeschlossen werden kann.<br \/>Die in diesem Abschnitt und an anderer Stelle in dieser Erkl\u00e4rung aufgef\u00fchrten Haftungsbeschr\u00e4nkungen und -verbote: (a) unterliegen dem vorstehenden Absatz; und (b) alle Verbindlichkeiten regeln, die sich aus der Erkl\u00e4rung ergeben, einschlie\u00dflich Verbindlichkeiten aus Vertrag, unerlaubter Handlung und Verletzung gesetzlicher Verpflichtungen.<\/p>\n<p>Obwohl die Website und die Informationen und Dienste auf der Website kostenlos angeboten werden, haften wir nicht f\u00fcr Verluste oder Sch\u00e4den jeglicher Art.<\/p>\n<\/div><\/div><\/div><\/div><\/div><\/div><\/div><\/div>","protected":false},"excerpt":{"rendered":"","protected":false},"author":244,"featured_media":0,"parent":0,"menu_order":0,"comment_status":"closed","ping_status":"closed","template":"","meta":{"footnotes":""},"class_list":["post-835","page","type-page","status-publish"],"_links":{"self":[{"href":"https:\/\/menteinformada.com\/de\/wp-json\/wp\/v2\/pages\/835","targetHints":{"allow":["GET"]}}],"collection":[{"href":"https:\/\/menteinformada.com\/de\/wp-json\/wp\/v2\/pages"}],"about":[{"href":"https:\/\/menteinformada.com\/de\/wp-json\/wp\/v2\/types\/page"}],"author":[{"embeddable":true,"href":"https:\/\/menteinformada.com\/de\/wp-json\/wp\/v2\/users\/244"}],"replies":[{"embeddable":true,"href":"https:\/\/menteinformada.com\/de\/wp-json\/wp\/v2\/comments?post=835"}],"version-history":[{"count":4,"href":"https:\/\/menteinformada.com\/de\/wp-json\/wp\/v2\/pages\/835\/revisions"}],"predecessor-version":[{"id":3719,"href":"https:\/\/menteinformada.com\/de\/wp-json\/wp\/v2\/pages\/835\/revisions\/3719"}],"wp:attachment":[{"href":"https:\/\/menteinformada.com\/de\/wp-json\/wp\/v2\/media?parent=835"}],"curies":[{"name":"wp","href":"https:\/\/api.w.org\/{rel}","templated":true}]}}