{"id":835,"date":"2023-01-23T04:40:14","date_gmt":"2023-01-23T04:40:14","guid":{"rendered":"https:\/\/menteinformada.com\/?page_id=835"},"modified":"2023-04-16T22:45:50","modified_gmt":"2023-04-16T22:45:50","slug":"terminos-de-uso","status":"publish","type":"page","link":"https:\/\/menteinformada.com\/es\/termos-de-uso\/","title":{"rendered":"Terminos de uso"},"content":{"rendered":"<div id=\"tdi_1\" class=\"tdc-zone\"><div class=\"tdc_zone tdi_2  wpb_row td-pb-row\"  >\n<style scoped>\n\/* custom css - generated by TagDiv Composer *\/\n\n\/* custom css - generated by TagDiv Composer *\/\n.tdi_2{\r\n                    min-height: 0;\r\n                }\n<\/style><div id=\"tdi_3\" class=\"tdc-row\"><div class=\"vc_row tdi_4  wpb_row td-pb-row\" >\n<style scoped>\n\/* custom css - generated by TagDiv Composer *\/\n\n\/* custom css - generated by TagDiv Composer *\/\n.tdi_4,\r\n                .tdi_4 .tdc-columns{\r\n                    min-height: 0;\r\n                }.tdi_4,\r\n\t\t\t\t.tdi_4 .tdc-columns{\r\n\t\t\t\t    display: block;\r\n\t\t\t\t}.tdi_4 .tdc-columns{\r\n\t\t\t\t    width: 100%;\r\n\t\t\t\t}.tdi_4:before,\r\n\t\t\t\t.tdi_4:after{\r\n\t\t\t\t    display: table;\r\n\t\t\t\t}\n<\/style><div class=\"vc_column tdi_6  wpb_column vc_column_container tdc-column td-pb-span12\">\n<style scoped>\n\/* custom css - generated by TagDiv Composer *\/\n\n\/* custom css - generated by TagDiv Composer *\/\n.tdi_6{\r\n                    vertical-align: baseline;\r\n                }.tdi_6 > .wpb_wrapper,\r\n\t\t\t\t.tdi_6 > .wpb_wrapper > .tdc-elements{\r\n\t\t\t\t    display: block;\r\n\t\t\t\t}.tdi_6 > .wpb_wrapper > .tdc-elements{\r\n\t\t\t\t    width: 100%;\r\n\t\t\t\t}.tdi_6 > .wpb_wrapper > .vc_row_inner{\r\n\t\t\t\t    width: auto;\r\n\t\t\t\t}.tdi_6 > .wpb_wrapper{\r\n\t\t\t\t    width: auto;\r\n\t\t\t\t    height: auto;\r\n\t\t\t\t}\n<\/style><div class=\"wpb_wrapper\" ><div class=\"td_block_wrap td_block_text_with_title tdi_7 tagdiv-type td-pb-border-top td_block_template_1\"  data-td-block-uid=\"tdi_7\" >\n<style>\n\/* custom css - generated by TagDiv Composer *\/\n.td_block_text_with_title{\r\n                  margin-bottom: 44px;\r\n                  -webkit-transform: translateZ(0);\r\n                  transform: translateZ(0);\r\n                }.td_block_text_with_title p:last-child{\r\n                  margin-bottom: 0;\r\n                }\n<\/style><div class=\"td-block-title-wrap\"><\/div><div class=\"td_mod_wrap td-fix-index\"><p>T\u00e9rminos y condiciones de uso<br \/>\u00a1Bienvenido a Mente Informada!<br \/>Estos t\u00e9rminos y condiciones describen las reglas de uso del sitio web de la empresa Mente Informada, ubicado en https:\/\/menteinformada.com\/.<\/p>\n<p>Al acceder a este sitio, asumimos que acepta los t\u00e9rminos y condiciones a continuaci\u00f3n. No contin\u00fae usando Mente Informada si no est\u00e1 de acuerdo con los t\u00e9rminos y condiciones descritos en este acuerdo.<\/p>\n<p>Galletas:<br \/>El sitio web utiliza cookies para ayudar a personalizar su experiencia en Internet. Al acceder al sitio web de Mente Informada, acepta el uso de las cookies requeridas.<\/p>\n<p>Las cookies son archivos de texto colocados en su disco duro por un servidor de p\u00e1ginas web. No se permite que las cookies ejecuten programas o transfieran virus a su computadora. Las cookies se asocian exclusivamente con usted y solo pueden ser le\u00eddas por el servidor web del dominio que emiti\u00f3 la cookie.<\/p>\n<p>Podemos utilizar cookies para recopilar, almacenar o rastrear informaci\u00f3n con fines estad\u00edsticos y de marketing en nuestro sitio web. Tiene la opci\u00f3n de aceptar o rechazar las cookies opcionales. Hay algunas cookies obligatorias, que son necesarias para que nuestro sitio web funcione. Estas cookies obligatorias requieren su consentimiento. Tenga en cuenta que al aceptar cookies obligatorias, tambi\u00e9n acepta cookies de terceros, que pueden ser utilizadas por terceros si utiliza los servicios proporcionados por ellos en nuestro sitio web, por ejemplo, una ventana de reproducci\u00f3n de video proporcionada por empresas de terceros y integrado en nuestro sitio web.<\/p>\n<p>Licencia:<br \/>Salvo que se indique lo contrario, Mente Informed y sus licenciantes tienen derecho a la propiedad intelectual de todo el material publicado en Mente Informed. Todos los derechos de propiedad intelectual est\u00e1n reservados.<\/p>\n<p>No tienes permitido:<\/p>\n<p>Copie o vuelva a publicar materiales de Mente Informed<br \/>Vender, alquilar o subarrendar materiales de Mente Informed<br \/>Reproducir, duplicar o copiar materiales de Mente Informada<br \/>Redistribuir el contenido informado de Mente<br \/>Este Acuerdo entrar\u00e1 en vigencia a partir de la presente fecha.<\/p>\n<p>Partes de este sitio ofrecen al usuario la oportunidad de publicar y discutir opiniones e informaci\u00f3n en ciertas \u00e1reas. Informed Mind no filtra, edita, publica ni revisa los Comentarios antes de que aparezcan en el Sitio. Los comentarios reflejan las opiniones de la persona que los publica. En la medida en que lo permita la ley aplicable, Informed Mind no es legalmente responsable de los Comentarios ni de ning\u00fan da\u00f1o, riesgo o gasto causado o incurrido como resultado del uso, publicaci\u00f3n y\/o aparici\u00f3n de los Comentarios en este sitio web.<\/p>\n<p>Informed Mind se reserva el derecho de eliminar cualquier Comentario que pueda considerarse inapropiado, ofensivo o que infrinja los T\u00e9rminos y Condiciones de este contrato.<\/p>\n<p>Usted declara y garantiza que:<\/p>\n<p>Tiene derecho a publicar Comentarios en nuestro sitio web y tiene todas las licencias y consentimientos para hacerlo;<br \/>Sus Comentarios no invaden ninguna propiedad intelectual, incluidos los derechos de autor, patentes o marcas comerciales de terceros;<br \/>Sus comentarios no contienen material que sea difamatorio, calumnioso, ofensivo, indecente o ilegal de otro modo, lo cual es una invasi\u00f3n de la privacidad.<br \/>Sus comentarios no se utilizar\u00e1n para solicitar o promover negocios o para presentar actividades comerciales o actividades ilegales.<br \/>Por la presente, otorga a Informed Mind una licencia no exclusiva para usar, reproducir, editar y autorizar a otros a usar, reproducir o editar cualquiera de sus Comentarios en cualquiera y todas las formas, formatos y medios.<\/p>\n<p>Crear enlaces a nuestro contenido<br \/>Las siguientes organizaciones pueden vincularse a nuestro Sitio sin aprobaci\u00f3n previa por escrito:<\/p>\n<p>Agencias gubernamentales;<br \/>Los motores de b\u00fasqueda;<br \/>organizaciones de medios;<br \/>Los distribuidores de directorios en l\u00ednea pueden vincularse a nuestro Sitio de la misma manera que vinculan a los Sitios de otras compa\u00f1\u00edas listadas; Es<br \/>Las empresas acreditadas, que no sean organizaciones de recaudaci\u00f3n de fondos sin fines de lucro y grupos de recaudaci\u00f3n de fondos ben\u00e9ficos, no pueden vincularse a nuestro Sitio sin aprobaci\u00f3n previa.<br \/>Estas organizaciones pueden publicar enlaces a nuestra p\u00e1gina de inicio, publicaciones u otra informaci\u00f3n en el Sitio, siempre que el enlace: (a) no sea enga\u00f1oso de ninguna manera; (b) no implica falsamente la existencia de patrocinio, respaldo o aprobaci\u00f3n de nuestros productos y\/o servicios; y (c) es apropiado para el contexto en el que se inserta.<\/p>\n<p>Podemos considerar y aprobar solicitudes de enlace realizadas por los siguientes tipos de organizaciones:<\/p>\n<p>fuentes conocidas de informaci\u00f3n sobre productos y negocios;<br \/>sitios comunitarios punto com;<br \/>asociaciones y otros grupos que representan organizaciones ben\u00e9ficas;<br \/>distribuidores de directorios en l\u00ednea;<br \/>portales de internet;<br \/>firmas de contabilidad, leyes y consultor\u00eda; Es<br \/>instituciones educativas y asociaciones de clase.<br \/>Aprobaremos las solicitudes de enlace realizadas por los tipos de organizaciones enumeradas anteriormente si creemos que: (a) el enlace no es desfavorable para nuestra imagen y\/o la imagen de las empresas acreditadas; (b) la organizaci\u00f3n solicitante no tiene antecedentes negativos con nosotros; (c) el beneficio que obtenemos de la visibilidad del enlace compensa la ausencia de Mente Informed; y (d) el enlace se ubicar\u00e1 en un contexto informativo general.<\/p>\n<p>Estas organizaciones pueden publicar enlaces a nuestra p\u00e1gina de inicio siempre que el enlace: (a) no sea enga\u00f1oso de ninguna manera; (b) no implica falsamente la existencia de patrocinio, respaldo o aprobaci\u00f3n de nuestros productos y\/o servicios; y (c) es apropiado para el contexto en el que se inserta.<\/p>\n<p>Si representa a una de las organizaciones enumeradas en el p\u00e1rrafo 2 anterior y est\u00e1 interesado en publicar un enlace a nuestro sitio web, debe informarnos de su inter\u00e9s enviando un correo electr\u00f3nico a Mente Informed. Incluya su nombre, el nombre de su organizaci\u00f3n y su informaci\u00f3n de contacto, as\u00ed como la URL de su sitio web, una lista de las URL de nuestro sitio web que pretende utilizar como enlaces y una lista de los sitios web en los que pretende publicar nuestras URL. . Espere entre 2 y 3 semanas para recibir una respuesta.<\/p>\n<p>Las organizaciones aprobadas pueden publicar enlaces a nuestro Sitio de las siguientes maneras:<\/p>\n<p>Usando nuestro nombre corporativo; o<br \/>Usando la URL a la que redirige el enlace; o<br \/>Usar cualquier otra descripci\u00f3n de nuestro Sitio que tenga sentido dentro del contexto y el formato del contenido al que se inserta el enlace.<br \/>No se permitir\u00e1 el uso o publicaci\u00f3n de enlaces al logotipo y\/u otros elementos visuales de Informed Mind sin un acuerdo de licencia para el uso de la marca.<\/p>\n<p>Responsabilidad por el contenido:<br \/>No seremos legalmente responsables de ning\u00fan contenido que aparezca en su Sitio. Usted acepta protegernos y defendernos contra todos los reclamos que se presenten en su Sitio. No aparecer\u00e1 ning\u00fan enlace en ning\u00fan Sitio que pueda interpretarse como difamatorio, obsceno, criminal o que infrinja, viole o promueva la violaci\u00f3n de los derechos de otros.<\/p>\n<p>Reserva de Derechos:<br \/>Nos reservamos el derecho de solicitarle que elimine todos los enlaces o cualquier enlace que redirija a nuestro sitio web. Usted acepta eliminar inmediatamente todos los enlaces a nuestro sitio web una vez que se haya solicitado la eliminaci\u00f3n. Tambi\u00e9n nos reservamos el derecho de modificar y modificar estos t\u00e9rminos y condiciones en cualquier momento. Al publicar continuamente enlaces a nuestro sitio, usted acepta estar sujeto a estos t\u00e9rminos y condiciones de enlace.<\/p>\n<p>Eliminaci\u00f3n de enlaces publicados en nuestro sitio web:<br \/>Si encuentra alg\u00fan enlace en nuestro Sitio que sea ofensivo de alguna manera, puede comunicarse con nosotros e informarnos sobre el problema en cualquier momento. Consideraremos las solicitudes para eliminar enlaces, pero no tenemos la obligaci\u00f3n de eliminar ning\u00fan enlace de nuestro sitio ni de responder directamente a su solicitud.<\/p>\n<p>No garantizamos que la informaci\u00f3n contenida en este sitio sea correcta. No garantizamos la integridad o precisi\u00f3n del contenido. No garantizamos que el sitio permanecer\u00e1 disponible o que el material del sitio permanecer\u00e1 actualizado.<\/p>\n<p>Descargo de responsabilidad:<br \/>En la m\u00e1xima medida permitida por la ley, excluimos todas las representaciones, garant\u00edas y condiciones relacionadas con nuestro sitio web y su uso de este sitio web. Nada en este descargo de responsabilidad:<\/p>\n<p>limitar o excluir nuestra responsabilidad o su responsabilidad por muerte o lesiones personales;<br \/>limitar o excluir nuestra responsabilidad o su responsabilidad por fraude o tergiversaci\u00f3n fraudulenta;<br \/>limitar nuestra responsabilidad o su responsabilidad de cualquier manera no permitida por la ley;<br \/>excluir cualquier responsabilidad de usted o de nosotros que no pueda ser excluida bajo la ley aplicable.<br \/>Las limitaciones y prohibiciones de responsabilidad enumeradas en esta Secci\u00f3n y en otras partes de esta declaraci\u00f3n: (a) est\u00e1n sujetas al p\u00e1rrafo anterior; y (b) rigen todas las responsabilidades derivadas de la declaraci\u00f3n, incluidas las responsabilidades derivadas de contratos, agravios e incumplimiento de obligaciones legales.<\/p>\n<p>Si bien el sitio web y la informaci\u00f3n y los servicios en el sitio web se ofrecen de forma gratuita, no seremos responsables por p\u00e9rdidas o da\u00f1os de ning\u00fan tipo.<\/p>\n<\/div><\/div><\/div><\/div><\/div><\/div><\/div><\/div>","protected":false},"excerpt":{"rendered":"","protected":false},"author":244,"featured_media":0,"parent":0,"menu_order":0,"comment_status":"closed","ping_status":"closed","template":"","meta":{"footnotes":""},"class_list":["post-835","page","type-page","status-publish"],"_links":{"self":[{"href":"https:\/\/menteinformada.com\/es\/wp-json\/wp\/v2\/pages\/835","targetHints":{"allow":["GET"]}}],"collection":[{"href":"https:\/\/menteinformada.com\/es\/wp-json\/wp\/v2\/pages"}],"about":[{"href":"https:\/\/menteinformada.com\/es\/wp-json\/wp\/v2\/types\/page"}],"author":[{"embeddable":true,"href":"https:\/\/menteinformada.com\/es\/wp-json\/wp\/v2\/users\/244"}],"replies":[{"embeddable":true,"href":"https:\/\/menteinformada.com\/es\/wp-json\/wp\/v2\/comments?post=835"}],"version-history":[{"count":4,"href":"https:\/\/menteinformada.com\/es\/wp-json\/wp\/v2\/pages\/835\/revisions"}],"predecessor-version":[{"id":3719,"href":"https:\/\/menteinformada.com\/es\/wp-json\/wp\/v2\/pages\/835\/revisions\/3719"}],"wp:attachment":[{"href":"https:\/\/menteinformada.com\/es\/wp-json\/wp\/v2\/media?parent=835"}],"curies":[{"name":"wp","href":"https:\/\/api.w.org\/{rel}","templated":true}]}}