{"id":835,"date":"2023-01-23T04:40:14","date_gmt":"2023-01-23T04:40:14","guid":{"rendered":"https:\/\/menteinformada.com\/?page_id=835"},"modified":"2023-04-16T22:45:50","modified_gmt":"2023-04-16T22:45:50","slug":"kayttoehdot","status":"publish","type":"page","link":"https:\/\/menteinformada.com\/fi\/termos-de-uso\/","title":{"rendered":"K\u00e4ytt\u00f6ehdot"},"content":{"rendered":"<div id=\"tdi_1\" class=\"tdc-zone\"><div class=\"tdc_zone tdi_2  wpb_row td-pb-row\"  >\n<style scoped>\n\/* custom css - generated by TagDiv Composer *\/\n\n\/* custom css - generated by TagDiv Composer *\/\n.tdi_2{\r\n                    min-height: 0;\r\n                }\n<\/style><div id=\"tdi_3\" class=\"tdc-row\"><div class=\"vc_row tdi_4  wpb_row td-pb-row\" >\n<style scoped>\n\/* custom css - generated by TagDiv Composer *\/\n\n\/* custom css - generated by TagDiv Composer *\/\n.tdi_4,\r\n                .tdi_4 .tdc-columns{\r\n                    min-height: 0;\r\n                }.tdi_4,\r\n\t\t\t\t.tdi_4 .tdc-columns{\r\n\t\t\t\t    display: block;\r\n\t\t\t\t}.tdi_4 .tdc-columns{\r\n\t\t\t\t    width: 100%;\r\n\t\t\t\t}.tdi_4:before,\r\n\t\t\t\t.tdi_4:after{\r\n\t\t\t\t    display: table;\r\n\t\t\t\t}\n<\/style><div class=\"vc_column tdi_6  wpb_column vc_column_container tdc-column td-pb-span12\">\n<style scoped>\n\/* custom css - generated by TagDiv Composer *\/\n\n\/* custom css - generated by TagDiv Composer *\/\n.tdi_6{\r\n                    vertical-align: baseline;\r\n                }.tdi_6 > .wpb_wrapper,\r\n\t\t\t\t.tdi_6 > .wpb_wrapper > .tdc-elements{\r\n\t\t\t\t    display: block;\r\n\t\t\t\t}.tdi_6 > .wpb_wrapper > .tdc-elements{\r\n\t\t\t\t    width: 100%;\r\n\t\t\t\t}.tdi_6 > .wpb_wrapper > .vc_row_inner{\r\n\t\t\t\t    width: auto;\r\n\t\t\t\t}.tdi_6 > .wpb_wrapper{\r\n\t\t\t\t    width: auto;\r\n\t\t\t\t    height: auto;\r\n\t\t\t\t}\n<\/style><div class=\"wpb_wrapper\" ><div class=\"td_block_wrap td_block_text_with_title tdi_7 tagdiv-type td-pb-border-top td_block_template_1\"  data-td-block-uid=\"tdi_7\" >\n<style>\n\/* custom css - generated by TagDiv Composer *\/\n.td_block_text_with_title{\r\n                  margin-bottom: 44px;\r\n                  -webkit-transform: translateZ(0);\r\n                  transform: translateZ(0);\r\n                }.td_block_text_with_title p:last-child{\r\n                  margin-bottom: 0;\r\n                }\n<\/style><div class=\"td-block-title-wrap\"><\/div><div class=\"td_mod_wrap td-fix-index\"><p>K\u00e4ytt\u00f6ehdot<br \/>Tervetuloa tietoiseen mieleen!<br \/>N\u00e4m\u00e4 ehdot kuvaavat Mente Informada -yhti\u00f6n verkkosivuston, joka sijaitsee osoitteessa https:\/\/menteinformada.com\/, k\u00e4ytt\u00f6\u00e4 koskevia s\u00e4\u00e4nt\u00f6j\u00e4.<\/p>\n<p>Kun k\u00e4yt\u00e4t t\u00e4t\u00e4 verkkosivustoa, katsomme sinun hyv\u00e4ksyv\u00e4n alla olevat ehdot. \u00c4l\u00e4 jatka Mente Informadan k\u00e4ytt\u00f6\u00e4, jos et hyv\u00e4ksy t\u00e4ss\u00e4 sopimuksessa kuvattuja ehtoja.<\/p>\n<p>Ev\u00e4steet:<br \/>Sivusto k\u00e4ytt\u00e4\u00e4 ev\u00e4steit\u00e4 mukauttaakseen Internet-kokemustasi. Menem\u00e4ll\u00e4 Mente Informada -verkkosivustolle hyv\u00e4ksyt vaadittujen ev\u00e4steiden k\u00e4yt\u00f6n.<\/p>\n<p>Ev\u00e4steet ovat tekstitiedostoja, jotka web-sivupalvelin asettaa kiintolevyllesi. Ev\u00e4steet eiv\u00e4t saa suorittaa ohjelmia tai siirt\u00e4\u00e4 viruksia tietokoneellesi. Ev\u00e4steet liittyv\u00e4t sinuun yksil\u00f6llisesti, ja vain ev\u00e4steen my\u00f6nt\u00e4neen verkkotunnuksen verkkopalvelin voi lukea niit\u00e4.<\/p>\n<p>Voimme k\u00e4ytt\u00e4\u00e4 ev\u00e4steit\u00e4 ker\u00e4t\u00e4ksemme, tallentaaksemme tai seurataksemme tietoja tilasto- ja markkinointitarkoituksiin verkkosivustollamme. Sinulla on mahdollisuus hyv\u00e4ksy\u00e4 tai hyl\u00e4t\u00e4 valinnaiset ev\u00e4steet. On olemassa joitakin pakollisia ev\u00e4steit\u00e4, jotka ovat v\u00e4ltt\u00e4m\u00e4tt\u00f6mi\u00e4 verkkosivustomme toiminnalle. N\u00e4m\u00e4 pakolliset ev\u00e4steet vaativat suostumuksesi. Muista, ett\u00e4 hyv\u00e4ksym\u00e4ll\u00e4 pakolliset ev\u00e4steet hyv\u00e4ksyt my\u00f6s kolmannen osapuolen ev\u00e4steet, joita kolmannet osapuolet voivat k\u00e4ytt\u00e4\u00e4, jos k\u00e4yt\u00e4t heid\u00e4n tarjoamiaan palveluita verkkosivustollamme \u2013 esimerkiksi kolmannen osapuolen yritysten tarjoamaa videon toistoikkunaa. ja integroitu verkkosivustoomme.<\/p>\n<p>Lisenssi:<br \/>Ellei toisin mainita, Mente Informadalla ja sen lisenssinhaltijoilla on oikeus kaiken Mente Informadassa julkaistun materiaalin immateriaalioikeuksiin. Kaikki immateriaalioikeudet pid\u00e4tet\u00e4\u00e4n.<\/p>\n<p>Sinulla ei ole lupaa:<\/p>\n<p>Kopioi tai julkaise materiaalia uudelleen Mente Informadalta<br \/>Myy, vuokraa tai edelleenvuokraa materiaaleja Mente Informadalta<br \/>Toista, monista tai kopioi Mente Informadan materiaaleja<br \/>Jakaa edelleen sis\u00e4lt\u00f6\u00e4 Mente Informadalta<br \/>T\u00e4m\u00e4 sopimus tulee voimaan t\u00e4st\u00e4 p\u00e4iv\u00e4st\u00e4 alkaen.<\/p>\n<p>T\u00e4m\u00e4n verkkosivuston osat tarjoavat k\u00e4ytt\u00e4j\u00e4lle mahdollisuuden l\u00e4hett\u00e4\u00e4 ja keskustella mielipiteist\u00e4 ja tiedoista tietyill\u00e4 aloilla. Informed Mind ei suodata, muokkaa, julkaise tai tarkista kommentteja ennen kuin ne ilmestyv\u00e4t verkkosivustolle. Kommentit kuvastavat kommentit l\u00e4hett\u00e4j\u00e4n mielipiteit\u00e4. Siin\u00e4 m\u00e4\u00e4rin kuin sovellettavat lait sallivat, Mente Informada ei ole laillisesti vastuussa kommenteista tai mist\u00e4\u00e4n vahingoista, riskeist\u00e4 tai kuluista, jotka aiheutuvat tai k\u00e4rsiv\u00e4t t\u00e4m\u00e4n verkkosivuston kommenttien k\u00e4yt\u00f6st\u00e4 ja\/tai l\u00e4hett\u00e4misest\u00e4 ja\/tai esiintymisest\u00e4.<\/p>\n<p>Informed Mind varaa oikeuden poistaa kaikki kommentit, joita voidaan pit\u00e4\u00e4 sopimattomina, loukkaavina tai t\u00e4m\u00e4n sopimuksen ehtojen vastaisina.<\/p>\n<p>Edustat ja takaat, ett\u00e4:<\/p>\n<p>Sinulla on oikeus l\u00e4hett\u00e4\u00e4 kommentteja verkkosivustollemme ja sinulla on kaikki lisenssit ja suostumukset tehd\u00e4 niin;<br \/>Kommenttisi eiv\u00e4t loukkaa mit\u00e4\u00e4n immateriaaliomaisuutta, mukaan lukien kolmannen osapuolen tekij\u00e4noikeudet, patentit tai tavaramerkit;<br \/>Kommenttisi eiv\u00e4t sis\u00e4ll\u00e4 kunniaa loukkaavaa, herjaavaa, loukkaavaa, sopimatonta tai muuten laitonta materiaalia, joka loukkaa yksityisyytt\u00e4.<br \/>Kommenttejasi ei k\u00e4ytet\u00e4 liiketoiminnan houkuttelemiseen tai edist\u00e4miseen tai kaupallisen toiminnan tai laittoman toiminnan esitt\u00e4miseen.<br \/>My\u00f6nn\u00e4t t\u00e4ten Mente Informadalle ei-yksinomaisen lisenssin k\u00e4ytt\u00e4\u00e4, j\u00e4ljent\u00e4\u00e4, muokata ja valtuuttaa muut k\u00e4ytt\u00e4m\u00e4\u00e4n, j\u00e4ljent\u00e4m\u00e4\u00e4n tai muokkaamaan mit\u00e4 tahansa kommenttejasi kaikissa muodoissa, muodoissa ja v\u00e4lineiss\u00e4.<\/p>\n<p>Linkkien luominen sis\u00e4lt\u00f6\u00f6mme<br \/>Seuraavat organisaatiot voivat linkitt\u00e4\u00e4 verkkosivustoomme ilman kirjallista lupaa:<\/p>\n<p>Valtion virastot;<br \/>Hakukoneet;<br \/>Mediaorganisaatiot;<br \/>Online-hakemistojen jakelijat voivat linkitt\u00e4\u00e4 Web-sivustoomme samalla tavalla kuin ne muiden listattujen yritysten verkkosivustoille; ja<br \/>Akkreditoidut yritykset, lukuun ottamatta voittoa tavoittelemattomia varainkeruuj\u00e4rjest\u00f6j\u00e4 ja hyv\u00e4ntekev\u00e4isyysj\u00e4rjest\u00f6j\u00e4, eiv\u00e4t saa linkitt\u00e4\u00e4 sivustoomme ilman ennakkohyv\u00e4ksynt\u00e4\u00e4.<br \/>N\u00e4m\u00e4 organisaatiot voivat l\u00e4hett\u00e4\u00e4 linkkej\u00e4 kotisivuillemme, julkaisuihimme tai muihin verkkosivustomme tietoihin, kunhan linkki: (a) ei ole mill\u00e4\u00e4n tavalla harhaanjohtava; (b) eiv\u00e4t virheellisesti vihjaa sponsorointi-, tuki- tai hyv\u00e4ksynt\u00e4suhteen olemassaoloon kanssamme tuotteissa ja\/tai palveluissa; ja (c) sopii kontekstiin, johon se lis\u00e4t\u00e4\u00e4n.<\/p>\n<p>Voimme harkita ja hyv\u00e4ksy\u00e4 linkityspyynt\u00f6j\u00e4 seuraavan tyyppisilt\u00e4 organisaatioilta:<\/p>\n<p>tunnetut tietol\u00e4hteet tuotteista ja yrityksist\u00e4;<br \/>dot.com-yhteis\u00f6sivustot;<br \/>yhdistykset ja muut hyv\u00e4ntekev\u00e4isyysj\u00e4rjest\u00f6t;<br \/>online-hakemistojen jakelijat;<br \/>Internet-portaalit;<br \/>kirjanpito-, laki- ja konsulttiyritykset; ja<br \/>oppilaitokset ja luokkayhdistykset.<br \/>Hyv\u00e4ksymme yll\u00e4 lueteltujen organisaatiotyyppien tekem\u00e4t linkityspyynn\u00f6t, jos uskomme, ett\u00e4: (a) linkki ei ole haitallinen imagollemme ja\/tai akkreditoitujen yritysten imagolle; (b) pyynn\u00f6n esitt\u00e4neell\u00e4 organisaatiolla ei ole negatiivista historiaa meill\u00e4; (c) etu, jonka saamme linkin n\u00e4kyvyydest\u00e4, kompensoi Mente Informadan puuttumisen; ja (d) linkki sijoitetaan yleiseen tiedolliseen kontekstiin.<\/p>\n<p>N\u00e4m\u00e4 organisaatiot voivat l\u00e4hett\u00e4\u00e4 linkkej\u00e4 kotisivuillemme, kunhan linkki: (a) ei ole mill\u00e4\u00e4n tavalla harhaanjohtava; (b) \u00e4l\u00e4 anna virheellisesti ymm\u00e4rt\u00e4\u00e4, ett\u00e4 meill\u00e4 on sponsorointi, suositus tai hyv\u00e4ksynt\u00e4 tuotteillemme ja\/tai palveluillemme; ja (c) sopii kontekstiin, johon se lis\u00e4t\u00e4\u00e4n.<\/p>\n<p>Jos edustat jotakin edell\u00e4 kohdassa 2 luetelluista organisaatioista ja olet kiinnostunut julkaisemaan linkin verkkosivuillemme, sinun tulee ilmoittaa kiinnostuksestasi l\u00e4hett\u00e4m\u00e4ll\u00e4 s\u00e4hk\u00f6postia osoitteeseen Mente Informada. Liit\u00e4 mukaan nimesi, organisaatiosi nimi ja yhteystietosi sek\u00e4 sivustosi URL-osoite, luettelo sivustomme URL-osoitteista, joihin aiot linkitt\u00e4\u00e4, sek\u00e4 luettelo sivustoista, joilla aiot julkaista URL-osoitteet. Vastauksen saaminen kest\u00e4\u00e4 2\u20133 viikkoa.<\/p>\n<p>Hyv\u00e4ksytyt organisaatiot voivat l\u00e4hett\u00e4\u00e4 linkkej\u00e4 sivustollemme seuraavilla tavoilla:<\/p>\n<p>Yrityksemme nimen k\u00e4ytt\u00e4minen; tai<br \/>K\u00e4ytt\u00e4m\u00e4ll\u00e4 URL-osoitetta, johon linkki uudelleenohjaa; tai<br \/>K\u00e4ytt\u00e4m\u00e4ll\u00e4 mit\u00e4 tahansa muuta sivustomme kuvausta, joka on j\u00e4rkev\u00e4 sen sis\u00e4ll\u00f6n kontekstissa ja muodossa, johon linkki lis\u00e4t\u00e4\u00e4n.<br \/>Mente Informadan logoon ja\/tai muihin visuaalisiin elementteihin johtavien linkkien k\u00e4ytt\u00f6 tai julkaiseminen ei ole sallittua ilman tavaramerkin k\u00e4ytt\u00f6oikeussopimusta.<\/p>\n<p>Vastuu sis\u00e4ll\u00f6st\u00e4:<br \/>Emme ole laillisesti vastuussa mist\u00e4\u00e4n sivustollasi n\u00e4kyv\u00e4st\u00e4 sis\u00e4ll\u00f6st\u00e4. Sitoudut suojelemaan ja puolustamaan meit\u00e4 kaikkia sivustollasi esitettyj\u00e4 v\u00e4itteit\u00e4 vastaan. Mill\u00e4\u00e4n verkkosivustolla ei saa n\u00e4ky\u00e4 linkkej\u00e4, jotka voidaan tulkita herjaavaksi, s\u00e4\u00e4dytt\u00f6m\u00e4ksi, rikolliseksi tai jotka loukkaavat tai loukkaavat kolmannen osapuolen oikeuksia tai puoltavat niiden loukkaamista.<\/p>\n<p>Oikeuksien varaus:<br \/>Pid\u00e4t\u00e4mme oikeutemme pyyt\u00e4\u00e4 sinua poistamaan kaikki linkit tai linkit, jotka ohjaavat verkkosivustollemme. Suostut poistamaan v\u00e4litt\u00f6m\u00e4sti kaikki linkit verkkosivustollemme pyydett\u00e4ess\u00e4. Pid\u00e4t\u00e4mme my\u00f6s oikeuden muuttaa ja muuttaa n\u00e4it\u00e4 ehtoja milloin tahansa. L\u00e4hett\u00e4m\u00e4ll\u00e4 jatkuvasti linkkej\u00e4 verkkosivustollemme sitoudut noudattamaan n\u00e4it\u00e4 linkitysehtoja.<\/p>\n<p>Sivustollemme l\u00e4hetettyjen linkkien poistaminen:<br \/>Jos l\u00f6yd\u00e4t verkkosivustoltamme jonkin linkin, joka on jollain tavalla loukkaavaa, voit vapaasti ottaa meihin yhteytt\u00e4 ja ilmoittaa meille ongelmasta milloin tahansa. K\u00e4sittelemme linkkien poistopyynn\u00f6t, mutta meill\u00e4 ei ole velvollisuutta poistaa linkkej\u00e4 verkkosivustollemme tai vastata suoraan pyynt\u00f6\u00f6si.<\/p>\n<p>Emme takaa, ett\u00e4 t\u00e4ll\u00e4 sivustolla olevat tiedot ovat oikeita. Emme takaa sis\u00e4ll\u00f6n t\u00e4ydellisyytt\u00e4 tai tarkkuutta. Emme takaa, ett\u00e4 verkkosivusto pysyy saatavilla tai ett\u00e4 verkkosivustolla oleva materiaali pidet\u00e4\u00e4n ajan tasalla.<\/p>\n<p>Vastuuvapauslauseke:<br \/>Lain sallimissa rajoissa suljemme pois kaikki esitykset, takuut ja ehdot, jotka liittyv\u00e4t verkkosivustoomme ja t\u00e4m\u00e4n verkkosivuston k\u00e4ytt\u00f6\u00f6n. Mik\u00e4\u00e4n t\u00e4ss\u00e4 vastuuvapauslausekkeessa ei tarkoita:<\/p>\n<p>rajoittaa tai sulkea pois meid\u00e4n tai sinun vastuusi kuolemasta tai henkil\u00f6vahingosta;<br \/>rajoittaa tai sulkea pois meid\u00e4n tai sinun vastuusi petoksesta tai vilpillisest\u00e4 harhaanjohtamisesta;<br \/>rajoittaa meid\u00e4n tai sinun vastuutasi mill\u00e4\u00e4n tavalla, joka ei ole lain mukaan sallittua;<br \/>sulje pois kaikki sinun tai meid\u00e4n vastuumme, joita ei voida sulkea pois sovellettavan lain mukaan.<br \/>T\u00e4ss\u00e4 osiossa ja muualla t\u00e4ss\u00e4 lausunnossa luetellut vastuun rajoitukset ja kiellot: (a) ovat edellisen kappaleen alaisia; ja (b) s\u00e4\u00e4telev\u00e4t kaikkia ilmoituksesta johtuvia vastuita, mukaan lukien sopimuksesta, vahingonkorvausoikeudesta ja lakis\u00e4\u00e4teisten velvoitteiden rikkomisesta johtuvat vastuut.<\/p>\n<p>Niin kauan kuin verkkosivusto ja sen tiedot ja palvelut tarjotaan ilmaiseksi, emme ole vastuussa mist\u00e4\u00e4n menetyksist\u00e4 tai vahingoista.<\/p>\n<\/div><\/div><\/div><\/div><\/div><\/div><\/div><\/div>","protected":false},"excerpt":{"rendered":"","protected":false},"author":244,"featured_media":0,"parent":0,"menu_order":0,"comment_status":"closed","ping_status":"closed","template":"","meta":{"footnotes":""},"class_list":["post-835","page","type-page","status-publish"],"_links":{"self":[{"href":"https:\/\/menteinformada.com\/fi\/wp-json\/wp\/v2\/pages\/835","targetHints":{"allow":["GET"]}}],"collection":[{"href":"https:\/\/menteinformada.com\/fi\/wp-json\/wp\/v2\/pages"}],"about":[{"href":"https:\/\/menteinformada.com\/fi\/wp-json\/wp\/v2\/types\/page"}],"author":[{"embeddable":true,"href":"https:\/\/menteinformada.com\/fi\/wp-json\/wp\/v2\/users\/244"}],"replies":[{"embeddable":true,"href":"https:\/\/menteinformada.com\/fi\/wp-json\/wp\/v2\/comments?post=835"}],"version-history":[{"count":4,"href":"https:\/\/menteinformada.com\/fi\/wp-json\/wp\/v2\/pages\/835\/revisions"}],"predecessor-version":[{"id":3719,"href":"https:\/\/menteinformada.com\/fi\/wp-json\/wp\/v2\/pages\/835\/revisions\/3719"}],"wp:attachment":[{"href":"https:\/\/menteinformada.com\/fi\/wp-json\/wp\/v2\/media?parent=835"}],"curies":[{"name":"wp","href":"https:\/\/api.w.org\/{rel}","templated":true}]}}