{"id":835,"date":"2023-01-23T04:40:14","date_gmt":"2023-01-23T04:40:14","guid":{"rendered":"https:\/\/menteinformada.com\/?page_id=835"},"modified":"2023-04-16T22:45:50","modified_gmt":"2023-04-16T22:45:50","slug":"conditions-dutilisation","status":"publish","type":"page","link":"https:\/\/menteinformada.com\/fr\/termos-de-uso\/","title":{"rendered":"Conditions d&#039;utilisation"},"content":{"rendered":"<div id=\"tdi_1\" class=\"tdc-zone\"><div class=\"tdc_zone tdi_2  wpb_row td-pb-row\"  >\n<style scoped>\n\/* custom css - generated by TagDiv Composer *\/\n\n\/* custom css - generated by TagDiv Composer *\/\n.tdi_2{\r\n                    min-height: 0;\r\n                }\n<\/style><div id=\"tdi_3\" class=\"tdc-row\"><div class=\"vc_row tdi_4  wpb_row td-pb-row\" >\n<style scoped>\n\/* custom css - generated by TagDiv Composer *\/\n\n\/* custom css - generated by TagDiv Composer *\/\n.tdi_4,\r\n                .tdi_4 .tdc-columns{\r\n                    min-height: 0;\r\n                }.tdi_4,\r\n\t\t\t\t.tdi_4 .tdc-columns{\r\n\t\t\t\t    display: block;\r\n\t\t\t\t}.tdi_4 .tdc-columns{\r\n\t\t\t\t    width: 100%;\r\n\t\t\t\t}.tdi_4:before,\r\n\t\t\t\t.tdi_4:after{\r\n\t\t\t\t    display: table;\r\n\t\t\t\t}\n<\/style><div class=\"vc_column tdi_6  wpb_column vc_column_container tdc-column td-pb-span12\">\n<style scoped>\n\/* custom css - generated by TagDiv Composer *\/\n\n\/* custom css - generated by TagDiv Composer *\/\n.tdi_6{\r\n                    vertical-align: baseline;\r\n                }.tdi_6 > .wpb_wrapper,\r\n\t\t\t\t.tdi_6 > .wpb_wrapper > .tdc-elements{\r\n\t\t\t\t    display: block;\r\n\t\t\t\t}.tdi_6 > .wpb_wrapper > .tdc-elements{\r\n\t\t\t\t    width: 100%;\r\n\t\t\t\t}.tdi_6 > .wpb_wrapper > .vc_row_inner{\r\n\t\t\t\t    width: auto;\r\n\t\t\t\t}.tdi_6 > .wpb_wrapper{\r\n\t\t\t\t    width: auto;\r\n\t\t\t\t    height: auto;\r\n\t\t\t\t}\n<\/style><div class=\"wpb_wrapper\" ><div class=\"td_block_wrap td_block_text_with_title tdi_7 tagdiv-type td-pb-border-top td_block_template_1\"  data-td-block-uid=\"tdi_7\" >\n<style>\n\/* custom css - generated by TagDiv Composer *\/\n.td_block_text_with_title{\r\n                  margin-bottom: 44px;\r\n                  -webkit-transform: translateZ(0);\r\n                  transform: translateZ(0);\r\n                }.td_block_text_with_title p:last-child{\r\n                  margin-bottom: 0;\r\n                }\n<\/style><div class=\"td-block-title-wrap\"><\/div><div class=\"td_mod_wrap td-fix-index\"><p>Termes et conditions d&#039;utilisation<br \/>Bienvenue dans l&#039;esprit inform\u00e9\u00a0!<br \/>Les pr\u00e9sentes conditions d\u00e9crivent les r\u00e8gles d&#039;utilisation du site Internet de la soci\u00e9t\u00e9 Mente Informada, situ\u00e9 \u00e0 l&#039;adresse https:\/\/menteinformada.com\/.<\/p>\n<p>En acc\u00e9dant \u00e0 ce site, nous supposons que vous acceptez les termes et conditions ci-dessous. Ne continuez pas \u00e0 utiliser Mente Informada si vous n&#039;\u00eates pas d&#039;accord avec les termes et conditions d\u00e9crits dans cet accord.<\/p>\n<p>Biscuits:<br \/>Le site Web utilise des cookies pour aider \u00e0 personnaliser votre exp\u00e9rience Internet. En acc\u00e9dant au site Web de Mente Informada, vous acceptez l&#039;utilisation des cookies requis.<\/p>\n<p>Les cookies sont des fichiers texte plac\u00e9s sur votre disque dur par un serveur de pages Web. Les cookies ne sont pas autoris\u00e9s \u00e0 ex\u00e9cuter des programmes ou \u00e0 transf\u00e9rer des virus sur votre ordinateur. Les cookies vous sont associ\u00e9s de mani\u00e8re unique et ne peuvent \u00eatre lus que par le serveur Web du domaine qui a \u00e9mis le cookie.<\/p>\n<p>Nous pouvons utiliser des cookies pour collecter, stocker ou suivre des informations \u00e0 des fins statistiques et marketing sur notre site Web. Vous avez la possibilit\u00e9 d&#039;accepter ou de refuser les cookies facultatifs. Certains cookies obligatoires sont n\u00e9cessaires au fonctionnement de notre site Web. Ces cookies obligatoires n\u00e9cessitent votre consentement. Veuillez garder \u00e0 l&#039;esprit qu&#039;en acceptant les cookies obligatoires, vous acceptez \u00e9galement les cookies tiers, qui peuvent \u00eatre utilis\u00e9s par des tiers si vous utilisez les services qu&#039;ils fournissent sur notre site Web - par exemple, une fen\u00eatre de lecture vid\u00e9o fournie par des soci\u00e9t\u00e9s tierces et int\u00e9gr\u00e9s \u00e0 notre site Web.<\/p>\n<p>Licence:<br \/>Sauf indication contraire, Mente Informed et ses conc\u00e9dants ont droit \u00e0 la propri\u00e9t\u00e9 intellectuelle de tout le mat\u00e9riel publi\u00e9 sur Mente Informed. Tous les droits de propri\u00e9t\u00e9 intellectuelle sont r\u00e9serv\u00e9s.<\/p>\n<p>Vous n&#039;\u00eates pas autoris\u00e9 \u00e0:<\/p>\n<p>Copier ou republier des documents de Mente Informed<br \/>Vendre, louer ou sous-louer du mat\u00e9riel de Mente Informed<br \/>Reproduire, dupliquer ou copier des documents de Mente Informada<br \/>Redistribuer le contenu Mente Informed<br \/>Le pr\u00e9sent accord entrera en vigueur \u00e0 compter de la date actuelle.<\/p>\n<p>Certaines parties de ce site offrent \u00e0 l&#039;utilisateur la possibilit\u00e9 de publier et de discuter d&#039;opinions et d&#039;informations dans certains domaines. Informed Mind ne filtre pas, ne modifie pas, ne publie pas ou ne r\u00e9vise pas les commentaires avant qu&#039;ils ne soient pr\u00e9sent\u00e9s sur le site. Les commentaires refl\u00e8tent le point de vue de la personne qui les publie. Dans la mesure o\u00f9 la loi applicable le permet, Informed Mind n&#039;est pas l\u00e9galement responsable des commentaires ou de tout dommage, risque ou d\u00e9pense caus\u00e9 ou encouru \u00e0 la suite de l&#039;utilisation et\/ou de la publication et\/ou de l&#039;apparition des commentaires sur ce site Web.<\/p>\n<p>Informed Mind se r\u00e9serve le droit de supprimer tout commentaire pouvant \u00eatre consid\u00e9r\u00e9 comme inappropri\u00e9, offensant ou contraire aux conditions g\u00e9n\u00e9rales de ce contrat.<\/p>\n<p>Vous d\u00e9clarez et garantissez que\u00a0:<\/p>\n<p>Vous avez le droit de publier des commentaires sur notre site Web et disposez de toutes les licences et autorisations pour le faire\u00a0;<br \/>Vos commentaires n&#039;envahissent aucune propri\u00e9t\u00e9 intellectuelle, y compris les droits d&#039;auteur, brevets ou marques de commerce de tiers\u00a0;<br \/>Vos commentaires ne contiennent pas de mat\u00e9riel diffamatoire, calomnieux, offensant, ind\u00e9cent ou autrement ill\u00e9gal, ce qui constitue une atteinte \u00e0 la vie priv\u00e9e.<br \/>Vos Commentaires ne seront pas utilis\u00e9s pour solliciter ou promouvoir des affaires ou pour pr\u00e9senter des activit\u00e9s commerciales ou des activit\u00e9s ill\u00e9gales.<br \/>Par la pr\u00e9sente, vous accordez \u00e0 Informed Mind une licence non exclusive pour utiliser, reproduire, \u00e9diter et autoriser d&#039;autres personnes \u00e0 utiliser, reproduire ou \u00e9diter n&#039;importe lequel de vos commentaires sous toutes formes, formats et supports.<\/p>\n<p>Cr\u00e9er des liens vers notre contenu<br \/>Les organisations suivantes peuvent cr\u00e9er un lien vers notre site sans autorisation \u00e9crite pr\u00e9alable\u00a0:<\/p>\n<p>Organismes gouvernementaux;<br \/>Moteurs de recherche;<br \/>Organisations m\u00e9diatiques\u00a0;<br \/>Les distributeurs d&#039;annuaires en ligne peuvent cr\u00e9er un lien vers notre site de la m\u00eame mani\u00e8re qu&#039;ils renvoient vers les sites d&#039;autres soci\u00e9t\u00e9s cot\u00e9es\u00a0; C&#039;est<br \/>Les soci\u00e9t\u00e9s accr\u00e9dit\u00e9es, autres que les organisations de collecte de fonds \u00e0 but non lucratif et les groupes de collecte de fonds caritatifs, ne peuvent pas cr\u00e9er de lien vers notre site sans autorisation pr\u00e9alable.<br \/>Ces organisations peuvent publier des liens vers notre page d&#039;accueil, des publications ou d&#039;autres informations sur le Site, \u00e0 condition que le lien : (a) ne soit en aucun cas trompeur ; (b) n&#039;implique pas faussement l&#039;existence d&#039;un parrainage, d&#039;une approbation ou d&#039;une approbation de nos produits et\/ou services\u00a0; et (c) est appropri\u00e9 au contexte dans lequel il est ins\u00e9r\u00e9.<\/p>\n<p>Nous pouvons examiner et approuver les demandes de lien faites par les types d&#039;organisations suivants\u00a0:<\/p>\n<p>des sources d&#039;information bien connues sur les produits et les entreprises\u00a0;<br \/>sites communautaires point-com\u00a0;<br \/>associations et autres groupes repr\u00e9sentant des organismes de bienfaisance;<br \/>distributeurs d&#039;annuaires en ligne;<br \/>portails Internet;<br \/>cabinets comptables, juridiques et de conseil; C&#039;est<br \/>les \u00e9tablissements d&#039;enseignement et les associations de classe.<br \/>Nous approuverons les demandes de lien faites par les types d&#039;organisations \u00e9num\u00e9r\u00e9s ci-dessus si nous estimons que\u00a0: (a) le lien n&#039;est pas d\u00e9favorable \u00e0 notre image et\/ou \u00e0 l&#039;image des entreprises accr\u00e9dit\u00e9es\u00a0; (b) l&#039;organisation demandeuse n&#039;a pas d&#039;ant\u00e9c\u00e9dents n\u00e9gatifs avec nous ; (c) le b\u00e9n\u00e9fice que nous tirons de la visibilit\u00e9 du lien compense l&#039;absence de Mente Informed ; et (d) le lien sera plac\u00e9 dans un contexte informatif g\u00e9n\u00e9ral.<\/p>\n<p>Ces organisations peuvent publier des liens vers notre page d&#039;accueil \u00e0 condition que le lien : (a) ne soit en aucun cas trompeur ; (b) n&#039;implique pas faussement l&#039;existence d&#039;un parrainage, d&#039;une approbation ou d&#039;une approbation de nos produits et\/ou services\u00a0; et (c) est appropri\u00e9 au contexte dans lequel il est ins\u00e9r\u00e9.<\/p>\n<p>Si vous repr\u00e9sentez l&#039;une des organisations \u00e9num\u00e9r\u00e9es au paragraphe 2 ci-dessus et que vous souhaitez publier un lien vers notre site Web, vous devez nous informer de votre int\u00e9r\u00eat en envoyant un e-mail \u00e0 Mente Informed. Veuillez inclure votre nom, le nom de votre organisation et vos coordonn\u00e9es, ainsi que l&#039;URL de votre site Web, une liste des URL de notre site Web que vous avez l&#039;intention d&#039;utiliser comme liens et une liste des sites Web sur lesquels vous avez l&#039;intention de publier nos URL. . Veuillez pr\u00e9voir entre 2 et 3 semaines pour recevoir une r\u00e9ponse.<\/p>\n<p>Les organisations approuv\u00e9es peuvent publier des liens vers notre site des mani\u00e8res suivantes\u00a0:<\/p>\n<p>Utiliser notre d\u00e9nomination sociale\u00a0; ou<br \/>Utiliser l&#039;URL vers laquelle le lien redirige\u00a0; ou<br \/>Utiliser toute autre description de notre site qui a du sens dans le contexte et le format du contenu auquel le lien est ins\u00e9r\u00e9.<br \/>L&#039;utilisation ou la publication de liens vers le logo et\/ou d&#039;autres \u00e9l\u00e9ments visuels d&#039;Informed Mind ne sera pas autoris\u00e9e sans un accord de licence pour l&#039;utilisation de la marque.<\/p>\n<p>Responsabilit\u00e9 du contenu\u00a0:<br \/>Nous ne serons pas l\u00e9galement responsables de tout contenu qui appara\u00eet sur votre site. Vous acceptez de nous prot\u00e9ger et de nous d\u00e9fendre contre toutes les r\u00e9clamations qui sont soulev\u00e9es sur votre site. Aucun lien ne doit appara\u00eetre sur un Site qui pourrait \u00eatre interpr\u00e9t\u00e9 comme diffamatoire, obsc\u00e8ne, criminel, ou qui enfreint, viole ou pr\u00f4ne la violation des droits d&#039;autrui.<\/p>\n<p>R\u00e9serve de droits\u00a0:<br \/>Nous nous r\u00e9servons le droit de vous demander de supprimer tous les liens ou tout lien redirigeant vers notre site Web. Vous acceptez de supprimer imm\u00e9diatement tous les liens vers notre site Web une fois la suppression demand\u00e9e. Nous nous r\u00e9servons \u00e9galement le droit de modifier et de modifier ces termes et conditions \u00e0 tout moment. En publiant continuellement des liens vers notre site, vous acceptez d&#039;\u00eatre li\u00e9 par ces termes et conditions de liens.<\/p>\n<p>Suppression des liens publi\u00e9s sur notre site Web\u00a0:<br \/>Si vous trouvez un lien sur notre site qui est offensant de quelque mani\u00e8re que ce soit, vous \u00eates libre de nous contacter et de nous informer du probl\u00e8me \u00e0 tout moment. Nous examinerons les demandes de suppression de liens, mais nous ne sommes pas tenus de supprimer des liens de notre site ou de r\u00e9pondre directement \u00e0 votre demande.<\/p>\n<p>Nous ne garantissons pas que les informations contenues sur ce site sont correctes. Nous ne garantissons pas l&#039;exhaustivit\u00e9 ou l&#039;exactitude du contenu. Nous ne garantissons pas que le site restera disponible ou que le mat\u00e9riel sur le site restera \u00e0 jour.<\/p>\n<p>Clause de non-responsabilit\u00e9\u00a0:<br \/>Dans la mesure maximale permise par la loi, nous excluons toutes les repr\u00e9sentations, garanties et conditions relatives \u00e0 notre site Web et \u00e0 votre utilisation de ce site Web. Rien dans cette clause de non-responsabilit\u00e9\u00a0:<\/p>\n<p>limiter ou exclure notre responsabilit\u00e9 ou votre responsabilit\u00e9 en cas de d\u00e9c\u00e8s ou de blessure corporelle\u00a0;<br \/>limiter ou exclure notre responsabilit\u00e9 ou votre responsabilit\u00e9 en cas de fraude ou de fausse d\u00e9claration frauduleuse\u00a0;<br \/>limiter notre responsabilit\u00e9 ou votre responsabilit\u00e9 d&#039;une mani\u00e8re non autoris\u00e9e par la loi\u00a0;<br \/>exclure toute responsabilit\u00e9 de votre part ou de la n\u00f4tre qui ne peut \u00eatre exclue en vertu de la loi applicable.<br \/>Les limitations et interdictions de responsabilit\u00e9 \u00e9num\u00e9r\u00e9es dans cette section et ailleurs dans cette d\u00e9claration : (a) sont soumises au paragraphe pr\u00e9c\u00e9dent\u00a0; et (b) r\u00e9gissent toutes les responsabilit\u00e9s d\u00e9coulant de la d\u00e9claration, y compris les responsabilit\u00e9s d\u00e9coulant d&#039;un contrat, d&#039;un d\u00e9lit et d&#039;une violation d&#039;obligations l\u00e9gales.<\/p>\n<p>Bien que le site Web et les informations et services sur le site Web soient offerts gratuitement, nous ne serons pas responsables des pertes ou dommages de quelque nature que ce soit.<\/p>\n<\/div><\/div><\/div><\/div><\/div><\/div><\/div><\/div>","protected":false},"excerpt":{"rendered":"","protected":false},"author":244,"featured_media":0,"parent":0,"menu_order":0,"comment_status":"closed","ping_status":"closed","template":"","meta":{"footnotes":""},"class_list":["post-835","page","type-page","status-publish"],"_links":{"self":[{"href":"https:\/\/menteinformada.com\/fr\/wp-json\/wp\/v2\/pages\/835","targetHints":{"allow":["GET"]}}],"collection":[{"href":"https:\/\/menteinformada.com\/fr\/wp-json\/wp\/v2\/pages"}],"about":[{"href":"https:\/\/menteinformada.com\/fr\/wp-json\/wp\/v2\/types\/page"}],"author":[{"embeddable":true,"href":"https:\/\/menteinformada.com\/fr\/wp-json\/wp\/v2\/users\/244"}],"replies":[{"embeddable":true,"href":"https:\/\/menteinformada.com\/fr\/wp-json\/wp\/v2\/comments?post=835"}],"version-history":[{"count":4,"href":"https:\/\/menteinformada.com\/fr\/wp-json\/wp\/v2\/pages\/835\/revisions"}],"predecessor-version":[{"id":3719,"href":"https:\/\/menteinformada.com\/fr\/wp-json\/wp\/v2\/pages\/835\/revisions\/3719"}],"wp:attachment":[{"href":"https:\/\/menteinformada.com\/fr\/wp-json\/wp\/v2\/media?parent=835"}],"curies":[{"name":"wp","href":"https:\/\/api.w.org\/{rel}","templated":true}]}}