{"id":835,"date":"2023-01-23T04:40:14","date_gmt":"2023-01-23T04:40:14","guid":{"rendered":"https:\/\/menteinformada.com\/?page_id=835"},"modified":"2023-04-16T22:45:50","modified_gmt":"2023-04-16T22:45:50","slug":"uvjeti-koristenja","status":"publish","type":"page","link":"https:\/\/menteinformada.com\/hr\/termos-de-uso\/","title":{"rendered":"Uvjeti kori\u0161tenja"},"content":{"rendered":"<div id=\"tdi_1\" class=\"tdc-zone\"><div class=\"tdc_zone tdi_2  wpb_row td-pb-row\"  >\n<style scoped>\n\/* custom css - generated by TagDiv Composer *\/\n\n\/* custom css - generated by TagDiv Composer *\/\n.tdi_2{\r\n                    min-height: 0;\r\n                }\n<\/style><div id=\"tdi_3\" class=\"tdc-row\"><div class=\"vc_row tdi_4  wpb_row td-pb-row\" >\n<style scoped>\n\/* custom css - generated by TagDiv Composer *\/\n\n\/* custom css - generated by TagDiv Composer *\/\n.tdi_4,\r\n                .tdi_4 .tdc-columns{\r\n                    min-height: 0;\r\n                }.tdi_4,\r\n\t\t\t\t.tdi_4 .tdc-columns{\r\n\t\t\t\t    display: block;\r\n\t\t\t\t}.tdi_4 .tdc-columns{\r\n\t\t\t\t    width: 100%;\r\n\t\t\t\t}.tdi_4:before,\r\n\t\t\t\t.tdi_4:after{\r\n\t\t\t\t    display: table;\r\n\t\t\t\t}\n<\/style><div class=\"vc_column tdi_6  wpb_column vc_column_container tdc-column td-pb-span12\">\n<style scoped>\n\/* custom css - generated by TagDiv Composer *\/\n\n\/* custom css - generated by TagDiv Composer *\/\n.tdi_6{\r\n                    vertical-align: baseline;\r\n                }.tdi_6 > .wpb_wrapper,\r\n\t\t\t\t.tdi_6 > .wpb_wrapper > .tdc-elements{\r\n\t\t\t\t    display: block;\r\n\t\t\t\t}.tdi_6 > .wpb_wrapper > .tdc-elements{\r\n\t\t\t\t    width: 100%;\r\n\t\t\t\t}.tdi_6 > .wpb_wrapper > .vc_row_inner{\r\n\t\t\t\t    width: auto;\r\n\t\t\t\t}.tdi_6 > .wpb_wrapper{\r\n\t\t\t\t    width: auto;\r\n\t\t\t\t    height: auto;\r\n\t\t\t\t}\n<\/style><div class=\"wpb_wrapper\" ><div class=\"td_block_wrap td_block_text_with_title tdi_7 tagdiv-type td-pb-border-top td_block_template_1\"  data-td-block-uid=\"tdi_7\" >\n<style>\n\/* custom css - generated by TagDiv Composer *\/\n.td_block_text_with_title{\r\n                  margin-bottom: 44px;\r\n                  -webkit-transform: translateZ(0);\r\n                  transform: translateZ(0);\r\n                }.td_block_text_with_title p:last-child{\r\n                  margin-bottom: 0;\r\n                }\n<\/style><div class=\"td-block-title-wrap\"><\/div><div class=\"td_mod_wrap td-fix-index\"><p>Pravila i uvjeti kori\u0161tenja<br \/>Dobrodo\u0161li u Informed Mind!<br \/>Ovi uvjeti opisuju pravila kori\u0161tenja web stranice tvrtke Mente Informada koja se nalazi na adresi https:\/\/menteinformada.com\/.<\/p>\n<p>Pristupom ovoj stranici pretpostavljamo da se sla\u017eete s dolje navedenim uvjetima i odredbama. Nemojte nastaviti koristiti Mente Informada ako se ne sla\u017eete s odredbama i uvjetima opisanim u ovom ugovoru.<\/p>\n<p>Kola\u010di\u0107i:<br \/>Web stranica koristi kola\u010di\u0107e za personalizaciju va\u0161eg internetskog iskustva. Pristupom web stranici Mente Informada pristajete na kori\u0161tenje obaveznih kola\u010di\u0107a.<\/p>\n<p>Kola\u010di\u0107i su tekstualne datoteke koje na va\u0161 tvrdi disk postavlja poslu\u017eitelj web stranice. Kola\u010di\u0107ima nije dopu\u0161teno pokretanje programa ili prijenos virusa na va\u0161e ra\u010dunalo. Kola\u010di\u0107i su jedinstveno povezani s vama i mo\u017ee ih pro\u010ditati samo web poslu\u017eitelj za domenu koja je izdala kola\u010di\u0107.<\/p>\n<p>Mo\u017eemo koristiti kola\u010di\u0107e za prikupljanje, pohranjivanje ili pra\u0107enje informacija u statisti\u010dke i marketin\u0161ke svrhe na na\u0161oj web stranici. Imate mogu\u0107nost prihvatiti ili odbiti neobavezne kola\u010di\u0107e. Postoje neki obvezni kola\u010di\u0107i koji su nu\u017eni za funkcioniranje na\u0161e web stranice. Za ove obavezne kola\u010di\u0107e potreban je va\u0161 pristanak. Imajte na umu da prihva\u0107anjem obaveznih kola\u010di\u0107a tako\u0111er prihva\u0107ate kola\u010di\u0107e tre\u0107e strane, koje mogu koristiti tre\u0107e strane ako koristite usluge koje one pru\u017eaju na na\u0161oj web stranici \u2013 na primjer, prozor za reprodukciju videozapisa koji pru\u017eaju tvrtke tre\u0107e strane i integrirani u na\u0161u web stranicu.<\/p>\n<p>Licenca:<br \/>Osim ako nije druga\u010dije navedeno, Mente Informed i njegovi davatelji licence imaju pravo na intelektualno vlasni\u0161tvo u svim materijalima objavljenim na Mente Informed. Sva prava intelektualnog vlasni\u0161tva su pridr\u017eana.<\/p>\n<p>Nije vam dopu\u0161teno:<\/p>\n<p>Kopirajte ili ponovno objavite materijale s Mente Informed<br \/>Prodajte, iznajmljujte ili podzakupljujte materijale tvrtke Mente Informed<br \/>Reproducirajte, umno\u017eavajte ili kopirajte materijale s Mente Informada<br \/>Redistribuirajte Mente informirani sadr\u017eaj<br \/>Ovaj Ugovor stupa na snagu od sada\u0161njeg datuma.<\/p>\n<p>Dijelovi ove stranice nude korisniku mogu\u0107nost postavljanja i raspravljanja mi\u0161ljenja i informacija u odre\u0111enim podru\u010djima. Informed Mind ne filtrira, ure\u0111uje, objavljuje niti pregledava komentare prije nego \u0161to se pojave na stranici. Komentari odra\u017eavaju stavove osobe koja ih objavljuje. U mjeri u kojoj va\u017ee\u0107i zakon dopu\u0161ta, Informed Mind nije zakonski odgovoran za komentare ili bilo kakvu \u0161tetu, rizike ili tro\u0161kove uzrokovane ili nastale kao rezultat kori\u0161tenja, i\/ili objavljivanja i\/ili izgleda komentara na ovoj stranici.<\/p>\n<p>Informed Mind zadr\u017eava pravo ukloniti sve komentare koji se mogu smatrati neprikladnim, uvredljivim ili kr\u0161e odredbe i uvjete ovog ugovora.<\/p>\n<p>Izjavljujete i jam\u010dite da:<\/p>\n<p>Imate pravo objavljivati komentare na na\u0161oj web stranici i imate sve licence i suglasnosti za to;<br \/>Va\u0161i komentari ne zadiru u intelektualno vlasni\u0161tvo, uklju\u010duju\u0107i autorska prava, patente ili za\u0161titne znakove tre\u0107ih strana;<br \/>Va\u0161i komentari ne sadr\u017ee materijal koji je klevetni\u010dki, klevetni\u010dki, uvredljiv, nepristojan ili na bilo koji drugi na\u010din nezakonit, \u0161to predstavlja zadiranje u privatnost.<br \/>Va\u0161i se komentari ne\u0107e koristiti za tra\u017eenje ili promicanje poslovanja ili predstavljanje komercijalnih aktivnosti ili nezakonitih aktivnosti.<br \/>Ovime dajete Informed Mind-u neisklju\u010divu licencu za kori\u0161tenje, reprodukciju, ure\u0111ivanje i ovla\u0161\u0107ivanje drugih da koriste, reproduciraju ili ure\u0111uju bilo koji od va\u0161ih komentara u bilo kojem i svim oblicima, formatima i medijima.<\/p>\n<p>Izrada poveznica na na\u0161 sadr\u017eaj<br \/>Sljede\u0107e organizacije mogu se povezati na na\u0161e web mjesto bez prethodnog pismenog odobrenja:<\/p>\n<p>Vladine agencije;<br \/>Tra\u017eilice;<br \/>Medijske organizacije;<br \/>Distributeri internetskih imenika mogu se povezati na na\u0161e web-mjesto na isti na\u010din na koji se povezuju na web-mjesta drugih uvr\u0161tenih tvrtki; to je<br \/>Ovla\u0161tene tvrtke, osim neprofitnih organizacija za prikupljanje sredstava i dobrotvornih grupa za prikupljanje sredstava, ne smiju se povezivati na na\u0161u stranicu bez prethodnog odobrenja.<br \/>Ove organizacije mogu objavljivati poveznice na na\u0161u po\u010detnu stranicu, publikacije ili druge informacije na Stranici, pod uvjetom da veza: (a) ni na koji na\u010din ne dovodi u zabludu; (b) ne implicira la\u017eno postojanje sponzorstva, podr\u0161ke ili odobrenja na\u0161ih proizvoda i\/ili usluga; i (c) odgovara kontekstu u koji se ume\u0107e.<\/p>\n<p>Mo\u017eemo razmotriti i odobriti zahtjeve za povezivanje sljede\u0107ih vrsta organizacija:<\/p>\n<p>dobro poznati izvori informacija o proizvodima i poslovima;<br \/>stranice dot-com zajednice;<br \/>udruge i druge skupine koje predstavljaju dobrotvorne organizacije;<br \/>distributeri online imenika;<br \/>internetski portali;<br \/>ra\u010dunovodstvene, odvjetni\u010dke i konzultantske tvrtke; to je<br \/>obrazovne ustanove i razredne udruge.<br \/>Odobrit \u0107emo zahtjeve za povezivanje gore navedenih vrsta organizacija ako vjerujemo da: (a) poveznica nije nepovoljna za na\u0161u sliku i\/ili sliku ovla\u0161tenih tvrtki; (b) organizacija koja podnosi zahtjev nema negativnu povijest kod nas; (c) korist koju dobivamo od vidljivosti veze nadokna\u0111uje odsutnost Mente Informed; i (d) poveznica \u0107e biti postavljena u op\u0107i informativni kontekst.<\/p>\n<p>Ove organizacije mogu postavljati poveznice na na\u0161u po\u010detnu stranicu pod uvjetom da poveznica: (a) ni na koji na\u010din ne dovodi u zabludu; (b) ne implicira la\u017eno postojanje sponzorstva, potvrde ili odobrenja na\u0161ih proizvoda i\/ili usluga; i (c) odgovara kontekstu u koji se ume\u0107e.<\/p>\n<p>Ako predstavljate jednu od organizacija navedenih u stavku 2. gore i zainteresirani ste za postavljanje poveznice na na\u0161u web stranicu, morate nas obavijestiti o svom interesu slanjem e-po\u0161te na Mente Informed. Uklju\u010dite svoje ime, naziv svoje organizacije i svoje podatke za kontakt, kao i URL va\u0161e web stranice, popis URL-ova na na\u0161oj web stranici koje namjeravate koristiti kao poveznice i popis web stranica na kojima namjeravate objaviti na\u0161e URL-ove . Pri\u010dekajte izme\u0111u 2 i 3 tjedna da primite odgovor.<\/p>\n<p>Odobrene organizacije mogu postavljati poveznice na na\u0161u stranicu na sljede\u0107e na\u010dine:<\/p>\n<p>Kori\u0161tenje naziva na\u0161e tvrtke; ili<br \/>Kori\u0161tenje URL-a na koji veza preusmjerava; ili<br \/>Kori\u0161tenje bilo kojeg drugog opisa na\u0161e stranice koji ima smisla unutar konteksta i formata sadr\u017eaja na koji se ume\u0107e poveznica.<br \/>Kori\u0161tenje ili objavljivanje poveznica na logotip i\/ili druge vizualne elemente Informed Mind-a ne\u0107e biti dopu\u0161teno bez licencnog ugovora za kori\u0161tenje za\u0161titnog znaka.<\/p>\n<p>Odgovornost za sadr\u017eaj:<br \/>Ne\u0107emo biti zakonski odgovorni za bilo kakav sadr\u017eaj koji se pojavi na va\u0161oj stranici. Sla\u017eete se da \u0107ete nas \u0161tititi i braniti od svih tvrdnji koje se postavljaju na va\u0161oj stranici. Niti jedna poveznica ne smije se pojaviti na bilo kojoj stranici koja bi se mogla protuma\u010diti kao klevetni\u010dka, opscena, kriminalna ili koja kr\u0161i, kr\u0161i ili zagovara kr\u0161enje prava drugih.<\/p>\n<p>Zadr\u017eavanje prava:<br \/>Zadr\u017eavamo pravo zatra\u017eiti da uklonite sve poveznice ili poveznice koje preusmjeravaju na na\u0161u web stranicu. Sla\u017eete se da \u0107ete odmah ukloniti sve veze na na\u0161u web stranicu nakon \u0161to se zatra\u017ei uklanjanje. Tako\u0111er zadr\u017eavamo pravo izmjene i dopune ovih uvjeta i odredbi u bilo kojem trenutku. Kontinuiranim postavljanjem poveznica na na\u0161u stranicu, sla\u017eete se s ovim uvjetima povezivanja.<\/p>\n<p>Uklanjanje poveznica objavljenih na na\u0161oj web stranici:<br \/>Ako prona\u0111ete bilo koju poveznicu na na\u0161oj stranici koja je na bilo koji na\u010din uvredljiva, slobodni ste nas kontaktirati i obavijestiti nas o problemu u bilo kojem trenutku. Razmotrit \u0107emo zahtjeve za uklanjanje poveznica, ali nemamo obvezu ukloniti bilo koje poveznice s na\u0161e stranice ili izravno odgovoriti na va\u0161 zahtjev.<\/p>\n<p>Ne jam\u010dimo da su informacije sadr\u017eane na ovoj stranici to\u010dne. Ne jam\u010dimo cjelovitost ili to\u010dnost sadr\u017eaja. Ne jam\u010dimo da \u0107e stranica ostati dostupna ili da \u0107e materijal na stranici ostati a\u017euran.<\/p>\n<p>Odricanje od odgovornosti:<br \/>U najve\u0107oj mjeri dopu\u0161tenoj zakonom, isklju\u010dujemo sve izjave, jamstva i uvjete koji se odnose na na\u0161u web stranicu i va\u0161e kori\u0161tenje ove web stranice. Ni\u0161ta u ovom odricanju odgovornosti ne\u0107e:<\/p>\n<p>ograni\u010diti ili isklju\u010diti na\u0161u ili va\u0161u odgovornost za smrt ili osobnu ozljedu;<br \/>ograni\u010diti ili isklju\u010diti na\u0161u odgovornost ili va\u0161u odgovornost za prijevaru ili la\u017eno predstavljanje;<br \/>ograni\u010diti na\u0161u ili va\u0161u odgovornost na bilo koji na\u010din koji nije dopu\u0161ten zakonom;<br \/>isklju\u010diti bilo kakvu odgovornost s va\u0161e ili na\u0161e strane koja se ne mo\u017ee isklju\u010diti prema primjenjivom zakonu.<br \/>Ograni\u010denja i zabrane odgovornosti navedene u ovom odjeljku i drugdje u ovoj izjavi: (a) podlije\u017eu prethodnom paragrafu; i (b) upravljati svim obvezama koje proizlaze iz izjave, uklju\u010duju\u0107i obveze proiza\u0161le iz ugovora, delikta i kr\u0161enja zakonskih obveza.<\/p>\n<p>Iako su web mjesto te informacije i usluge na web mjestu ponu\u0111eni besplatno, ne\u0107emo biti odgovorni za gubitak ili \u0161tetu bilo koje vrste.<\/p>\n<\/div><\/div><\/div><\/div><\/div><\/div><\/div><\/div>","protected":false},"excerpt":{"rendered":"","protected":false},"author":244,"featured_media":0,"parent":0,"menu_order":0,"comment_status":"closed","ping_status":"closed","template":"","meta":{"footnotes":""},"class_list":["post-835","page","type-page","status-publish"],"_links":{"self":[{"href":"https:\/\/menteinformada.com\/hr\/wp-json\/wp\/v2\/pages\/835","targetHints":{"allow":["GET"]}}],"collection":[{"href":"https:\/\/menteinformada.com\/hr\/wp-json\/wp\/v2\/pages"}],"about":[{"href":"https:\/\/menteinformada.com\/hr\/wp-json\/wp\/v2\/types\/page"}],"author":[{"embeddable":true,"href":"https:\/\/menteinformada.com\/hr\/wp-json\/wp\/v2\/users\/244"}],"replies":[{"embeddable":true,"href":"https:\/\/menteinformada.com\/hr\/wp-json\/wp\/v2\/comments?post=835"}],"version-history":[{"count":4,"href":"https:\/\/menteinformada.com\/hr\/wp-json\/wp\/v2\/pages\/835\/revisions"}],"predecessor-version":[{"id":3719,"href":"https:\/\/menteinformada.com\/hr\/wp-json\/wp\/v2\/pages\/835\/revisions\/3719"}],"wp:attachment":[{"href":"https:\/\/menteinformada.com\/hr\/wp-json\/wp\/v2\/media?parent=835"}],"curies":[{"name":"radni list","href":"https:\/\/api.w.org\/{rel}","templated":true}]}}