{"id":835,"date":"2023-01-23T04:40:14","date_gmt":"2023-01-23T04:40:14","guid":{"rendered":"https:\/\/menteinformada.com\/?page_id=835"},"modified":"2023-04-16T22:45:50","modified_gmt":"2023-04-16T22:45:50","slug":"hasznalati-feltetelek","status":"publish","type":"page","link":"https:\/\/menteinformada.com\/hu\/termos-de-uso\/","title":{"rendered":"Haszn\u00e1lati felt\u00e9telek"},"content":{"rendered":"<div id=\"tdi_1\" class=\"tdc-zone\"><div class=\"tdc_zone tdi_2  wpb_row td-pb-row\"  >\n<style scoped>\n\/* custom css - generated by TagDiv Composer *\/\n\n\/* custom css - generated by TagDiv Composer *\/\n.tdi_2{\r\n                    min-height: 0;\r\n                }\n<\/style><div id=\"tdi_3\" class=\"tdc-row\"><div class=\"vc_row tdi_4  wpb_row td-pb-row\" >\n<style scoped>\n\/* custom css - generated by TagDiv Composer *\/\n\n\/* custom css - generated by TagDiv Composer *\/\n.tdi_4,\r\n                .tdi_4 .tdc-columns{\r\n                    min-height: 0;\r\n                }.tdi_4,\r\n\t\t\t\t.tdi_4 .tdc-columns{\r\n\t\t\t\t    display: block;\r\n\t\t\t\t}.tdi_4 .tdc-columns{\r\n\t\t\t\t    width: 100%;\r\n\t\t\t\t}.tdi_4:before,\r\n\t\t\t\t.tdi_4:after{\r\n\t\t\t\t    display: table;\r\n\t\t\t\t}\n<\/style><div class=\"vc_column tdi_6  wpb_column vc_column_container tdc-column td-pb-span12\">\n<style scoped>\n\/* custom css - generated by TagDiv Composer *\/\n\n\/* custom css - generated by TagDiv Composer *\/\n.tdi_6{\r\n                    vertical-align: baseline;\r\n                }.tdi_6 > .wpb_wrapper,\r\n\t\t\t\t.tdi_6 > .wpb_wrapper > .tdc-elements{\r\n\t\t\t\t    display: block;\r\n\t\t\t\t}.tdi_6 > .wpb_wrapper > .tdc-elements{\r\n\t\t\t\t    width: 100%;\r\n\t\t\t\t}.tdi_6 > .wpb_wrapper > .vc_row_inner{\r\n\t\t\t\t    width: auto;\r\n\t\t\t\t}.tdi_6 > .wpb_wrapper{\r\n\t\t\t\t    width: auto;\r\n\t\t\t\t    height: auto;\r\n\t\t\t\t}\n<\/style><div class=\"wpb_wrapper\" ><div class=\"td_block_wrap td_block_text_with_title tdi_7 tagdiv-type td-pb-border-top td_block_template_1\"  data-td-block-uid=\"tdi_7\" >\n<style>\n\/* custom css - generated by TagDiv Composer *\/\n.td_block_text_with_title{\r\n                  margin-bottom: 44px;\r\n                  -webkit-transform: translateZ(0);\r\n                  transform: translateZ(0);\r\n                }.td_block_text_with_title p:last-child{\r\n                  margin-bottom: 0;\r\n                }\n<\/style><div class=\"td-block-title-wrap\"><\/div><div class=\"td_mod_wrap td-fix-index\"><p>Felhaszn\u00e1l\u00e1si felt\u00e9telek<br \/>\u00dcdv\u00f6z\u00f6lj\u00fck az Informed Mindben!<br \/>Jelen felt\u00e9telek a Mente Informada t\u00e1rsas\u00e1g https:\/\/menteinformada.com\/ weboldal\u00e1nak haszn\u00e1lat\u00e1ra vonatkoz\u00f3 szab\u00e1lyokat \u00edrj\u00e1k le.<\/p>\n<p>Az oldal megnyit\u00e1s\u00e1val felt\u00e9telezz\u00fck, hogy elfogadja az al\u00e1bbi felt\u00e9teleket. Ne haszn\u00e1lja tov\u00e1bb a Mente Informada szolg\u00e1ltat\u00e1st, ha nem \u00e9rt egyet a jelen szerz\u0151d\u00e9sben le\u00edrt felt\u00e9telekkel.<\/p>\n<p>Cookie-k:<br \/>A weboldal cookie-kat haszn\u00e1l az internetes \u00e9lm\u00e9ny szem\u00e9lyre szab\u00e1sa \u00e9rdek\u00e9ben. A Mente Informada weboldal\u00e1nak megnyit\u00e1s\u00e1val \u00d6n hozz\u00e1j\u00e1rul a sz\u00fcks\u00e9ges cookie-k haszn\u00e1lat\u00e1hoz.<\/p>\n<p>A cookie-k sz\u00f6veges f\u00e1jlok, amelyeket egy weblapszerver helyez el a merevlemezen. A cookie-k nem futtathatnak programokat vagy nem tov\u00e1bb\u00edthatnak v\u00edrusokat az \u00d6n sz\u00e1m\u00edt\u00f3g\u00e9p\u00e9re. A cookie-k egyedileg kapcsol\u00f3dnak \u00d6nh\u00f6z, \u00e9s csak a cookie-t kibocs\u00e1t\u00f3 domain webszervere tudja elolvasni.<\/p>\n<p>Cookie-kat haszn\u00e1lhatunk statisztikai \u00e9s marketing c\u00e9l\u00fa inform\u00e1ci\u00f3k gy\u0171jt\u00e9s\u00e9re, t\u00e1rol\u00e1s\u00e1ra vagy nyomon k\u00f6vet\u00e9s\u00e9re weboldalunkon. Lehet\u0151s\u00e9ge van az opcion\u00e1lis cookie-k elfogad\u00e1s\u00e1ra vagy elutas\u00edt\u00e1s\u00e1ra. Vannak olyan k\u00f6telez\u0151 cookie-k, amelyek sz\u00fcks\u00e9gesek weboldalunk m\u0171k\u00f6d\u00e9s\u00e9hez. Ezekhez a k\u00f6telez\u0151 s\u00fctikhez az \u00d6n hozz\u00e1j\u00e1rul\u00e1sa sz\u00fcks\u00e9ges. K\u00e9rj\u00fck, ne feledje, hogy a k\u00f6telez\u0151 cookie-k elfogad\u00e1s\u00e1val harmadik f\u00e9lt\u0151l sz\u00e1rmaz\u00f3 cookie-kat is elfogad, amelyeket harmadik felek haszn\u00e1lhatnak fel, ha \u00d6n weboldalunkon az \u00e1ltaluk ny\u00fajtott szolg\u00e1ltat\u00e1sokat veszi ig\u00e9nybe \u2013 p\u00e9ld\u00e1ul egy k\u00fcls\u0151 c\u00e9gek \u00e1ltal biztos\u00edtott \u00e9s a weboldalunkba integr\u00e1lt vide\u00f3lej\u00e1tsz\u00e1si ablakot.<\/p>\n<p>Enged\u00e9ly:<br \/>Elt\u00e9r\u0151 rendelkez\u00e9s hi\u00e1ny\u00e1ban a Mente Informed \u00e9s licencad\u00f3i szellemi tulajdonra jogosultak a Mente Informeden k\u00f6zz\u00e9tett \u00f6sszes anyagban. Minden szellemi tulajdonjog fenntartva.<\/p>\n<p>Tilos:<\/p>\n<p>M\u00e1solja vagy tegye \u00fajra k\u00f6zz\u00e9 a Mente Informed anyagait<br \/>A Mente Informed anyagainak elad\u00e1sa, b\u00e9rbead\u00e1sa vagy alb\u00e9rlete<br \/>A Mente Informada anyagainak reproduk\u00e1l\u00e1sa, sokszoros\u00edt\u00e1sa vagy m\u00e1sol\u00e1sa<br \/>A Mente T\u00e1j\u00e9kozott tartalmak \u00fajraterjeszt\u00e9se<br \/>Ez a meg\u00e1llapod\u00e1s a mai napon l\u00e9p hat\u00e1lyba.<\/p>\n<p>A webhely egyes r\u00e9szei lehet\u0151s\u00e9get k\u00edn\u00e1lnak a felhaszn\u00e1l\u00f3nak, hogy bizonyos ter\u00fcleteken v\u00e9lem\u00e9nyeket \u00e9s inform\u00e1ci\u00f3kat k\u00f6z\u00f6lj\u00f6n \u00e9s megvitasson. Az Informed Mind nem sz\u0171ri, szerkeszti, nem teszi k\u00f6zz\u00e9 vagy n\u00e9zi \u00e1t a megjegyz\u00e9seket, miel\u0151tt azok megjelenn\u00e9nek a webhelyen. A megjegyz\u00e9sek az \u0151ket k\u00f6zz\u00e9tev\u0151 szem\u00e9ly n\u00e9zeteit t\u00fckr\u00f6zik. Amennyiben az alkalmazand\u00f3 jogszab\u00e1lyok megengedik, az Informed Mind nem v\u00e1llal jogi felel\u0151ss\u00e9get a Hozz\u00e1sz\u00f3l\u00e1sok\u00e9rt, illetve a Hozz\u00e1sz\u00f3l\u00e1sok ezen a weboldalon t\u00f6rt\u00e9n\u0151 felhaszn\u00e1l\u00e1s\u00e1b\u00f3l \u00e9s\/vagy k\u00f6zz\u00e9t\u00e9tel\u00e9b\u0151l \u00e9s\/vagy megjelen\u00e9s\u00e9b\u0151l ered\u0151 k\u00e1rok\u00e9rt, kock\u00e1zatok\u00e9rt vagy kiad\u00e1sok\u00e9rt.<\/p>\n<p>Az Informed Mind fenntartja a jogot, hogy elt\u00e1vol\u00edtson minden olyan megjegyz\u00e9st, amely nem megfelel\u0151, s\u00e9rt\u0151 vagy s\u00e9rti a jelen szerz\u0151d\u00e9s felt\u00e9teleit.<\/p>\n<p>\u00d6n kijelenti \u00e9s szavatolja, hogy:<\/p>\n<p>\u00d6nnek jog\u00e1ban \u00e1ll megjegyz\u00e9seket k\u00f6zz\u00e9tenni a weboldalunkon, \u00e9s rendelkeznie kell minden enged\u00e9llyel \u00e9s hozz\u00e1j\u00e1rul\u00e1ssal ehhez;<br \/>Hozz\u00e1sz\u00f3l\u00e1sai nem s\u00e9rtenek semmilyen szellemi tulajdont, bele\u00e9rtve a harmadik felek szerz\u0151i jogait, szabadalmait vagy v\u00e9djegyeit;<br \/>Hozz\u00e1sz\u00f3l\u00e1sai nem tartalmaznak r\u00e1galmaz\u00f3, r\u00e1galmaz\u00f3, s\u00e9rt\u0151, illetlen vagy egy\u00e9b m\u00f3don t\u00f6rv\u00e9nys\u00e9rt\u0151 anyagokat, amelyek s\u00e9rtik a mag\u00e1n\u00e9letet.<br \/>Hozz\u00e1sz\u00f3l\u00e1sait nem haszn\u00e1ljuk fel \u00fczleti tev\u00e9kenys\u00e9g \u00f6szt\u00f6nz\u00e9s\u00e9re vagy n\u00e9pszer\u0171s\u00edt\u00e9s\u00e9re, illetve kereskedelmi vagy illeg\u00e1lis tev\u00e9kenys\u00e9gek bemutat\u00e1s\u00e1ra.<br \/>\u00d6n ezennel nem kiz\u00e1r\u00f3lagos enged\u00e9lyt ad az Informed Mindnek arra, hogy felhaszn\u00e1lja, reproduk\u00e1lja, szerkessze, \u00e9s felhatalmazza m\u00e1sokat arra, hogy b\u00e1rmilyen form\u00e1ban, form\u00e1tumban \u00e9s m\u00e9di\u00e1ban felhaszn\u00e1lj\u00e1k, reproduk\u00e1lj\u00e1k vagy szerkessz\u00e9k az \u00d6n megjegyz\u00e9seit.<\/p>\n<p>Linkek l\u00e9trehoz\u00e1sa a tartalomra<br \/>A k\u00f6vetkez\u0151 szervezetek el\u0151zetes \u00edr\u00e1sbeli enged\u00e9ly n\u00e9lk\u00fcl hivatkozhatnak oldalunkra:<\/p>\n<p>Korm\u00e1nyzati szervek;<br \/>Keres\u0151 motorok;<br \/>M\u00e9diaszervezetek;<br \/>Az online c\u00edmjegyz\u00e9k-terjeszt\u0151k ugyan\u00fagy hivatkozhatnak webhely\u00fcnkre, mint m\u00e1s jegyzett t\u00e1rsas\u00e1gok webhelyeire; Ez<br \/>A nonprofit adom\u00e1nygy\u0171jt\u0151 szervezetekt\u0151l \u00e9s j\u00f3t\u00e9konys\u00e1gi adom\u00e1nygy\u0171jt\u0151 csoportokt\u00f3l elt\u00e9r\u0151 akkredit\u00e1lt v\u00e1llalatok el\u0151zetes j\u00f3v\u00e1hagy\u00e1s n\u00e9lk\u00fcl nem hivatkozhatnak webhely\u00fcnkre.<br \/>Ezek a szervezetek linkeket helyezhetnek el honlapunkra, kiadv\u00e1nyainkra vagy egy\u00e9b inform\u00e1ci\u00f3kra az Oldalon, felt\u00e9ve, hogy a hivatkoz\u00e1s: (a) semmilyen m\u00f3don nem f\u00e9lrevezet\u0151; (b) nem utal hamisan term\u00e9keink \u00e9s\/vagy szolg\u00e1ltat\u00e1saink szponzor\u00e1ci\u00f3j\u00e1nak, t\u00e1mogat\u00e1s\u00e1nak vagy j\u00f3v\u00e1hagy\u00e1s\u00e1nak megl\u00e9t\u00e9re; \u00e9s (c) megfelel a sz\u00f6vegk\u00f6rnyezetnek, amelybe beillesztik.<\/p>\n<p>A k\u00f6vetkez\u0151 t\u00edpus\u00fa szervezetek \u00e1ltal beny\u00fajtott \u00f6sszekapcsol\u00e1si k\u00e9relmeket m\u00e9rlegelhetj\u00fck \u00e9s j\u00f3v\u00e1hagyhatjuk:<\/p>\n<p>j\u00f3l ismert inform\u00e1ci\u00f3forr\u00e1sok a term\u00e9kekr\u0151l \u00e9s a v\u00e1llalkoz\u00e1sokr\u00f3l;<br \/>dot-com k\u00f6z\u00f6ss\u00e9gi oldalak;<br \/>j\u00f3t\u00e9konys\u00e1gi szervezeteket k\u00e9pvisel\u0151 egyes\u00fcletek \u00e9s egy\u00e9b csoportok;<br \/>online c\u00edmjegyz\u00e9k-terjeszt\u0151k;<br \/>internetes port\u00e1lok;<br \/>sz\u00e1mviteli, jogi \u00e9s tan\u00e1csad\u00f3 c\u00e9gek; Ez<br \/>oktat\u00e1si int\u00e9zm\u00e9nyek \u00e9s oszt\u00e1lysz\u00f6vets\u00e9gek.<br \/>J\u00f3v\u00e1hagyjuk a fent felsorolt t\u00edpus\u00fa szervezetek \u00e1ltal beny\u00fajtott linkel\u00e9si k\u00e9relmeket, ha \u00fagy gondoljuk, hogy: (a) a link nem k\u00e1ros a mi im\u00e1zsunkra \u00e9s\/vagy az akkredit\u00e1lt v\u00e1llalatokr\u00f3l alkotott k\u00e9pre; (b) a k\u00e9relmez\u0151 szervezetnek nincs negat\u00edv m\u00faltja vel\u00fcnk; (c) az a haszon, amelyet a link l\u00e1that\u00f3s\u00e1g\u00e1b\u00f3l nyer\u00fcnk, kompenz\u00e1lja a Mente Informed hi\u00e1ny\u00e1t; \u00e9s (d) a linket \u00e1ltal\u00e1nos t\u00e1j\u00e9koztat\u00f3 kontextusba helyezz\u00fck.<\/p>\n<p>Ezek a szervezetek linkeket helyezhetnek el honlapunkra, amennyiben a link: (a) semmilyen m\u00f3don nem f\u00e9lrevezet\u0151; (b) nem utal hamisan term\u00e9keink \u00e9s\/vagy szolg\u00e1ltat\u00e1saink szponzor\u00e1ci\u00f3j\u00e1nak, t\u00e1mogat\u00e1s\u00e1nak vagy j\u00f3v\u00e1hagy\u00e1s\u00e1nak megl\u00e9t\u00e9re; \u00e9s (c) megfelel a sz\u00f6vegk\u00f6rnyezetnek, amelybe beillesztik.<\/p>\n<p>Ha \u00d6n a fenti (2) bekezd\u00e9sben felsorolt szervezetek valamelyik\u00e9t k\u00e9pviseli, \u00e9s szeretne egy linket elhelyezni weboldalunkra, akkor \u00e9rdekl\u0151d\u00e9s\u00e9r\u0151l a Mente Informed e-mailben kell \u00e9rtes\u00edtenie benn\u00fcnket. K\u00e9rj\u00fck, adja meg nev\u00e9t, szervezete nev\u00e9t \u00e9s el\u00e9rhet\u0151s\u00e9gi adatait, valamint webhelye URL-j\u00e9t, a webhely\u00fcnk\u00f6n tal\u00e1lhat\u00f3 URL-ek list\u00e1j\u00e1t, amelyeket linkk\u00e9nt k\u00edv\u00e1n haszn\u00e1lni, valamint azon webhelyek list\u00e1j\u00e1t, amelyeken el k\u00edv\u00e1nja helyezni URL-jeinket. K\u00e9rj\u00fck, v\u00e1rjon 2\u20133 hetet, am\u00edg meg\u00e9rkezik a v\u00e1lasz.<\/p>\n<p>A j\u00f3v\u00e1hagyott szervezetek a k\u00f6vetkez\u0151 m\u00f3dokon helyezhetnek el linkeket a webhely\u00fcnkre:<\/p>\n<p>V\u00e1llalati nev\u00fcnk haszn\u00e1lata; vagy<br \/>Az URL haszn\u00e1lata, ahov\u00e1 a link \u00e1tir\u00e1ny\u00edt; vagy<br \/>A Webhely\u00fcnk b\u00e1rmely m\u00e1s le\u00edr\u00e1s\u00e1nak haszn\u00e1lata, amely annak a tartalomnak a kontextus\u00e1ban \u00e9s form\u00e1tum\u00e1ban, amelyre a hivatkoz\u00e1st beilleszti, logikus.<br \/>Az Informed Mind log\u00f3j\u00e1ra \u00e9s\/vagy egy\u00e9b vizu\u00e1lis elemeire mutat\u00f3 linkek haszn\u00e1lata vagy k\u00f6zz\u00e9t\u00e9tele a v\u00e9djegy haszn\u00e1lat\u00e1ra vonatkoz\u00f3 licencszerz\u0151d\u00e9s n\u00e9lk\u00fcl nem megengedett.<\/p>\n<p>Felel\u0151ss\u00e9g a tartalom\u00e9rt:<br \/>Nem v\u00e1llalunk jogi felel\u0151ss\u00e9get a webhely\u00e9n megjelen\u0151 tartalom\u00e9rt. \u00d6n beleegyezik abba, hogy megv\u00e9d \u00e9s megv\u00e9d minket minden olyan k\u00f6vetel\u00e9ssel szemben, amely az \u00d6n webhely\u00e9n mer\u00fcl fel. A Weboldalon nem jelenhet meg olyan link, amely becs\u00fclets\u00e9rt\u0151nek, obszc\u00e9nnek, b\u0171n\u00f6z\u0151nek tekinthet\u0151, vagy amely s\u00e9rti, s\u00e9rti vagy t\u00e1mogatja m\u00e1sok jogainak megs\u00e9rt\u00e9s\u00e9t.<\/p>\n<p>Jogok fenntart\u00e1sa:<br \/>Fenntartjuk magunknak a jogunkat arra, hogy megk\u00e9rj\u00fck, hogy t\u00e1vol\u00edtson el minden linket, vagy olyan hivatkoz\u00e1st, amely a weboldalunkra ir\u00e1ny\u00edt \u00e1t. \u00d6n beleegyezik abba, hogy az elt\u00e1vol\u00edt\u00e1s k\u00e9r\u00e9s\u00e9t k\u00f6vet\u0151en azonnal elt\u00e1vol\u00edtja a weboldalunkra mutat\u00f3 linkeket. Fenntartjuk tov\u00e1bb\u00e1 a jogot arra, hogy jelen felt\u00e9teleket b\u00e1rmikor m\u00f3dos\u00edtsuk \u00e9s m\u00f3dos\u00edtsuk. Az oldalunkra mutat\u00f3 hivatkoz\u00e1sok folyamatos k\u00f6zz\u00e9t\u00e9tel\u00e9vel \u00d6n mag\u00e1ra n\u00e9zve k\u00f6telez\u0151nek ismeri el a jelen linkel\u00e9si felt\u00e9teleket.<\/p>\n<p>Weboldalunkon elhelyezett linkek elt\u00e1vol\u00edt\u00e1sa:<br \/>Ha olyan hivatkoz\u00e1st tal\u00e1l az oldalunkon, amely b\u00e1rmilyen m\u00f3don s\u00e9rt\u0151, b\u00e1rmikor felveheti vel\u00fcnk a kapcsolatot, \u00e9s \u00e9rtes\u00edthet minket a probl\u00e9m\u00e1r\u00f3l. Figyelembe vessz\u00fck a linkek elt\u00e1vol\u00edt\u00e1s\u00e1ra ir\u00e1nyul\u00f3 k\u00e9r\u00e9seket, de nem vagyunk k\u00f6telesek elt\u00e1vol\u00edtani semmilyen hivatkoz\u00e1st webhely\u00fcnkr\u0151l, vagy k\u00f6zvetlen\u00fcl v\u00e1laszolni az \u00d6n k\u00e9r\u00e9s\u00e9re.<\/p>\n<p>Nem garant\u00e1ljuk, hogy az ezen az oldalon tal\u00e1lhat\u00f3 inform\u00e1ci\u00f3k helyt\u00e1ll\u00f3ak. A tartalom teljess\u00e9g\u00e9\u00e9rt vagy pontoss\u00e1g\u00e1\u00e9rt nem v\u00e1llalunk garanci\u00e1t. Nem garant\u00e1ljuk, hogy az oldal el\u00e9rhet\u0151 marad, vagy hogy az oldalon tal\u00e1lhat\u00f3 anyagok naprak\u00e9szek maradnak.<\/p>\n<p>Felel\u0151ss\u00e9g kiz\u00e1r\u00e1sa:<br \/>A t\u00f6rv\u00e9ny \u00e1ltal megengedett maxim\u00e1lis m\u00e9rt\u00e9kig kiz\u00e1runk minden olyan nyilatkozatot, szavatoss\u00e1got \u00e9s felt\u00e9telt, amely a weboldalunkkal \u00e9s a weboldal \u00d6n \u00e1ltali haszn\u00e1lat\u00e1val kapcsolatos. Ebben a felel\u0151ss\u00e9gkiz\u00e1r\u00e1sban semmi sem:<\/p>\n<p>korl\u00e1tozza vagy kiz\u00e1rja felel\u0151ss\u00e9g\u00fcnket vagy az \u00d6n felel\u0151ss\u00e9g\u00e9t a hal\u00e1l vagy szem\u00e9lyi s\u00e9r\u00fcl\u00e9s eset\u00e9n;<br \/>korl\u00e1tozza vagy kiz\u00e1rja felel\u0151ss\u00e9g\u00fcnket vagy az \u00d6n felel\u0151ss\u00e9g\u00e9t csal\u00e1s\u00e9rt vagy csal\u00e1rd f\u00e9lrevezet\u00e9s\u00e9rt;<br \/>korl\u00e1tozza felel\u0151ss\u00e9g\u00fcnket vagy az \u00d6n felel\u0151ss\u00e9g\u00e9t a t\u00f6rv\u00e9ny \u00e1ltal meg nem engedett m\u00f3don;<br \/>kiz\u00e1r minden olyan k\u00f6telezetts\u00e9get \u00d6nt\u0151l vagy t\u0151l\u00fcnk, amely a vonatkoz\u00f3 jogszab\u00e1lyok szerint nem z\u00e1rhat\u00f3 ki.<br \/>Az ebben a szakaszban \u00e9s a nyilatkozatban m\u00e1shol felsorolt felel\u0151ss\u00e9gi korl\u00e1toz\u00e1sok \u00e9s tilalmak: (a) az el\u0151z\u0151 bekezd\u00e9s hat\u00e1lya al\u00e1 tartoznak; \u00e9s (b) szab\u00e1lyozza a nyilatkozatb\u00f3l ered\u0151 \u00f6sszes k\u00f6telezetts\u00e9get, bele\u00e9rtve a szerz\u0151d\u00e9sb\u0151l, k\u00e1rokoz\u00e1sb\u00f3l \u00e9s a jogi k\u00f6telezetts\u00e9gek megszeg\u00e9s\u00e9b\u0151l ered\u0151 k\u00f6telezetts\u00e9geket.<\/p>\n<p>B\u00e1r a weboldal, valamint a weboldalon tal\u00e1lhat\u00f3 inform\u00e1ci\u00f3k \u00e9s szolg\u00e1ltat\u00e1sok ingyenesek, nem v\u00e1llalunk felel\u0151ss\u00e9get semmilyen vesztes\u00e9g\u00e9rt vagy k\u00e1r\u00e9rt.<\/p>\n<\/div><\/div><\/div><\/div><\/div><\/div><\/div><\/div>","protected":false},"excerpt":{"rendered":"","protected":false},"author":244,"featured_media":0,"parent":0,"menu_order":0,"comment_status":"closed","ping_status":"closed","template":"","meta":{"footnotes":""},"class_list":["post-835","page","type-page","status-publish"],"_links":{"self":[{"href":"https:\/\/menteinformada.com\/hu\/wp-json\/wp\/v2\/pages\/835","targetHints":{"allow":["GET"]}}],"collection":[{"href":"https:\/\/menteinformada.com\/hu\/wp-json\/wp\/v2\/pages"}],"about":[{"href":"https:\/\/menteinformada.com\/hu\/wp-json\/wp\/v2\/types\/page"}],"author":[{"embeddable":true,"href":"https:\/\/menteinformada.com\/hu\/wp-json\/wp\/v2\/users\/244"}],"replies":[{"embeddable":true,"href":"https:\/\/menteinformada.com\/hu\/wp-json\/wp\/v2\/comments?post=835"}],"version-history":[{"count":4,"href":"https:\/\/menteinformada.com\/hu\/wp-json\/wp\/v2\/pages\/835\/revisions"}],"predecessor-version":[{"id":3719,"href":"https:\/\/menteinformada.com\/hu\/wp-json\/wp\/v2\/pages\/835\/revisions\/3719"}],"wp:attachment":[{"href":"https:\/\/menteinformada.com\/hu\/wp-json\/wp\/v2\/media?parent=835"}],"curies":[{"name":"munkaf\u00fczet","href":"https:\/\/api.w.org\/{rel}","templated":true}]}}