{"id":835,"date":"2023-01-23T04:40:14","date_gmt":"2023-01-23T04:40:14","guid":{"rendered":"https:\/\/menteinformada.com\/?page_id=835"},"modified":"2023-04-16T22:45:50","modified_gmt":"2023-04-16T22:45:50","slug":"naudojimo-salygos","status":"publish","type":"page","link":"https:\/\/menteinformada.com\/lt\/termos-de-uso\/","title":{"rendered":"Naudojimo s\u0105lygos"},"content":{"rendered":"<div id=\"tdi_1\" class=\"tdc-zone\"><div class=\"tdc_zone tdi_2  wpb_row td-pb-row\"  >\n<style scoped>\n\/* custom css - generated by TagDiv Composer *\/\n\n\/* custom css - generated by TagDiv Composer *\/\n.tdi_2{\r\n                    min-height: 0;\r\n                }\n<\/style><div id=\"tdi_3\" class=\"tdc-row\"><div class=\"vc_row tdi_4  wpb_row td-pb-row\" >\n<style scoped>\n\/* custom css - generated by TagDiv Composer *\/\n\n\/* custom css - generated by TagDiv Composer *\/\n.tdi_4,\r\n                .tdi_4 .tdc-columns{\r\n                    min-height: 0;\r\n                }.tdi_4,\r\n\t\t\t\t.tdi_4 .tdc-columns{\r\n\t\t\t\t    display: block;\r\n\t\t\t\t}.tdi_4 .tdc-columns{\r\n\t\t\t\t    width: 100%;\r\n\t\t\t\t}.tdi_4:before,\r\n\t\t\t\t.tdi_4:after{\r\n\t\t\t\t    display: table;\r\n\t\t\t\t}\n<\/style><div class=\"vc_column tdi_6  wpb_column vc_column_container tdc-column td-pb-span12\">\n<style scoped>\n\/* custom css - generated by TagDiv Composer *\/\n\n\/* custom css - generated by TagDiv Composer *\/\n.tdi_6{\r\n                    vertical-align: baseline;\r\n                }.tdi_6 > .wpb_wrapper,\r\n\t\t\t\t.tdi_6 > .wpb_wrapper > .tdc-elements{\r\n\t\t\t\t    display: block;\r\n\t\t\t\t}.tdi_6 > .wpb_wrapper > .tdc-elements{\r\n\t\t\t\t    width: 100%;\r\n\t\t\t\t}.tdi_6 > .wpb_wrapper > .vc_row_inner{\r\n\t\t\t\t    width: auto;\r\n\t\t\t\t}.tdi_6 > .wpb_wrapper{\r\n\t\t\t\t    width: auto;\r\n\t\t\t\t    height: auto;\r\n\t\t\t\t}\n<\/style><div class=\"wpb_wrapper\" ><div class=\"td_block_wrap td_block_text_with_title tdi_7 tagdiv-type td-pb-border-top td_block_template_1\"  data-td-block-uid=\"tdi_7\" >\n<style>\n\/* custom css - generated by TagDiv Composer *\/\n.td_block_text_with_title{\r\n                  margin-bottom: 44px;\r\n                  -webkit-transform: translateZ(0);\r\n                  transform: translateZ(0);\r\n                }.td_block_text_with_title p:last-child{\r\n                  margin-bottom: 0;\r\n                }\n<\/style><div class=\"td-block-title-wrap\"><\/div><div class=\"td_mod_wrap td-fix-index\"><p>Naudojimo s\u0105lygos ir s\u0105lygos<br \/>Sveiki atvyk\u0119 \u012f Informuot\u0105 prot\u0105!<br \/>\u0160iose s\u0105lygose apra\u0161omos naudojimosi \u012fmon\u0117s \u201eMente Informada\u201c interneto svetaine, esan\u010dios adresu https:\/\/menteinformada.com\/, taisykl\u0117s.<\/p>\n<p>Apsilank\u0119 \u0161ioje svetain\u0117je manome, kad sutinkate su toliau pateiktomis s\u0105lygomis. Nesinaudokite Mente Informada, jei nesutinkate su \u0161ioje sutartyje apra\u0161ytomis s\u0105lygomis.<\/p>\n<p>Slapukai:<br \/>Svetain\u0117 naudoja slapukus, kad pad\u0117t\u0173 suasmeninti j\u016bs\u0173 interneto patirt\u012f. Prisijungdami prie \u201eMente Informada\u201c svetain\u0117s, sutinkate, kad b\u016bt\u0173 naudojami reikalingi slapukai.<\/p>\n<p>Slapukai yra tekstiniai failai, kuriuos tinklalapio serveris \u012fkelia \u012f j\u016bs\u0173 stand\u0173j\u012f disk\u0105. Slapukai neleid\u017eia paleisti program\u0173 ar perkelti virus\u0173 \u012f j\u016bs\u0173 kompiuter\u012f. Slapukai yra unikaliai susieti su jumis ir juos gali nuskaityti tik slapuk\u0105 i\u0161leidusio domeno \u017einiatinklio serveris.<\/p>\n<p>Mes galime naudoti slapukus nor\u0117dami rinkti, saugoti ar sekti informacij\u0105 statistikos ir rinkodaros tikslais m\u016bs\u0173 svetain\u0117je. J\u016bs turite galimyb\u0119 priimti arba atmesti pasirenkamus slapukus. Yra keletas privalom\u0173 slapuk\u0173, kurie b\u016btini, kad m\u016bs\u0173 svetain\u0117 veikt\u0173. \u0160iems privalomiems slapukams reikalingas j\u016bs\u0173 sutikimas. Atminkite, kad priimdami privalomus slapukus taip pat priimate ir tre\u010di\u0173j\u0173 \u0161ali\u0173 slapukus, kuriuos gali naudoti tre\u010diosios \u0161alys, jei naudojat\u0117s j\u0173 teikiamomis paslaugomis m\u016bs\u0173 svetain\u0117je \u2013 pavyzd\u017eiui, vaizdo \u012fra\u0161\u0173 atk\u016brimo langu, kur\u012f teikia tre\u010di\u0173j\u0173 \u0161ali\u0173 \u012fmon\u0117s. ir integruota \u012f m\u016bs\u0173 svetain\u0119.<\/p>\n<p>Licencija:<br \/>I\u0161skyrus atvejus, kai nurodyta kitaip, \u201eMente Informada\u201c ir jos licencij\u0173 i\u0161dav\u0117jai turi teis\u0119 \u012f visos \u201eMente Informada\u201c paskelbtos med\u017eiagos intelektin\u0119 nuosavyb\u0119. Visos intelektin\u0117s nuosavyb\u0117s teis\u0117s yra saugomos.<\/p>\n<p>Jums neleid\u017eiama:<\/p>\n<p>Nukopijuokite arba i\u0161 naujo publikuokite med\u017eiag\u0105 i\u0161 \u201eMente Informada\u201c.<br \/>Parduokite, i\u0161sinuomokite arba subnuomokite med\u017eiagas i\u0161 \u201eMente Informada\u201c.<br \/>Atgaminti, kopijuoti arba kopijuoti med\u017eiag\u0105 i\u0161 Mente Informada<br \/>Perskirstykite turin\u012f i\u0161 \u201eMente Informada\u201c.<br \/>\u0160i sutartis \u012fsigalios nuo \u0161ios datos.<\/p>\n<p>\u0160ios svetain\u0117s dalys suteikia vartotojui galimyb\u0119 skelbti ir aptarti nuomones bei informacij\u0105 tam tikrose srityse. Informuotas protas nefiltruoja, neredaguoja, neskelbia ir neper\u017ei\u016bri komentar\u0173 prie\u0161 jiems pasirodant svetain\u0117je. Komentarai atspindi juos skelbian\u010dio asmens nuomon\u0119. Tiek, kiek leid\u017eia taikomi \u012fstatymai, \u201eMente Informada\u201c n\u0117ra teisi\u0161kai atsakinga u\u017e komentarus ar bet koki\u0105 \u017eal\u0105, rizik\u0105 ar i\u0161laidas, atsiradusias ar patirtas d\u0117l Komentar\u0173 naudojimo ir (arba) paskelbimo ir (arba) pasirodymo \u0161ioje svetain\u0117je. .<\/p>\n<p>Informed Mind pasilieka teis\u0119 pa\u0161alinti bet kokius Komentarus, kurie gali b\u016bti laikomi netinkamais, \u012f\u017eeid\u017eian\u010diais arba pa\u017eeid\u017eian\u010diais \u0161ios sutarties s\u0105lygas.<\/p>\n<p>J\u016bs parei\u0161kiate ir garantuojate, kad:<\/p>\n<p>J\u016bs turite teis\u0119 skelbti komentarus m\u016bs\u0173 svetain\u0117je ir tur\u0117ti visas licencijas bei sutikimus tai daryti;<br \/>J\u016bs\u0173 komentarai nepa\u017eeid\u017eia jokios intelektin\u0117s nuosavyb\u0117s, \u012fskaitant autori\u0173 teises, patent\u0105 ar bet kurios tre\u010diosios \u0161alies prek\u0117s \u017eenkl\u0105;<br \/>J\u016bs\u0173 komentaruose n\u0117ra \u0161mei\u017eiki\u0161kos, \u0161mei\u017eiki\u0161kos, \u012f\u017eeid\u017eian\u010dios, nepadorios ar kitaip neteis\u0117tos med\u017eiagos, kuri pa\u017eeid\u017eia privatum\u0105.<br \/>J\u016bs\u0173 komentarai nebus naudojami siekiant skatinti ar reklamuoti versl\u0105 arba pristatyti komercin\u0119 ar neteis\u0117t\u0105 veikl\u0105.<br \/>J\u016bs suteikiate \u201eMente Informada\u201c nei\u0161skirtin\u0119 licencij\u0105 naudoti, atkurti, redaguoti ir \u012fgalioti kitus naudoti, atgaminti ar redaguoti bet kokius j\u016bs\u0173 komentarus bet kokiomis formomis, formatais ir laikmenomis.<\/p>\n<p>Nuorod\u0173 \u012f m\u016bs\u0173 turin\u012f k\u016brimas<br \/>\u0160ios organizacijos gali pateikti nuorodas \u012f m\u016bs\u0173 svetain\u0119 be i\u0161ankstinio ra\u0161ti\u0161ko sutikimo:<\/p>\n<p>Vyriausyb\u0117s \u012fstaigos;<br \/>Paie\u0161kos sistemos;<br \/>\u017diniasklaidos organizacijos;<br \/>Internetini\u0173 katalog\u0173 platintojai gali pateikti hipersaitus \u012f m\u016bs\u0173 svetain\u0119 taip pat, kaip ir \u012f kit\u0173 s\u0105ra\u0161e esan\u010di\u0173 \u012fmoni\u0173 svetaines; tai yra<br \/>Akredituotos \u012fmon\u0117s, i\u0161skyrus pelno nesiekian\u010dias l\u0117\u0161\u0173 rinkimo organizacijas ir labdaros grupes, negali pateikti nuorodos \u012f m\u016bs\u0173 svetain\u0119 be i\u0161ankstinio patvirtinimo.<br \/>\u0160ios organizacijos gali skelbti nuorodas \u012f m\u016bs\u0173 pagrindin\u012f puslap\u012f, publikacijas ar kit\u0105 svetain\u0117s informacij\u0105, jei nuoroda: (a) jokiu b\u016bdu n\u0117ra klaidinanti; (b) klaidingai nenurodykite, kad su mumis yra susij\u0119 su produktais ir (arba) paslaugomis susij\u0119 r\u0117mimo, pritarimo ar patvirtinimo santykiai; ir c) atitinka kontekst\u0105, kuriame jis \u012fterpiamas.<\/p>\n<p>Galime apsvarstyti ir patvirtinti susiejimo u\u017eklausas i\u0161 \u0161i\u0173 tip\u0173 organizacij\u0173:<\/p>\n<p>gerai \u017einomi informacijos apie produktus ir versl\u0105 \u0161altiniai;<br \/>dot.com bendruomen\u0117s svetain\u0117s;<br \/>asociacijos ir kitos grup\u0117s, atstovaujan\u010dios labdaros organizacijoms;<br \/>Internetiniai katalog\u0173 platintojai;<br \/>interneto portalai;<br \/>apskaitos, teis\u0117s ir konsultacij\u0173 \u012fmon\u0117s; tai yra<br \/>ugdymo \u012fstaigos ir klasi\u0173 asociacijos.<br \/>Patvirtinsime pirmiau i\u0161vardyt\u0173 tip\u0173 organizacij\u0173 pateiktas susiejimo u\u017eklausas, jei nuspr\u0119sime, kad: (a) nuoroda n\u0117ra nepalanki m\u016bs\u0173 ir (arba) akredituot\u0173 \u012fmoni\u0173 \u012fvaizd\u017eiui; b) pra\u0161an\u010dioji organizacija neturi neigiamos istorijos su mumis; (c) nauda, kuri\u0105 gauname i\u0161 nuorodos matomumo, kompensuoja Mente Informada nebuvim\u0105; ir d) nuoroda bus pateikta bendrame informaciniame kontekste.<\/p>\n<p>\u0160ios organizacijos gali skelbti nuorodas \u012f m\u016bs\u0173 pagrindin\u012f puslap\u012f, jei nuoroda: (a) jokiu b\u016bdu n\u0117ra klaidinanti; (b) klaidingai nenurodykite, kad mes remiame, remiame arba patvirtiname produktus ir (arba) paslaugas; ir c) atitinka kontekst\u0105, kuriame jis \u012fterpiamas.<\/p>\n<p>Jei atstovaujate vienai i\u0161 2 punkte nurodyt\u0173 organizacij\u0173 ir norite patalpinti nuorod\u0105 \u012f m\u016bs\u0173 svetain\u0119, turite apie tai informuoti mus, atsi\u0173sdami el. lai\u0161k\u0105 adresu Mente Informada. \u012etraukite savo vard\u0105, savo organizacijos pavadinim\u0105 ir kontaktin\u0119 informacij\u0105, taip pat savo svetain\u0117s URL, m\u016bs\u0173 svetain\u0117s URL, \u012f kuriuos ketinate pateikti nuorodas, s\u0105ra\u0161\u0105 ir svetaini\u0173, kuriose ketinate skelbti URL. Palaukite 2\u20133 savaites, kol gausite atsakym\u0105.<\/p>\n<p>Patvirtintos organizacijos gali skelbti nuorodas \u012f m\u016bs\u0173 svetain\u0119 \u0161iais b\u016bdais:<\/p>\n<p>Naudojant m\u016bs\u0173 \u012fmon\u0117s pavadinim\u0105; arba<br \/>URL, \u012f kur\u012f nukreipia nuoroda, naudojimas; arba<br \/>Naudojant bet kok\u012f kit\u0105 m\u016bs\u0173 svetain\u0117s apra\u0161ym\u0105, kuris yra prasmingas turinio, \u012f kur\u012f \u012fterpiama nuoroda, kontekste ir formatu.<br \/>Nuorod\u0173 \u012f logotip\u0105 ir (arba) kitus \u201eMente Informada\u201c vaizdinius elementus naudoti ar skelbti be licencijos sutarties naudoti prek\u0117s \u017eenkl\u0105 nebus leid\u017eiama.<\/p>\n<p>Atsakomyb\u0117 u\u017e turin\u012f:<br \/>Mes neb\u016bsime teisi\u0161kai atsakingi u\u017e bet kok\u012f turin\u012f, rodom\u0105 j\u016bs\u0173 svetain\u0117je. J\u016bs sutinkate apsaugoti ir ginti mus nuo vis\u0173 j\u016bs\u0173 svetain\u0117je pateikt\u0173 kaltinim\u0173. Jokioje svetain\u0117je netur\u0117t\u0173 b\u016bti nuorod\u0173, kurios gali b\u016bti interpretuojamos kaip \u0161mei\u017eiki\u0161kos, nepadorios, nusikalstamos arba pa\u017eeid\u017eian\u010dios, pa\u017eeid\u017eian\u010dios arba skatinan\u010dios pa\u017eeisti tre\u010di\u0173j\u0173 \u0161ali\u0173 teises.<\/p>\n<p>Teisi\u0173 rezervavimas:<br \/>Pasiliekame teis\u0119 pra\u0161yti, kad pa\u0161alintum\u0117te visas nuorodas arba visas nuorodas, nukreipian\u010dias \u012f m\u016bs\u0173 svetain\u0119. J\u016bs sutinkate nedelsiant pa\u0161alinti visas nuorodas \u012f m\u016bs\u0173 svetain\u0119, kai pra\u0161oma pa\u0161alinti. Taip pat pasiliekame teis\u0119 bet kuriuo metu taisyti ir keisti \u0161ias s\u0105lygas. Nuolat skelbdami nuorodas \u012f m\u016bs\u0173 svetain\u0119, sutinkate laikytis \u0161i\u0173 nuorod\u0173 s\u0105lyg\u0173 ir s\u0105lyg\u0173.<\/p>\n<p>M\u016bs\u0173 svetain\u0117je paskelbt\u0173 nuorod\u0173 pa\u0161alinimas:<br \/>Jei m\u016bs\u0173 svetain\u0117je rasite koki\u0105 nors \u012f\u017eeid\u017eian\u010di\u0105 nuorod\u0105, galite bet kada susisiekti su mumis ir prane\u0161ti apie problem\u0105. Mes svarstysime pra\u0161ymus pa\u0161alinti nuorodas, ta\u010diau nesame \u012fsipareigoj\u0119 pa\u0161alinti joki\u0173 nuorod\u0173 \u012f m\u016bs\u0173 svetain\u0119 arba tiesiogiai atsakyti \u012f j\u016bs\u0173 u\u017eklaus\u0105.<\/p>\n<p>Negarantuojame, kad \u0161ioje svetain\u0117je pateikta informacija yra teisinga. Negarantuojame turinio i\u0161samumo ar tikslumo. Negarantuojame, kad svetain\u0117 i\u0161liks prieinama arba kad svetain\u0117je esanti med\u017eiaga bus nuolat atnaujinama.<\/p>\n<p>Atsisakymas:<br \/>Kiek leid\u017eia \u012fstatymai, ne\u012ftraukiame joki\u0173 parei\u0161kim\u0173, garantij\u0173 ir s\u0105lyg\u0173, susijusi\u0173 su m\u016bs\u0173 svetaine ir \u0161ios svetain\u0117s naudojimu. Niekas \u0161iame atsakomyb\u0117s atsisakyme:<\/p>\n<p>apriboti arba panaikinti m\u016bs\u0173 ar j\u016bs\u0173 atsakomyb\u0119 u\u017e mirt\u012f ar asmens su\u017ealojim\u0105;<br \/>apriboti arba pa\u0161alinti m\u016bs\u0173 arba j\u016bs\u0173 atsakomyb\u0119 u\u017e suk\u010diavim\u0105 ar apgauling\u0105 klaidinant\u012f pateikim\u0105;<br \/>apriboti m\u016bs\u0173 ar j\u016bs\u0173 atsakomyb\u0119 bet kokiu b\u016bdu, kurio neleid\u017eia \u012fstatymai;<br \/>ne\u012ftraukti joki\u0173 j\u016bs\u0173 ar m\u016bs\u0173 \u012fsipareigojim\u0173, kurie negali b\u016bti atmesti pagal galiojan\u010dius \u012fstatymus.<br \/>\u0160iame skirsnyje ir kitur \u0161iame parei\u0161kime i\u0161vardyti atsakomyb\u0117s apribojimai ir draudimai: (a) taikomi ankstesn\u0117je pastraipoje; ir b) reglamentuoja visus \u012fsipareigojimus, kylan\u010dius pagal deklaracij\u0105, \u012fskaitant \u012fsipareigojimus, kylan\u010dius i\u0161 sutarties, delikto ir d\u0117l teisini\u0173 \u012fsipareigojim\u0173 pa\u017eeidimo.<\/p>\n<p>Kol svetain\u0117 ir svetain\u0117je esanti informacija bei paslaugos bus teikiamos nemokamai, mes neatsakome u\u017e bet kokio pob\u016bd\u017eio nuostolius ar \u017eal\u0105.<\/p>\n<\/div><\/div><\/div><\/div><\/div><\/div><\/div><\/div>","protected":false},"excerpt":{"rendered":"","protected":false},"author":244,"featured_media":0,"parent":0,"menu_order":0,"comment_status":"closed","ping_status":"closed","template":"","meta":{"footnotes":""},"class_list":["post-835","page","type-page","status-publish"],"_links":{"self":[{"href":"https:\/\/menteinformada.com\/lt\/wp-json\/wp\/v2\/pages\/835","targetHints":{"allow":["GET"]}}],"collection":[{"href":"https:\/\/menteinformada.com\/lt\/wp-json\/wp\/v2\/pages"}],"about":[{"href":"https:\/\/menteinformada.com\/lt\/wp-json\/wp\/v2\/types\/page"}],"author":[{"embeddable":true,"href":"https:\/\/menteinformada.com\/lt\/wp-json\/wp\/v2\/users\/244"}],"replies":[{"embeddable":true,"href":"https:\/\/menteinformada.com\/lt\/wp-json\/wp\/v2\/comments?post=835"}],"version-history":[{"count":4,"href":"https:\/\/menteinformada.com\/lt\/wp-json\/wp\/v2\/pages\/835\/revisions"}],"predecessor-version":[{"id":3719,"href":"https:\/\/menteinformada.com\/lt\/wp-json\/wp\/v2\/pages\/835\/revisions\/3719"}],"wp:attachment":[{"href":"https:\/\/menteinformada.com\/lt\/wp-json\/wp\/v2\/media?parent=835"}],"curies":[{"name":"wp","href":"https:\/\/api.w.org\/{rel}","templated":true}]}}