{"id":835,"date":"2023-01-23T04:40:14","date_gmt":"2023-01-23T04:40:14","guid":{"rendered":"https:\/\/menteinformada.com\/?page_id=835"},"modified":"2023-04-16T22:45:50","modified_gmt":"2023-04-16T22:45:50","slug":"warunki-korzystania","status":"publish","type":"page","link":"https:\/\/menteinformada.com\/pl\/termos-de-uso\/","title":{"rendered":"Warunki korzystania"},"content":{"rendered":"<div id=\"tdi_1\" class=\"tdc-zone\"><div class=\"tdc_zone tdi_2  wpb_row td-pb-row\"  >\n<style scoped>\n\/* custom css - generated by TagDiv Composer *\/\n\n\/* custom css - generated by TagDiv Composer *\/\n.tdi_2{\r\n                    min-height: 0;\r\n                }\n<\/style><div id=\"tdi_3\" class=\"tdc-row\"><div class=\"vc_row tdi_4  wpb_row td-pb-row\" >\n<style scoped>\n\/* custom css - generated by TagDiv Composer *\/\n\n\/* custom css - generated by TagDiv Composer *\/\n.tdi_4,\r\n                .tdi_4 .tdc-columns{\r\n                    min-height: 0;\r\n                }.tdi_4,\r\n\t\t\t\t.tdi_4 .tdc-columns{\r\n\t\t\t\t    display: block;\r\n\t\t\t\t}.tdi_4 .tdc-columns{\r\n\t\t\t\t    width: 100%;\r\n\t\t\t\t}.tdi_4:before,\r\n\t\t\t\t.tdi_4:after{\r\n\t\t\t\t    display: table;\r\n\t\t\t\t}\n<\/style><div class=\"vc_column tdi_6  wpb_column vc_column_container tdc-column td-pb-span12\">\n<style scoped>\n\/* custom css - generated by TagDiv Composer *\/\n\n\/* custom css - generated by TagDiv Composer *\/\n.tdi_6{\r\n                    vertical-align: baseline;\r\n                }.tdi_6 > .wpb_wrapper,\r\n\t\t\t\t.tdi_6 > .wpb_wrapper > .tdc-elements{\r\n\t\t\t\t    display: block;\r\n\t\t\t\t}.tdi_6 > .wpb_wrapper > .tdc-elements{\r\n\t\t\t\t    width: 100%;\r\n\t\t\t\t}.tdi_6 > .wpb_wrapper > .vc_row_inner{\r\n\t\t\t\t    width: auto;\r\n\t\t\t\t}.tdi_6 > .wpb_wrapper{\r\n\t\t\t\t    width: auto;\r\n\t\t\t\t    height: auto;\r\n\t\t\t\t}\n<\/style><div class=\"wpb_wrapper\" ><div class=\"td_block_wrap td_block_text_with_title tdi_7 tagdiv-type td-pb-border-top td_block_template_1\"  data-td-block-uid=\"tdi_7\" >\n<style>\n\/* custom css - generated by TagDiv Composer *\/\n.td_block_text_with_title{\r\n                  margin-bottom: 44px;\r\n                  -webkit-transform: translateZ(0);\r\n                  transform: translateZ(0);\r\n                }.td_block_text_with_title p:last-child{\r\n                  margin-bottom: 0;\r\n                }\n<\/style><div class=\"td-block-title-wrap\"><\/div><div class=\"td_mod_wrap td-fix-index\"><p>Regulamin u\u017cytkowania<br \/>Witamy w \u015awiadomym Umy\u015ble!<br \/>Niniejszy regulamin opisuje zasady korzystania z serwisu internetowego firmy Mente Informada znajduj\u0105cego si\u0119 pod adresem https:\/\/menteinformada.com\/.<\/p>\n<p>Uzyskuj\u0105c dost\u0119p do tej witryny, zak\u0142adamy, \u017ce zgadzasz si\u0119 z poni\u017cszymi warunkami. Nie korzystaj dalej z Mente Informada, je\u015bli nie zgadzasz si\u0119 z warunkami opisanymi w niniejszej umowie.<\/p>\n<p>Ciasteczka:<br \/>Witryna korzysta z plik\u00f3w cookie, aby pom\u00f3c spersonalizowa\u0107 korzystanie z Internetu. Wchodz\u0105c na stron\u0119 Mente Informada, wyra\u017casz zgod\u0119 na u\u017cycie wymaganych plik\u00f3w cookie.<\/p>\n<p>Cookies to pliki tekstowe umieszczane na dysku twardym przez serwer strony internetowej. Pliki cookie nie mog\u0105 uruchamia\u0107 program\u00f3w ani przenosi\u0107 wirus\u00f3w na Tw\u00f3j komputer. Pliki cookie s\u0105 jednoznacznie powi\u0105zane z u\u017cytkownikiem i mog\u0105 by\u0107 odczytywane tylko przez serwer sieciowy domeny, kt\u00f3ra je wygenerowa\u0142a.<\/p>\n<p>Mo\u017cemy u\u017cywa\u0107 plik\u00f3w cookie do zbierania, przechowywania lub \u015bledzenia informacji w celach statystycznych i marketingowych na naszej stronie internetowej. Masz mo\u017cliwo\u015b\u0107 zaakceptowania lub odrzucenia opcjonalnych plik\u00f3w cookie. Istnieje kilka obowi\u0105zkowych plik\u00f3w cookie, kt\u00f3re s\u0105 niezb\u0119dne do dzia\u0142ania naszej witryny. Te obowi\u0105zkowe pliki cookie nie wymagaj\u0105 Twojej zgody. Pami\u0119taj, \u017ce akceptuj\u0105c obowi\u0105zkowe pliki cookie, akceptujesz r\u00f3wnie\u017c pliki cookie stron trzecich, kt\u00f3re mog\u0105 by\u0107 u\u017cywane przez strony trzecie, je\u015bli korzystasz z us\u0142ug \u015bwiadczonych przez nie na naszej stronie internetowej \u2013 na przyk\u0142ad okno odtwarzania wideo zapewniane przez firmy zewn\u0119trzne i zintegrowane z nasz\u0105 stron\u0105 internetow\u0105.<\/p>\n<p>Licencja:<br \/>O ile nie zaznaczono inaczej, Mente Informed i jej licencjodawcy s\u0105 uprawnieni do w\u0142asno\u015bci intelektualnej we wszystkich materia\u0142ach opublikowanych w Mente Informed. Wszelkie prawa w\u0142asno\u015bci intelektualnej s\u0105 zastrze\u017cone.<\/p>\n<p>Nie masz pozwolenia, aby:<\/p>\n<p>Kopiuj lub ponownie publikuj materia\u0142y z Mente Informed<br \/>Sprzedawaj, wypo\u017cyczaj lub podnajmuj materia\u0142y od Mente Informed<br \/>Reprodukuj, powielaj lub kopiuj materia\u0142y z Mente Informada<br \/>Redystrybuuj tre\u015bci Mente Informed<br \/>Niniejsza Umowa b\u0119dzie obowi\u0105zywa\u0107 od dnia dzisiejszego.<\/p>\n<p>Cz\u0119\u015bci tej witryny oferuj\u0105 u\u017cytkownikowi mo\u017cliwo\u015b\u0107 publikowania i omawiania opinii i informacji w okre\u015blonych obszarach. Informed Mind nie filtruje, nie edytuje, nie publikuje ani nie przegl\u0105da Komentarzy, zanim nie zostan\u0105 one przedstawione w Witrynie. Komentarze odzwierciedlaj\u0105 pogl\u0105dy osoby, kt\u00f3ra je publikuje. W zakresie dozwolonym przez obowi\u0105zuj\u0105ce prawo, Informed Mind nie ponosi odpowiedzialno\u015bci prawnej za Komentarze ani za jakiekolwiek szkody, ryzyko lub wydatki spowodowane lub poniesione w wyniku u\u017cytkowania i\/lub zamieszczania i\/lub pojawiania si\u0119 Komentarzy na tej stronie.<\/p>\n<p>Informed Mind zastrzega sobie prawo do usuni\u0119cia wszelkich komentarzy, kt\u00f3re mog\u0105 zosta\u0107 uznane za nieodpowiednie, obra\u017aliwe lub naruszaj\u0105ce warunki niniejszej umowy.<\/p>\n<p>O\u015bwiadczasz i gwarantujesz, \u017ce:<\/p>\n<p>Masz prawo zamieszcza\u0107 Komentarze na naszej stronie internetowej i posiadasz na to wszelkie licencje i zgody;<br \/>Twoje komentarze nie naruszaj\u0105 \u017cadnej w\u0142asno\u015bci intelektualnej, w tym praw autorskich, patent\u00f3w lub znak\u00f3w towarowych os\u00f3b trzecich;<br \/>Twoje komentarze nie zawieraj\u0105 materia\u0142\u00f3w, kt\u00f3re s\u0105 znies\u0142awiaj\u0105ce, oszczercze, obra\u017aliwe, nieprzyzwoite lub w inny spos\u00f3b niezgodne z prawem, co stanowi naruszenie prywatno\u015bci.<br \/>Twoje komentarze nie b\u0119d\u0105 wykorzystywane do pozyskiwania lub promowania biznesu lub prezentowania dzia\u0142a\u0144 komercyjnych lub dzia\u0142a\u0144 niezgodnych z prawem.<br \/>Niniejszym udzielasz firmie Informed Mind niewy\u0142\u0105cznej licencji na u\u017cywanie, powielanie, edytowanie i upowa\u017cnianie innych os\u00f3b do u\u017cywania, powielania lub edytowania dowolnych Twoich Komentarzy we wszystkich formach, formatach i mediach.<\/p>\n<p>Tworzenie link\u00f3w do naszych tre\u015bci<br \/>Nast\u0119puj\u0105ce organizacje mog\u0105 \u0142\u0105czy\u0107 si\u0119 z nasz\u0105 Witryn\u0105 bez uprzedniej pisemnej zgody:<\/p>\n<p>Agencje rz\u0105dowe;<br \/>Wyszukiwarki;<br \/>organizacje medialne;<br \/>Dystrybutorzy katalog\u00f3w online mog\u0105 umieszcza\u0107 \u0142\u0105cza do naszej Witryny w taki sam spos\u00f3b, w jaki umieszczaj\u0105 \u0142\u0105cza do Witryn innych sp\u00f3\u0142ek notowanych na gie\u0142dzie; To jest<br \/>Akredytowane firmy, inne ni\u017c organizacje non-profit zajmuj\u0105ce si\u0119 pozyskiwaniem funduszy i grupy charytatywne, nie mog\u0105 umieszcza\u0107 link\u00f3w do naszej Witryny bez uprzedniej zgody.<br \/>Organizacje te mog\u0105 umieszcza\u0107 \u0142\u0105cza do naszej strony g\u0142\u00f3wnej, publikacji lub innych informacji w Witrynie, pod warunkiem, \u017ce \u0142\u0105cze: (a) w \u017caden spos\u00f3b nie wprowadza w b\u0142\u0105d; (b) nie sugeruje fa\u0142szywie istnienia sponsorowania, poparcia lub zatwierdzenia naszych produkt\u00f3w i\/lub us\u0142ug; oraz (c) jest odpowiedni do kontekstu, w jakim jest umieszczany.<\/p>\n<p>Mo\u017cemy rozpatrywa\u0107 i zatwierdza\u0107 pro\u015bby o po\u0142\u0105czenie sk\u0142adane przez nast\u0119puj\u0105ce typy organizacji:<\/p>\n<p>znane \u017ar\u00f3d\u0142a informacji o produktach i biznesach;<br \/>serwisy spo\u0142eczno\u015bciowe dot-com;<br \/>stowarzyszenia i inne grupy reprezentuj\u0105ce organizacje charytatywne;<br \/>dystrybutorzy katalog\u00f3w online;<br \/>portale internetowe;<br \/>firmy ksi\u0119gowe, prawnicze i konsultingowe; To jest<br \/>instytucje edukacyjne i stowarzyszenia klasowe.<br \/>Zaakceptujemy pro\u015bby o linki z\u0142o\u017cone przez organizacje wymienione powy\u017cej, je\u015bli uznamy, \u017ce: (a) link nie jest niekorzystny dla naszego wizerunku i\/lub wizerunku akredytowanych firm; (b) organizacja wnioskuj\u0105ca nie ma z nami \u017cadnej negatywnej historii; (c) korzy\u015b\u0107, jak\u0105 uzyskujemy z widoczno\u015bci linku rekompensuje brak Mente Informed; oraz (d) link zostanie umieszczony w og\u00f3lnym kontek\u015bcie informacyjnym.<\/p>\n<p>Organizacje te mog\u0105 zamieszcza\u0107 \u0142\u0105cza do naszej strony g\u0142\u00f3wnej pod warunkiem, \u017ce \u0142\u0105cza te: (a) nie wprowadzaj\u0105 w b\u0142\u0105d w \u017caden spos\u00f3b; (b) nie sugeruje fa\u0142szywie istnienia sponsorowania, poparcia lub zatwierdzenia naszych produkt\u00f3w i\/lub us\u0142ug; oraz (c) jest odpowiedni do kontekstu, w jakim jest umieszczany.<\/p>\n<p>Je\u015bli reprezentujesz jedn\u0105 z organizacji wymienionych w ust. 2 powy\u017cej i jeste\u015b zainteresowany umieszczeniem linku do naszej strony internetowej, musisz poinformowa\u0107 nas o swoim zainteresowaniu, wysy\u0142aj\u0105c wiadomo\u015b\u0107 e-mail do Mente Informed. Podaj swoje imi\u0119 i nazwisko, nazw\u0119 swojej organizacji i swoje dane kontaktowe, a tak\u017ce adres URL swojej witryny, list\u0119 adres\u00f3w URL w naszej witrynie, kt\u00f3rych zamierzasz u\u017cywa\u0107 jako \u0142\u0105czy, oraz list\u0119 witryn, na kt\u00f3rych zamierzasz opublikowa\u0107 nasze adresy URL . Prosz\u0119 poczeka\u0107 od 2 do 3 tygodni na otrzymanie odpowiedzi.<\/p>\n<p>Zatwierdzone organizacje mog\u0105 zamieszcza\u0107 \u0142\u0105cza do naszej Witryny w nast\u0119puj\u0105cy spos\u00f3b:<\/p>\n<p>Korzystanie z naszej nazwy korporacyjnej; Lub<br \/>Korzystanie z adresu URL, na kt\u00f3ry przekierowuje link; Lub<br \/>Korzystanie z dowolnego innego opisu naszej Witryny, kt\u00f3ry ma sens w kontek\u015bcie i formacie tre\u015bci, do kt\u00f3rej wstawiany jest link.<br \/>Wykorzystanie lub publikacja link\u00f3w do logo i\/lub innych element\u00f3w wizualnych Informed Mind jest niedozwolona bez umowy licencyjnej na korzystanie ze znaku towarowego.<\/p>\n<p>Odpowiedzialno\u015b\u0107 za tre\u015b\u0107:<br \/>Nie ponosimy odpowiedzialno\u015bci prawnej za \u017cadne tre\u015bci pojawiaj\u0105ce si\u0119 w Twojej Witrynie. Zgadzasz si\u0119 chroni\u0107 i broni\u0107 nas przed wszelkimi roszczeniami podnoszonymi w Twojej Witrynie. \u017badne \u0142\u0105cze nie pojawi si\u0119 na \u017cadnej Witrynie, kt\u00f3ra mog\u0142aby zosta\u0107 zinterpretowana jako znies\u0142awiaj\u0105ca, obsceniczna, przest\u0119pcza lub naruszaj\u0105ca, naruszaj\u0105ca lub popieraj\u0105ca \u0142amanie praw innych os\u00f3b.<\/p>\n<p>Zastrze\u017cenie praw:<br \/>Zastrzegamy sobie prawo do za\u017c\u0105dania usuni\u0119cia wszystkich link\u00f3w lub link\u00f3w przekierowuj\u0105cych do naszej witryny. Wyra\u017casz zgod\u0119 na natychmiastowe usuni\u0119cie wszystkich link\u00f3w do naszej witryny po za\u017c\u0105daniu ich usuni\u0119cia. Zastrzegamy sobie r\u00f3wnie\u017c prawo do zmiany i zmiany niniejszych warunk\u00f3w w dowolnym momencie. Stale publikuj\u0105c linki do naszej witryny, wyra\u017casz zgod\u0119 na przestrzeganie niniejszych warunk\u00f3w dotycz\u0105cych \u0142\u0105czy.<\/p>\n<p>Usuni\u0119cie link\u00f3w zamieszczonych na naszej stronie internetowej:<br \/>Je\u015bli znajdziesz w naszej Witrynie jakikolwiek link, kt\u00f3ry jest w jakikolwiek spos\u00f3b obra\u017aliwy, mo\u017cesz w dowolnym momencie skontaktowa\u0107 si\u0119 z nami i poinformowa\u0107 nas o problemie. Rozwa\u017cymy pro\u015bby o usuni\u0119cie link\u00f3w, ale nie jeste\u015bmy zobowi\u0105zani do usuwania jakichkolwiek link\u00f3w z naszej witryny ani do bezpo\u015bredniej odpowiedzi na Twoj\u0105 pro\u015bb\u0119.<\/p>\n<p>Nie gwarantujemy, \u017ce informacje zawarte na tej stronie s\u0105 prawid\u0142owe. Nie gwarantujemy kompletno\u015bci ani dok\u0142adno\u015bci tre\u015bci. Nie gwarantujemy, \u017ce strona pozostanie dost\u0119pna ani \u017ce materia\u0142y na stronie pozostan\u0105 aktualne.<\/p>\n<p>Zrzeczenie si\u0119 odpowiedzialno\u015bci:<br \/>W maksymalnym zakresie dozwolonym przez prawo wykluczamy wszelkie o\u015bwiadczenia, gwarancje i warunki dotycz\u0105ce naszej strony internetowej i korzystania z niej przez u\u017cytkownika. \u017badne z postanowie\u0144 niniejszego zastrze\u017cenia nie b\u0119dzie:<\/p>\n<p>ogranicza\u0107 lub wyklucza\u0107 nasz\u0105 odpowiedzialno\u015b\u0107 lub Twoj\u0105 odpowiedzialno\u015b\u0107 za \u015bmier\u0107 lub obra\u017cenia cia\u0142a;<br \/>ogranicza\u0107 lub wyklucza\u0107 nasz\u0105 odpowiedzialno\u015b\u0107 lub Twoj\u0105 odpowiedzialno\u015b\u0107 za oszustwo lub oszuka\u0144cze wprowadzenie w b\u0142\u0105d;<br \/>ogranicza\u0107 nasz\u0105 lub Twoj\u0105 odpowiedzialno\u015b\u0107 w jakikolwiek spos\u00f3b niedozwolony przez prawo;<br \/>wy\u0142\u0105cza\u0107 z Pa\u0144stwa lub nas jakiejkolwiek odpowiedzialno\u015bci, kt\u00f3rej nie mo\u017cna wy\u0142\u0105czy\u0107 na mocy obowi\u0105zuj\u0105cego prawa.<br \/>Ograniczenia i zakazy odpowiedzialno\u015bci wymienione w tej sekcji oraz w innych miejscach niniejszego o\u015bwiadczenia: (a) podlegaj\u0105 postanowieniom poprzedniego ust\u0119pu; oraz (b) reguluj\u0105 wszystkie zobowi\u0105zania wynikaj\u0105ce z o\u015bwiadczenia, w tym zobowi\u0105zania wynikaj\u0105ce z umowy, deliktu i naruszenia zobowi\u0105za\u0144 prawnych.<\/p>\n<p>Chocia\u017c strona internetowa oraz informacje i us\u0142ugi na niej oferowane s\u0105 bezp\u0142atnie, nie ponosimy odpowiedzialno\u015bci za jakiekolwiek straty lub szkody.<\/p>\n<\/div><\/div><\/div><\/div><\/div><\/div><\/div><\/div>","protected":false},"excerpt":{"rendered":"","protected":false},"author":244,"featured_media":0,"parent":0,"menu_order":0,"comment_status":"closed","ping_status":"closed","template":"","meta":{"footnotes":""},"class_list":["post-835","page","type-page","status-publish"],"_links":{"self":[{"href":"https:\/\/menteinformada.com\/pl\/wp-json\/wp\/v2\/pages\/835","targetHints":{"allow":["GET"]}}],"collection":[{"href":"https:\/\/menteinformada.com\/pl\/wp-json\/wp\/v2\/pages"}],"about":[{"href":"https:\/\/menteinformada.com\/pl\/wp-json\/wp\/v2\/types\/page"}],"author":[{"embeddable":true,"href":"https:\/\/menteinformada.com\/pl\/wp-json\/wp\/v2\/users\/244"}],"replies":[{"embeddable":true,"href":"https:\/\/menteinformada.com\/pl\/wp-json\/wp\/v2\/comments?post=835"}],"version-history":[{"count":4,"href":"https:\/\/menteinformada.com\/pl\/wp-json\/wp\/v2\/pages\/835\/revisions"}],"predecessor-version":[{"id":3719,"href":"https:\/\/menteinformada.com\/pl\/wp-json\/wp\/v2\/pages\/835\/revisions\/3719"}],"wp:attachment":[{"href":"https:\/\/menteinformada.com\/pl\/wp-json\/wp\/v2\/media?parent=835"}],"curies":[{"name":"wp","href":"https:\/\/api.w.org\/{rel}","templated":true}]}}