{"id":835,"date":"2023-01-23T04:40:14","date_gmt":"2023-01-23T04:40:14","guid":{"rendered":"https:\/\/menteinformada.com\/?page_id=835"},"modified":"2023-04-16T22:45:50","modified_gmt":"2023-04-16T22:45:50","slug":"termeni-de-utilizare","status":"publish","type":"page","link":"https:\/\/menteinformada.com\/ro\/termos-de-uso\/","title":{"rendered":"Termeni de utilizare"},"content":{"rendered":"<div id=\"tdi_1\" class=\"tdc-zone\"><div class=\"tdc_zone tdi_2  wpb_row td-pb-row\"  >\n<style scoped>\n\/* custom css - generated by TagDiv Composer *\/\n\n\/* custom css - generated by TagDiv Composer *\/\n.tdi_2{\r\n                    min-height: 0;\r\n                }\n<\/style><div id=\"tdi_3\" class=\"tdc-row\"><div class=\"vc_row tdi_4  wpb_row td-pb-row\" >\n<style scoped>\n\/* custom css - generated by TagDiv Composer *\/\n\n\/* custom css - generated by TagDiv Composer *\/\n.tdi_4,\r\n                .tdi_4 .tdc-columns{\r\n                    min-height: 0;\r\n                }.tdi_4,\r\n\t\t\t\t.tdi_4 .tdc-columns{\r\n\t\t\t\t    display: block;\r\n\t\t\t\t}.tdi_4 .tdc-columns{\r\n\t\t\t\t    width: 100%;\r\n\t\t\t\t}.tdi_4:before,\r\n\t\t\t\t.tdi_4:after{\r\n\t\t\t\t    display: table;\r\n\t\t\t\t}\n<\/style><div class=\"vc_column tdi_6  wpb_column vc_column_container tdc-column td-pb-span12\">\n<style scoped>\n\/* custom css - generated by TagDiv Composer *\/\n\n\/* custom css - generated by TagDiv Composer *\/\n.tdi_6{\r\n                    vertical-align: baseline;\r\n                }.tdi_6 > .wpb_wrapper,\r\n\t\t\t\t.tdi_6 > .wpb_wrapper > .tdc-elements{\r\n\t\t\t\t    display: block;\r\n\t\t\t\t}.tdi_6 > .wpb_wrapper > .tdc-elements{\r\n\t\t\t\t    width: 100%;\r\n\t\t\t\t}.tdi_6 > .wpb_wrapper > .vc_row_inner{\r\n\t\t\t\t    width: auto;\r\n\t\t\t\t}.tdi_6 > .wpb_wrapper{\r\n\t\t\t\t    width: auto;\r\n\t\t\t\t    height: auto;\r\n\t\t\t\t}\n<\/style><div class=\"wpb_wrapper\" ><div class=\"td_block_wrap td_block_text_with_title tdi_7 tagdiv-type td-pb-border-top td_block_template_1\"  data-td-block-uid=\"tdi_7\" >\n<style>\n\/* custom css - generated by TagDiv Composer *\/\n.td_block_text_with_title{\r\n                  margin-bottom: 44px;\r\n                  -webkit-transform: translateZ(0);\r\n                  transform: translateZ(0);\r\n                }.td_block_text_with_title p:last-child{\r\n                  margin-bottom: 0;\r\n                }\n<\/style><div class=\"td-block-title-wrap\"><\/div><div class=\"td_mod_wrap td-fix-index\"><p>Termeni si conditii de utilizare<br \/>Bun venit la Informed Mind!<br \/>Ace\u0219ti termeni \u0219i condi\u021bii descriu regulile de utilizare a site-ului web al companiei Mente Informada, aflat la adresa https:\/\/menteinformada.com\/.<\/p>\n<p>Prin accesarea acestui site presupunem c\u0103 sunte\u021bi de acord cu termenii \u0219i condi\u021biile de mai jos. Nu continua\u021bi s\u0103 utiliza\u021bi Mente Informada dac\u0103 nu sunte\u021bi de acord cu termenii \u0219i condi\u021biile descrise \u00een acest acord.<\/p>\n<p>Cookie-uri:<br \/>Site-ul web folose\u0219te cookie-uri pentru a v\u0103 ajuta s\u0103 v\u0103 personaliza\u021bi experien\u021ba pe internet. Acces\u00e2nd site-ul Mente Informada, sunte\u021bi de acord cu utilizarea cookie-urilor necesare.<\/p>\n<p>Cookie-urile sunt fi\u0219iere text plasate pe hard disk de un server de pagini web. Cookie-urile nu au voie s\u0103 ruleze programe sau s\u0103 transfere viru\u0219i pe computerul dumneavoastr\u0103. Cookie-urile sunt asociate \u00een mod unic cu dvs. \u0219i pot fi citite numai de serverul web pentru domeniul care a emis cookie-ul.<\/p>\n<p>Putem folosi cookie-uri pentru a colecta, stoca sau urm\u0103ri informa\u021bii \u00een scopuri statistice \u0219i de marketing pe site-ul nostru. Ave\u021bi op\u021biunea de a accepta sau de a respinge cookie-urile op\u021bionale. Exist\u0103 c\u00e2teva module cookie obligatorii, care sunt necesare pentru ca site-ul nostru s\u0103 func\u021bioneze. Aceste cookie-uri obligatorii necesit\u0103 acordul dumneavoastr\u0103. V\u0103 rug\u0103m s\u0103 re\u021bine\u021bi c\u0103, accept\u00e2nd cookie-uri obligatorii, accepta\u021bi \u0219i cookie-uri de la ter\u021bi, care pot fi utilizate de ter\u021bi dac\u0103 utiliza\u021bi servicii furnizate de ace\u0219tia pe site-ul nostru \u2013 de exemplu, o fereastr\u0103 de redare video furnizat\u0103 de companii ter\u021be \u0219i integrat\u0103 \u00een site-ul nostru.<\/p>\n<p>Licen\u021b\u0103:<br \/>Cu excep\u021bia cazului \u00een care se men\u021bioneaz\u0103 altfel, Mente Informed \u0219i licen\u021biatorii s\u0103i au dreptul la proprietate intelectual\u0103 \u00een toate materialele postate pe Mente Informed. Toate drepturile de proprietate intelectual\u0103 sunt rezervate.<\/p>\n<p>Nu ave\u021bi voie s\u0103:<\/p>\n<p>Copia\u021bi sau republica\u021bi materiale de la Mente Informed<br \/>Vinde\u021bi, \u00eenchiria\u021bi sau sub\u00eenchiria\u021bi materiale de la Mente Informed<br \/>Reproduce\u021bi, duplica\u021bi sau copia\u021bi materiale din Mente Informada<br \/>Redistribui\u021bi con\u021binutul Mente Informat<br \/>Prezentul Acord va intra \u00een vigoare de la aceast\u0103 dat\u0103.<\/p>\n<p>Por\u021biuni din acest site ofer\u0103 utilizatorului posibilitatea de a posta \u0219i discuta opinii \u0219i informa\u021bii \u00een anumite zone. Informed Mind nu filtreaz\u0103, editeaz\u0103, posteaz\u0103 sau revizuie\u0219te comentariile \u00eenainte ca acestea s\u0103 fie prezentate pe site. Comentariile reflect\u0103 p\u0103rerile persoanei care le posteaz\u0103. \u00cen m\u0103sura \u00een care legea aplicabil\u0103 permite, Informed Mind nu este responsabil din punct de vedere legal pentru Comentarii sau pentru orice daune, riscuri sau cheltuieli cauzate sau suportate ca urmare a utiliz\u0103rii \u0219i\/sau post\u0103rii \u0219i\/sau apari\u021biei Comentariilor pe acest site web.<\/p>\n<p>Informed Mind \u00ee\u0219i rezerv\u0103 dreptul de a elimina orice comentarii care pot fi considerate nepotrivite, ofensatoare sau care \u00eencalc\u0103 Termenii \u0219i condi\u021biile acestui contract.<\/p>\n<p>Dumneavoastr\u0103 declara\u021bi \u0219i garanta\u021bi c\u0103:<\/p>\n<p>Ave\u021bi dreptul de a posta comentarii pe site-ul nostru web \u0219i ave\u021bi toate licen\u021bele \u0219i consim\u021b\u0103m\u00e2ntul pentru a face acest lucru;<br \/>Comentariile dumneavoastr\u0103 nu invadeaz\u0103 nicio proprietate intelectual\u0103, inclusiv drepturile de autor, brevetele sau m\u0103rcile comerciale ale ter\u021bilor;<br \/>Comentariile dvs. nu con\u021bin materiale def\u0103im\u0103toare, calomniatoare, ofensatoare, indecente sau ilegale, ceea ce reprezint\u0103 o invazie a vie\u021bii private.<br \/>Comentariile dumneavoastr\u0103 nu vor fi folosite pentru a solicita sau promova afaceri sau pentru a prezenta activit\u0103\u021bi comerciale sau activit\u0103\u021bi ilegale.<br \/>Prin prezenta, acorda\u021bi Informed Mind o licen\u021b\u0103 neexclusiv\u0103 de a utiliza, reproduce, edita \u0219i autoriza pe al\u021bii s\u0103 utilizeze, reproduce sau edita oricare dintre Comentariile dumneavoastr\u0103 \u00een orice form\u0103, formate \u0219i suporturi.<\/p>\n<p>Crearea de link-uri c\u0103tre con\u021binutul nostru<br \/>Urm\u0103toarele organiza\u021bii se pot conecta la site-ul nostru f\u0103r\u0103 aprobare prealabil\u0103 \u00een scris:<\/p>\n<p>Agentii guvernamentale;<br \/>Motoare de c\u0103utare;<br \/>Organiza\u021bii media;<br \/>Distribuitorii de directoare online se pot conecta la Site-ul nostru \u00een acela\u0219i mod \u00een care se leag\u0103 la Site-urile altor companii listate; Este<br \/>Companiile acreditate, altele dec\u00e2t organiza\u021biile nonprofit de str\u00e2ngere de fonduri \u0219i grupurile caritabile de str\u00e2ngere de fonduri, nu pot face leg\u0103tura c\u0103tre site-ul nostru f\u0103r\u0103 aprobare prealabil\u0103.<br \/>Aceste organiza\u021bii pot posta link-uri c\u0103tre pagina noastr\u0103 de pornire, publica\u021bii sau alte informa\u021bii pe Site, cu condi\u021bia ca linkul: (a) s\u0103 nu induc\u0103 \u00een eroare \u00een niciun fel; (b) nu implic\u0103 \u00een mod fals existen\u021ba unei sponsoriz\u0103ri, aprob\u0103ri sau aprob\u0103ri a produselor \u0219i\/sau serviciilor noastre; \u0219i (c) este adecvat\u0103 contextului \u00een care este inserat\u0103.<\/p>\n<p>Putem lua \u00een considerare \u0219i aproba solicit\u0103rile de linkuri f\u0103cute de urm\u0103toarele tipuri de organiza\u021bii:<\/p>\n<p>surse cunoscute de informa\u021bii despre produse \u0219i afaceri;<br \/>site-uri comunit\u0103\u021bii dot-com;<br \/>asocia\u021bii \u0219i alte grupuri care reprezint\u0103 organiza\u021bii de caritate;<br \/>distribuitori de directoare online;<br \/>portaluri de internet;<br \/>firme de contabilitate, avocatura si consultanta; Este<br \/>institu\u021bii de \u00eenv\u0103\u021b\u0103m\u00e2nt \u0219i asocia\u021bii de clas\u0103.<br \/>Vom aproba cererile de linkuri f\u0103cute de tipurile de organiza\u021bii enumerate mai sus dac\u0103 consider\u0103m c\u0103: (a) linkul nu este defavorabil imaginii noastre \u0219i\/sau imaginii companiilor acreditate; (b) organiza\u021bia solicitant\u0103 nu are un istoric negativ cu noi; (c) beneficiul pe care \u00eel ob\u021binem din vizibilitatea link-ului compenseaz\u0103 absen\u021ba Mente Informed; \u0219i (d) linkul va fi plasat \u00eentr-un context informativ general.<\/p>\n<p>Aceste organiza\u021bii pot posta link-uri c\u0103tre pagina noastr\u0103 de pornire, cu condi\u021bia ca linkul: (a) s\u0103 nu induc\u0103 \u00een eroare \u00een niciun fel; (b) nu implic\u0103 \u00een mod fals existen\u021ba unei sponsoriz\u0103ri, aprob\u0103ri sau aprob\u0103ri a produselor \u0219i\/sau serviciilor noastre; \u0219i (c) este adecvat\u0103 contextului \u00een care este inserat\u0103.<\/p>\n<p>Dac\u0103 reprezenta\u021bi una dintre organiza\u021biile enumerate la paragraful 2 de mai sus \u0219i sunte\u021bi interesat s\u0103 posta\u021bi un link c\u0103tre site-ul nostru web, trebuie s\u0103 ne informa\u021bi despre interesul dvs. trimi\u021b\u00e2nd un e-mail c\u0103tre Mente Informed. V\u0103 rug\u0103m s\u0103 include\u021bi numele dvs., numele organiza\u021biei dvs. \u0219i informa\u021biile dvs. de contact, precum \u0219i adresa URL a site-ului dvs. web, o list\u0103 a adreselor URL de pe site-ul nostru pe care inten\u021biona\u021bi s\u0103 le utiliza\u021bi ca linkuri \u0219i o list\u0103 a site-urilor web pe care inten\u021biona\u021bi s\u0103 publica\u021bi adresele URL ale noastre. V\u0103 rug\u0103m s\u0103 a\u0219tepta\u021bi \u00eentre 2 \u0219i 3 s\u0103pt\u0103m\u00e2ni pentru a primi un r\u0103spuns.<\/p>\n<p>Organiza\u021biile aprobate pot posta link-uri c\u0103tre site-ul nostru \u00een urm\u0103toarele moduri:<\/p>\n<p>Folosind numele nostru corporativ; sau<br \/>Utilizarea URL-ului unde redirec\u021bioneaz\u0103 linkul; sau<br \/>Folosind orice alt\u0103 descriere a Site-ului nostru care are sens \u00een contextul \u0219i formatul con\u021binutului c\u0103tre care este inserat linkul.<br \/>Utilizarea sau publicarea de link-uri c\u0103tre sigla \u0219i\/sau alte elemente vizuale ale Informed Mind nu va fi permis\u0103 f\u0103r\u0103 un acord de licen\u021b\u0103 pentru utilizarea m\u0103rcii comerciale.<\/p>\n<p>Responsabilitate pentru con\u021binut:<br \/>Nu vom fi responsabili din punct de vedere legal pentru niciun con\u021binut care apare pe site-ul dvs. Sunte\u021bi de acord s\u0103 ne proteja\u021bi \u0219i s\u0103 ne ap\u0103ra\u021bi \u00eempotriva tuturor reclama\u021biilor care sunt ridicate pe site-ul dvs. Niciun link nu va ap\u0103rea pe niciun Site care ar putea fi interpretat ca def\u0103im\u0103tor, obscen, criminal sau care \u00eencalc\u0103, \u00eencalc\u0103 sau sus\u021bine \u00eenc\u0103lcarea drepturilor altora.<\/p>\n<p>Rezervarea drepturilor:<br \/>Ne rezerv\u0103m dreptul de a solicita s\u0103 elimina\u021bi toate linkurile sau orice link-uri care redirec\u021bioneaz\u0103 c\u0103tre site-ul nostru web. Sunte\u021bi de acord s\u0103 elimina\u021bi imediat toate linkurile c\u0103tre site-ul nostru web odat\u0103 ce a fost solicitat\u0103 eliminarea. De asemenea, ne rezerv\u0103m dreptul de a modifica \u0219i modifica ace\u0219ti termeni \u0219i condi\u021bii \u00een orice moment. Post\u00e2nd continuu link-uri c\u0103tre site-ul nostru, sunte\u021bi de acord s\u0103 respecta\u021bi ace\u0219ti termeni \u0219i condi\u021bii de conectare.<\/p>\n<p>Eliminarea link-urilor postate pe site-ul nostru web:<br \/>Dac\u0103 g\u0103si\u021bi pe site-ul nostru vreun link care este ofensator \u00een vreun fel, sunte\u021bi liber s\u0103 ne contacta\u021bi \u0219i s\u0103 ne informa\u021bi despre problem\u0103 \u00een orice moment. Vom lua \u00een considerare solicit\u0103rile de eliminare a leg\u0103turilor, dar nu avem nicio obliga\u021bie de a elimina niciun link de pe site-ul nostru sau de a r\u0103spunde direct solicit\u0103rii dumneavoastr\u0103.<\/p>\n<p>Nu garant\u0103m c\u0103 informa\u021biile con\u021binute pe acest site sunt corecte. Nu garant\u0103m integralitatea sau acurate\u021bea con\u021binutului. Nu garant\u0103m c\u0103 site-ul va r\u0103m\u00e2ne disponibil sau c\u0103 materialul de pe site va r\u0103m\u00e2ne actualizat.<\/p>\n<p>Exonerare de raspundere:<br \/>\u00cen m\u0103sura maxim\u0103 permis\u0103 de lege, excludem toate declara\u021biile, garan\u021biile \u0219i condi\u021biile legate de site-ul nostru web \u0219i de utilizarea de c\u0103tre dvs. a acestui site. Nimic din aceast\u0103 clauz\u0103 de declinare a r\u0103spunderii nu va:<\/p>\n<p>limita\u021bi sau exclude\u021bi r\u0103spunderea noastr\u0103 sau r\u0103spunderea dumneavoastr\u0103 pentru deces sau v\u0103t\u0103mare corporal\u0103;<br \/>limita\u021bi sau exclude\u021bi r\u0103spunderea noastr\u0103 sau r\u0103spunderea dumneavoastr\u0103 pentru fraud\u0103 sau declara\u021bii false frauduloase;<br \/>limita\u021bi r\u0103spunderea noastr\u0103 sau a dumneavoastr\u0103 \u00een orice mod nepermis de lege;<br \/>exclude orice r\u0103spundere din partea dvs. sau a noastr\u0103, care nu poate fi exclus\u0103 conform legisla\u021biei \u00een vigoare.<br \/>Limit\u0103rile \u0219i interdic\u021biile de r\u0103spundere enumerate \u00een aceast\u0103 sec\u021biune \u0219i \u00een alt\u0103 parte \u00een aceast\u0103 declara\u021bie: (a) sunt supuse paragrafului precedent; \u0219i (b) guverneaz\u0103 toate r\u0103spunderile care decurg din declara\u021bie, inclusiv r\u0103spunderile care decurg din contract, delictual \u0219i \u00eenc\u0103lcarea obliga\u021biilor legale.<\/p>\n<p>\u00cen timp ce site-ul web \u0219i informa\u021biile \u0219i serviciile de pe site sunt oferite gratuit, nu vom fi r\u0103spunz\u0103tori pentru pierderi sau daune de orice fel.<\/p>\n<\/div><\/div><\/div><\/div><\/div><\/div><\/div><\/div>","protected":false},"excerpt":{"rendered":"","protected":false},"author":244,"featured_media":0,"parent":0,"menu_order":0,"comment_status":"closed","ping_status":"closed","template":"","meta":{"footnotes":""},"class_list":["post-835","page","type-page","status-publish"],"_links":{"self":[{"href":"https:\/\/menteinformada.com\/ro\/wp-json\/wp\/v2\/pages\/835","targetHints":{"allow":["GET"]}}],"collection":[{"href":"https:\/\/menteinformada.com\/ro\/wp-json\/wp\/v2\/pages"}],"about":[{"href":"https:\/\/menteinformada.com\/ro\/wp-json\/wp\/v2\/types\/page"}],"author":[{"embeddable":true,"href":"https:\/\/menteinformada.com\/ro\/wp-json\/wp\/v2\/users\/244"}],"replies":[{"embeddable":true,"href":"https:\/\/menteinformada.com\/ro\/wp-json\/wp\/v2\/comments?post=835"}],"version-history":[{"count":4,"href":"https:\/\/menteinformada.com\/ro\/wp-json\/wp\/v2\/pages\/835\/revisions"}],"predecessor-version":[{"id":3719,"href":"https:\/\/menteinformada.com\/ro\/wp-json\/wp\/v2\/pages\/835\/revisions\/3719"}],"wp:attachment":[{"href":"https:\/\/menteinformada.com\/ro\/wp-json\/wp\/v2\/media?parent=835"}],"curies":[{"name":"wp","href":"https:\/\/api.w.org\/{rel}","templated":true}]}}