{"id":835,"date":"2023-01-23T04:40:14","date_gmt":"2023-01-23T04:40:14","guid":{"rendered":"https:\/\/menteinformada.com\/?page_id=835"},"modified":"2023-04-16T22:45:50","modified_gmt":"2023-04-16T22:45:50","slug":"podmienky-pouzivania","status":"publish","type":"page","link":"https:\/\/menteinformada.com\/sk\/termos-de-uso\/","title":{"rendered":"Podmienky pou\u017e\u00edvania"},"content":{"rendered":"<div id=\"tdi_1\" class=\"tdc-zone\"><div class=\"tdc_zone tdi_2  wpb_row td-pb-row\"  >\n<style scoped>\n\/* custom css - generated by TagDiv Composer *\/\n\n\/* custom css - generated by TagDiv Composer *\/\n.tdi_2{\r\n                    min-height: 0;\r\n                }\n<\/style><div id=\"tdi_3\" class=\"tdc-row\"><div class=\"vc_row tdi_4  wpb_row td-pb-row\" >\n<style scoped>\n\/* custom css - generated by TagDiv Composer *\/\n\n\/* custom css - generated by TagDiv Composer *\/\n.tdi_4,\r\n                .tdi_4 .tdc-columns{\r\n                    min-height: 0;\r\n                }.tdi_4,\r\n\t\t\t\t.tdi_4 .tdc-columns{\r\n\t\t\t\t    display: block;\r\n\t\t\t\t}.tdi_4 .tdc-columns{\r\n\t\t\t\t    width: 100%;\r\n\t\t\t\t}.tdi_4:before,\r\n\t\t\t\t.tdi_4:after{\r\n\t\t\t\t    display: table;\r\n\t\t\t\t}\n<\/style><div class=\"vc_column tdi_6  wpb_column vc_column_container tdc-column td-pb-span12\">\n<style scoped>\n\/* custom css - generated by TagDiv Composer *\/\n\n\/* custom css - generated by TagDiv Composer *\/\n.tdi_6{\r\n                    vertical-align: baseline;\r\n                }.tdi_6 > .wpb_wrapper,\r\n\t\t\t\t.tdi_6 > .wpb_wrapper > .tdc-elements{\r\n\t\t\t\t    display: block;\r\n\t\t\t\t}.tdi_6 > .wpb_wrapper > .tdc-elements{\r\n\t\t\t\t    width: 100%;\r\n\t\t\t\t}.tdi_6 > .wpb_wrapper > .vc_row_inner{\r\n\t\t\t\t    width: auto;\r\n\t\t\t\t}.tdi_6 > .wpb_wrapper{\r\n\t\t\t\t    width: auto;\r\n\t\t\t\t    height: auto;\r\n\t\t\t\t}\n<\/style><div class=\"wpb_wrapper\" ><div class=\"td_block_wrap td_block_text_with_title tdi_7 tagdiv-type td-pb-border-top td_block_template_1\"  data-td-block-uid=\"tdi_7\" >\n<style>\n\/* custom css - generated by TagDiv Composer *\/\n.td_block_text_with_title{\r\n                  margin-bottom: 44px;\r\n                  -webkit-transform: translateZ(0);\r\n                  transform: translateZ(0);\r\n                }.td_block_text_with_title p:last-child{\r\n                  margin-bottom: 0;\r\n                }\n<\/style><div class=\"td-block-title-wrap\"><\/div><div class=\"td_mod_wrap td-fix-index\"><p>Podmienky pou\u017e\u00edvania<br \/>Vitajte v informovanej mysli!<br \/>Tieto obchodn\u00e9 podmienky popisuj\u00fa pravidl\u00e1 pou\u017e\u00edvania webovej str\u00e1nky spolo\u010dnosti Mente Informada, ktor\u00e1 sa nach\u00e1dza na adrese https:\/\/menteinformada.com\/.<\/p>\n<p>Vstupom na t\u00fato str\u00e1nku predpoklad\u00e1me, \u017ee s\u00fahlas\u00edte s ni\u017e\u0161ie uveden\u00fdmi podmienkami. Nepokra\u010dujte v pou\u017e\u00edvan\u00ed Mente Informada, ak nes\u00fahlas\u00edte s podmienkami op\u00edsan\u00fdmi v tejto zmluve.<\/p>\n<p>S\u00fabory cookie:<br \/>Webov\u00e1 str\u00e1nka pou\u017e\u00edva s\u00fabory cookie, ktor\u00e9 v\u00e1m pom\u00f4\u017eu prisp\u00f4sobi\u0165 v\u00e1\u0161 internetov\u00fd z\u00e1\u017eitok. Vstupom na webov\u00fa str\u00e1nku Mente Informada s\u00fahlas\u00edte s pou\u017e\u00edvan\u00edm po\u017eadovan\u00fdch s\u00faborov cookie.<\/p>\n<p>Cookies s\u00fa textov\u00e9 s\u00fabory, ktor\u00e9 na v\u00e1\u0161 pevn\u00fd disk uklad\u00e1 server webovej str\u00e1nky. S\u00fabory cookie nemaj\u00fa povolen\u00e9 sp\u00fa\u0161\u0165a\u0165 programy alebo pren\u00e1\u0161a\u0165 v\u00edrusy do v\u00e1\u0161ho po\u010d\u00edta\u010da. S\u00fabory cookie s\u00fa jedine\u010dne priraden\u00e9 k v\u00e1m a m\u00f4\u017ee ich \u010d\u00edta\u0165 iba webov\u00fd server dom\u00e9ny, ktor\u00e1 s\u00fabor cookie vydala.<\/p>\n<p>S\u00fabory cookie m\u00f4\u017eeme pou\u017e\u00edva\u0165 na zhroma\u017e\u010fovanie, ukladanie alebo sledovanie inform\u00e1ci\u00ed na \u0161tatistick\u00e9 a marketingov\u00e9 \u00fa\u010dely na na\u0161ej webovej str\u00e1nke. M\u00e1te mo\u017enos\u0165 prija\u0165 alebo odmietnu\u0165 volite\u013en\u00e9 s\u00fabory cookie. Existuje nieko\u013eko povinn\u00fdch s\u00faborov cookie, ktor\u00e9 s\u00fa potrebn\u00e9 na fungovanie na\u0161ej webovej str\u00e1nky. Tieto povinn\u00e9 s\u00fabory cookie vy\u017eaduj\u00fa v\u00e1\u0161 s\u00fahlas. Majte pros\u00edm na pam\u00e4ti, \u017ee akceptovan\u00edm povinn\u00fdch s\u00faborov cookie akceptujete aj s\u00fabory cookie tret\u00edch str\u00e1n, ktor\u00e9 m\u00f4\u017eu pou\u017e\u00edva\u0165 tretie strany, ak vyu\u017e\u00edvate slu\u017eby nimi poskytovan\u00e9 na na\u0161ej webovej str\u00e1nke \u2013 napr\u00edklad okno na prehr\u00e1vanie videa poskytovan\u00e9 spolo\u010dnos\u0165ami tret\u00edch str\u00e1n a integrovan\u00e9 do na\u0161ej webovej str\u00e1nky.<\/p>\n<p>Licencia:<br \/>Ak nie je uveden\u00e9 inak, spolo\u010dnos\u0165 Mente Informed a jej poskytovatelia licenci\u00ed maj\u00fa n\u00e1rok na du\u0161evn\u00e9 vlastn\u00edctvo vo v\u0161etk\u00fdch materi\u00e1loch uverejnen\u00fdch na Mente Informed. V\u0161etky pr\u00e1va du\u0161evn\u00e9ho vlastn\u00edctva s\u00fa vyhraden\u00e9.<\/p>\n<p>Nie je v\u00e1m dovolen\u00e9:<\/p>\n<p>Skop\u00edrujte alebo znova publikujte materi\u00e1ly z Mente Informed<br \/>Pred\u00e1vajte, prenaj\u00edmajte alebo prenaj\u00edmajte materi\u00e1ly od spolo\u010dnosti Mente Informed<br \/>Reprodukujte, duplikujte alebo kop\u00edrujte materi\u00e1ly z Mente Informada<br \/>Redistribuujte obsah Mente Informed<br \/>T\u00e1to dohoda nadobudne \u00fa\u010dinnos\u0165 k s\u00fa\u010dasn\u00e9mu d\u00e1tumu.<\/p>\n<p>\u010casti tejto str\u00e1nky pon\u00fakaj\u00fa pou\u017e\u00edvate\u013eovi mo\u017enos\u0165 uverej\u0148ova\u0165 a diskutova\u0165 o n\u00e1zoroch a inform\u00e1ci\u00e1ch v ur\u010dit\u00fdch oblastiach. Informed Mind nefiltruje, neupravuje, neuverej\u0148uje ani nekontroluje koment\u00e1re predt\u00fdm, ako sa objavia na str\u00e1nke. Koment\u00e1re odr\u00e1\u017eaj\u00fa n\u00e1zory osoby, ktor\u00e1 ich uverej\u0148uje. V rozsahu, v akom to dovo\u013euje pr\u00edslu\u0161n\u00fd z\u00e1kon, Informed Mind nie je pr\u00e1vne zodpovedn\u00e1 za Koment\u00e1re ani za \u017eiadne \u0161kody, rizik\u00e1 alebo v\u00fddavky sp\u00f4soben\u00e9 alebo vzniknut\u00e9 v d\u00f4sledku pou\u017e\u00edvania a\/alebo zverejnenia a\/alebo zobrazenia Koment\u00e1rov na tejto webovej str\u00e1nke.<\/p>\n<p>Informed Mind si vyhradzuje pr\u00e1vo odstr\u00e1ni\u0165 ak\u00e9ko\u013evek koment\u00e1re, ktor\u00e9 m\u00f4\u017eu by\u0165 pova\u017eovan\u00e9 za nevhodn\u00e9, ur\u00e1\u017eliv\u00e9 alebo poru\u0161uj\u00face zmluvn\u00e9 podmienky tejto zmluvy.<\/p>\n<p>Vyhlasujete a zaru\u010dujete, \u017ee:<\/p>\n<p>M\u00e1te pr\u00e1vo uverej\u0148ova\u0165 koment\u00e1re na na\u0161ej webovej str\u00e1nke a m\u00e1te na to v\u0161etky licencie a s\u00fahlasy;<br \/>Va\u0161e koment\u00e1re nenaru\u0161uj\u00fa \u017eiadne du\u0161evn\u00e9 vlastn\u00edctvo, vr\u00e1tane autorsk\u00fdch pr\u00e1v, patentov alebo ochrann\u00fdch zn\u00e1mok tret\u00edch str\u00e1n;<br \/>Va\u0161e koment\u00e1re neobsahuj\u00fa materi\u00e1l, ktor\u00fd je hanliv\u00fd, ur\u00e1\u017eliv\u00fd, ur\u00e1\u017eliv\u00fd, neslu\u0161n\u00fd alebo inak nez\u00e1konn\u00fd, \u010do predstavuje z\u00e1sah do s\u00fakromia.<br \/>Va\u0161e koment\u00e1re nebud\u00fa pou\u017eit\u00e9 na z\u00edskavanie alebo propagovanie obchodu alebo na prezent\u00e1ciu komer\u010dn\u00fdch aktiv\u00edt alebo nez\u00e1konn\u00fdch aktiv\u00edt.<br \/>T\u00fdmto ude\u013eujete spolo\u010dnosti Informed Mind nev\u00fdhradn\u00fa licenciu na pou\u017e\u00edvanie, reprodukovanie, upravovanie a opr\u00e1v\u0148ujete in\u00fdch na pou\u017e\u00edvanie, reprodukovanie alebo \u00fapravu ak\u00fdchko\u013evek va\u0161ich koment\u00e1rov v akejko\u013evek forme, form\u00e1te a m\u00e9diu.<\/p>\n<p>Vytv\u00e1ranie odkazov na n\u00e1\u0161 obsah<br \/>Nasleduj\u00face organiz\u00e1cie m\u00f4\u017eu odkazova\u0165 na na\u0161u str\u00e1nku bez predch\u00e1dzaj\u00faceho p\u00edsomn\u00e9ho s\u00fahlasu:<\/p>\n<p>Vl\u00e1dne agent\u00fary;<br \/>Vyh\u013ead\u00e1va\u010de;<br \/>Medi\u00e1lne organiz\u00e1cie;<br \/>Distrib\u00fatori online adres\u00e1rov m\u00f4\u017eu odkazova\u0165 na na\u0161u str\u00e1nku rovnak\u00fdm sp\u00f4sobom, ak\u00fdm odkazuj\u00fa na str\u00e1nky in\u00fdch k\u00f3tovan\u00fdch spolo\u010dnost\u00ed; to je<br \/>Akreditovan\u00e9 spolo\u010dnosti, in\u00e9 ako neziskov\u00e9 fundraisingov\u00e9 organiz\u00e1cie a charitat\u00edvne fundraisingov\u00e9 skupiny, nem\u00f4\u017eu odkazova\u0165 na na\u0161u str\u00e1nku bez predch\u00e1dzaj\u00faceho s\u00fahlasu.<br \/>Tieto organiz\u00e1cie m\u00f4\u017eu na Str\u00e1nke uverej\u0148ova\u0165 odkazy na na\u0161u domovsk\u00fa str\u00e1nku, publik\u00e1cie alebo in\u00e9 inform\u00e1cie za predpokladu, \u017ee odkaz: (a) nie je \u017eiadnym sp\u00f4sobom zav\u00e1dzaj\u00faci; (b) nepravdivo nenazna\u010duje existenciu sponzorstva, podpory alebo schv\u00e1lenia na\u0161ich produktov a\/alebo slu\u017eieb; a c) je vhodn\u00fd pre kontext, do ktor\u00e9ho sa vklad\u00e1.<\/p>\n<p>M\u00f4\u017eeme zv\u00e1\u017ei\u0165 a schv\u00e1li\u0165 \u017eiadosti o prepojenie predlo\u017een\u00e9 nasleduj\u00facimi typmi organiz\u00e1ci\u00ed:<\/p>\n<p>dobre zn\u00e1me zdroje inform\u00e1ci\u00ed o produktoch a podnikoch;<br \/>dot-com komunitn\u00e9 str\u00e1nky;<br \/>zdru\u017eenia a in\u00e9 skupiny zastupuj\u00face charitat\u00edvne organiz\u00e1cie;<br \/>distrib\u00fatori online adres\u00e1rov;<br \/>internetov\u00e9 port\u00e1ly;<br \/>\u00fa\u010dtovn\u00edcke, pr\u00e1vnick\u00e9 a poradensk\u00e9 firmy; to je<br \/>vzdel\u00e1vacie in\u0161tit\u00facie a triedne zdru\u017eenia.<br \/>\u017diadosti o prepojenie podan\u00e9 typmi organiz\u00e1ci\u00ed uveden\u00fdch vy\u0161\u0161ie schv\u00e1lime, ak sa domnievame, \u017ee: (a) prepojenie nie je nepriazniv\u00e9 pre n\u00e1\u0161 imid\u017e a\/alebo imid\u017e akreditovan\u00fdch spolo\u010dnost\u00ed; (b) \u017eiadaj\u00faca organiz\u00e1cia nem\u00e1 u n\u00e1s \u017eiadnu negat\u00edvnu minulos\u0165; (c) \u00fa\u017eitok, ktor\u00fd z\u00edskame z vidite\u013enosti odkazu, kompenzuje absenciu Mente Informed; a (d) odkaz bude umiestnen\u00fd vo v\u0161eobecnom informa\u010dnom kontexte.<\/p>\n<p>Tieto organiz\u00e1cie m\u00f4\u017eu uverej\u0148ova\u0165 odkazy na na\u0161u domovsk\u00fa str\u00e1nku za predpokladu, \u017ee odkaz: (a) nie je \u017eiadnym sp\u00f4sobom zav\u00e1dzaj\u00faci; (b) nepravdivo nenazna\u010duje existenciu sponzorstva, podpory alebo schv\u00e1lenia na\u0161ich produktov a\/alebo slu\u017eieb; a c) je vhodn\u00fd pre kontext, do ktor\u00e9ho sa vklad\u00e1.<\/p>\n<p>Ak zastupujete jednu z organiz\u00e1ci\u00ed uveden\u00fdch v odseku 2 vy\u0161\u0161ie a m\u00e1te z\u00e1ujem o uverejnenie odkazu na na\u0161u webov\u00fa str\u00e1nku, mus\u00edte n\u00e1s o svojom z\u00e1ujme informova\u0165 zaslan\u00edm e-mailu na adresu Mente Informed. Uve\u010fte svoje meno, n\u00e1zov va\u0161ej organiz\u00e1cie a va\u0161e kontaktn\u00e9 inform\u00e1cie, ako aj adresu URL va\u0161ej webovej lokality, zoznam adries URL na na\u0161ej webovej lokalite, ktor\u00e9 chcete pou\u017ei\u0165 ako odkazy, a zoznam webov\u00fdch lokal\u00edt, na ktor\u00fdch chcete zverejni\u0165 na\u0161e webov\u00e9 adresy . Na prijatie odpovede po\u010dkajte 2 a\u017e 3 t\u00fd\u017edne.<\/p>\n<p>Schv\u00e1len\u00e9 organiz\u00e1cie m\u00f4\u017eu uverej\u0148ova\u0165 odkazy na na\u0161u str\u00e1nku nasleduj\u00facimi sp\u00f4sobmi:<\/p>\n<p>Pou\u017e\u00edvanie mena na\u0161ej spolo\u010dnosti; alebo<br \/>Pou\u017eitie adresy URL, na ktor\u00fa odkaz presmeruje; alebo<br \/>Pou\u017e\u00edvanie ak\u00e9hoko\u013evek in\u00e9ho popisu na\u0161ej str\u00e1nky, ktor\u00fd d\u00e1va zmysel v kontexte a form\u00e1te obsahu, na ktor\u00fd sa vklad\u00e1 odkaz.<br \/>Pou\u017eitie alebo zverejnenie odkazov na logo a\/alebo in\u00e9 vizu\u00e1lne prvky Informovanej mysle nebude povolen\u00e9 bez licen\u010dnej zmluvy na pou\u017e\u00edvanie ochrannej zn\u00e1mky.<\/p>\n<p>Zodpovednos\u0165 za obsah:<br \/>Nenesieme pr\u00e1vnu zodpovednos\u0165 za \u017eiadny obsah, ktor\u00fd sa objav\u00ed na va\u0161ej str\u00e1nke. S\u00fahlas\u00edte s t\u00fdm, \u017ee n\u00e1s budete chr\u00e1ni\u0165 a br\u00e1ni\u0165 proti v\u0161etk\u00fdm n\u00e1rokom, ktor\u00e9 s\u00fa vznesen\u00e9 na va\u0161ej str\u00e1nke. Na \u017eiadnej str\u00e1nke sa nesmie objavi\u0165 \u017eiadny odkaz, ktor\u00fd by sa dal vyklada\u0165 ako hanliv\u00fd, obsc\u00e9nny, krimin\u00e1lny, alebo ktor\u00fd poru\u0161uje, poru\u0161uje alebo obhajuje poru\u0161ovanie pr\u00e1v in\u00fdch.<\/p>\n<p>V\u00fdhrada pr\u00e1v:<br \/>Vyhradzujeme si pr\u00e1vo po\u017eiada\u0165 v\u00e1s o odstr\u00e1nenie v\u0161etk\u00fdch odkazov alebo ak\u00fdchko\u013evek odkazov, ktor\u00e9 presmeruj\u00fa na na\u0161u webov\u00fa str\u00e1nku. S\u00fahlas\u00edte s t\u00fdm, \u017ee po vy\u017eiadan\u00ed odstr\u00e1nenia okam\u017eite odstr\u00e1nite v\u0161etky odkazy na na\u0161u webov\u00fa str\u00e1nku. Vyhradzujeme si tie\u017e pr\u00e1vo kedyko\u013evek zmeni\u0165 a doplni\u0165 tieto podmienky. Neust\u00e1lym uverej\u0148ovan\u00edm odkazov na na\u0161u str\u00e1nku s\u00fahlas\u00edte s t\u00fdm, \u017ee budete viazan\u00ed t\u00fdmito podmienkami prepojenia.<\/p>\n<p>Odstr\u00e1nenie odkazov uverejnen\u00fdch na na\u0161ej webovej str\u00e1nke:<br \/>Ak na na\u0161ej str\u00e1nke n\u00e1jdete ak\u00fdko\u013evek odkaz, ktor\u00fd je ak\u00fdmko\u013evek sp\u00f4sobom ur\u00e1\u017eliv\u00fd, m\u00f4\u017eete n\u00e1s kedyko\u013evek kontaktova\u0165 a informova\u0165 n\u00e1s o probl\u00e9me. \u017diadosti o odstr\u00e1nenie odkazov zv\u00e1\u017eime, nie sme v\u0161ak povinn\u00ed odstra\u0148ova\u0165 \u017eiadne odkazy z na\u0161ej str\u00e1nky alebo priamo odpoveda\u0165 na va\u0161u \u017eiados\u0165.<\/p>\n<p>Nezaru\u010dujeme, \u017ee inform\u00e1cie uveden\u00e9 na tejto str\u00e1nke s\u00fa spr\u00e1vne. Nezaru\u010dujeme \u00faplnos\u0165 ani presnos\u0165 obsahu. Nezaru\u010dujeme, \u017ee str\u00e1nka zostane dostupn\u00e1 alebo \u017ee materi\u00e1l na str\u00e1nke zostane aktu\u00e1lny.<\/p>\n<p>Vyl\u00fa\u010denie zodpovednosti:<br \/>V maxim\u00e1lnom rozsahu povolenom z\u00e1konom vylu\u010dujeme v\u0161etky vyhl\u00e1senia, z\u00e1ruky a podmienky t\u00fdkaj\u00face sa na\u0161ej webovej str\u00e1nky a v\u00e1\u0161ho pou\u017e\u00edvania tejto webovej str\u00e1nky. Ni\u010d v tomto vyl\u00fa\u010den\u00ed zodpovednosti:<\/p>\n<p>obmedzi\u0165 alebo vyl\u00fa\u010di\u0165 na\u0161u zodpovednos\u0165 alebo va\u0161u zodpovednos\u0165 za smr\u0165 alebo zranenie os\u00f4b;<br \/>obmedzi\u0165 alebo vyl\u00fa\u010di\u0165 na\u0161u zodpovednos\u0165 alebo va\u0161u zodpovednos\u0165 za podvod alebo podvodn\u00e9 skreslenie inform\u00e1ci\u00ed;<br \/>obmedzi\u0165 na\u0161u zodpovednos\u0165 alebo va\u0161u zodpovednos\u0165 ak\u00fdmko\u013evek sp\u00f4sobom, ktor\u00fd z\u00e1kon nepovo\u013euje;<br \/>vyl\u00fa\u010di\u0165 ak\u00fako\u013evek zodpovednos\u0165 z va\u0161ej alebo na\u0161ej strany, ktor\u00fa nemo\u017eno vyl\u00fa\u010di\u0165 pod\u013ea platn\u00fdch z\u00e1konov.<br \/>Obmedzenia a z\u00e1kazy zodpovednosti uveden\u00e9 v tejto \u010dasti a inde v tomto vyhl\u00e1sen\u00ed: (a) podliehaj\u00fa predch\u00e1dzaj\u00facemu odseku; a (b) riadia v\u0161etky z\u00e1v\u00e4zky vypl\u00fdvaj\u00face z v\u00fdkazu, vr\u00e1tane z\u00e1v\u00e4zkov vypl\u00fdvaj\u00facich zo zmluvy, deliktu a poru\u0161enia pr\u00e1vnych povinnost\u00ed.<\/p>\n<p>Zatia\u013e \u010do webov\u00e1 lokalita a inform\u00e1cie a slu\u017eby na webovej lokalite s\u00fa pon\u00fakan\u00e9 bezplatne, nenesieme zodpovednos\u0165 za stratu alebo po\u0161kodenie ak\u00e9hoko\u013evek druhu.<\/p>\n<\/div><\/div><\/div><\/div><\/div><\/div><\/div><\/div>","protected":false},"excerpt":{"rendered":"","protected":false},"author":244,"featured_media":0,"parent":0,"menu_order":0,"comment_status":"closed","ping_status":"closed","template":"","meta":{"footnotes":""},"class_list":["post-835","page","type-page","status-publish"],"_links":{"self":[{"href":"https:\/\/menteinformada.com\/sk\/wp-json\/wp\/v2\/pages\/835","targetHints":{"allow":["GET"]}}],"collection":[{"href":"https:\/\/menteinformada.com\/sk\/wp-json\/wp\/v2\/pages"}],"about":[{"href":"https:\/\/menteinformada.com\/sk\/wp-json\/wp\/v2\/types\/page"}],"author":[{"embeddable":true,"href":"https:\/\/menteinformada.com\/sk\/wp-json\/wp\/v2\/users\/244"}],"replies":[{"embeddable":true,"href":"https:\/\/menteinformada.com\/sk\/wp-json\/wp\/v2\/comments?post=835"}],"version-history":[{"count":4,"href":"https:\/\/menteinformada.com\/sk\/wp-json\/wp\/v2\/pages\/835\/revisions"}],"predecessor-version":[{"id":3719,"href":"https:\/\/menteinformada.com\/sk\/wp-json\/wp\/v2\/pages\/835\/revisions\/3719"}],"wp:attachment":[{"href":"https:\/\/menteinformada.com\/sk\/wp-json\/wp\/v2\/media?parent=835"}],"curies":[{"name":"pracovn\u00fd list","href":"https:\/\/api.w.org\/{rel}","templated":true}]}}