{"id":835,"date":"2023-01-23T04:40:14","date_gmt":"2023-01-23T04:40:14","guid":{"rendered":"https:\/\/menteinformada.com\/?page_id=835"},"modified":"2023-04-16T22:45:50","modified_gmt":"2023-04-16T22:45:50","slug":"pogoji-uporabe","status":"publish","type":"page","link":"https:\/\/menteinformada.com\/sl\/termos-de-uso\/","title":{"rendered":"Pogoji uporabe"},"content":{"rendered":"<div id=\"tdi_1\" class=\"tdc-zone\"><div class=\"tdc_zone tdi_2  wpb_row td-pb-row\"  >\n<style scoped>\n\/* custom css - generated by TagDiv Composer *\/\n\n\/* custom css - generated by TagDiv Composer *\/\n.tdi_2{\r\n                    min-height: 0;\r\n                }\n<\/style><div id=\"tdi_3\" class=\"tdc-row\"><div class=\"vc_row tdi_4  wpb_row td-pb-row\" >\n<style scoped>\n\/* custom css - generated by TagDiv Composer *\/\n\n\/* custom css - generated by TagDiv Composer *\/\n.tdi_4,\r\n                .tdi_4 .tdc-columns{\r\n                    min-height: 0;\r\n                }.tdi_4,\r\n\t\t\t\t.tdi_4 .tdc-columns{\r\n\t\t\t\t    display: block;\r\n\t\t\t\t}.tdi_4 .tdc-columns{\r\n\t\t\t\t    width: 100%;\r\n\t\t\t\t}.tdi_4:before,\r\n\t\t\t\t.tdi_4:after{\r\n\t\t\t\t    display: table;\r\n\t\t\t\t}\n<\/style><div class=\"vc_column tdi_6  wpb_column vc_column_container tdc-column td-pb-span12\">\n<style scoped>\n\/* custom css - generated by TagDiv Composer *\/\n\n\/* custom css - generated by TagDiv Composer *\/\n.tdi_6{\r\n                    vertical-align: baseline;\r\n                }.tdi_6 > .wpb_wrapper,\r\n\t\t\t\t.tdi_6 > .wpb_wrapper > .tdc-elements{\r\n\t\t\t\t    display: block;\r\n\t\t\t\t}.tdi_6 > .wpb_wrapper > .tdc-elements{\r\n\t\t\t\t    width: 100%;\r\n\t\t\t\t}.tdi_6 > .wpb_wrapper > .vc_row_inner{\r\n\t\t\t\t    width: auto;\r\n\t\t\t\t}.tdi_6 > .wpb_wrapper{\r\n\t\t\t\t    width: auto;\r\n\t\t\t\t    height: auto;\r\n\t\t\t\t}\n<\/style><div class=\"wpb_wrapper\" ><div class=\"td_block_wrap td_block_text_with_title tdi_7 tagdiv-type td-pb-border-top td_block_template_1\"  data-td-block-uid=\"tdi_7\" >\n<style>\n\/* custom css - generated by TagDiv Composer *\/\n.td_block_text_with_title{\r\n                  margin-bottom: 44px;\r\n                  -webkit-transform: translateZ(0);\r\n                  transform: translateZ(0);\r\n                }.td_block_text_with_title p:last-child{\r\n                  margin-bottom: 0;\r\n                }\n<\/style><div class=\"td-block-title-wrap\"><\/div><div class=\"td_mod_wrap td-fix-index\"><p>Pravila in pogoji uporabe<br \/>Dobrodo\u0161li v Informed Mind!<br \/>Ti pogoji opisujejo pravila uporabe spletnega mesta dru\u017ebe Mente Informada, ki se nahaja na naslovu https:\/\/menteinformada.com\/.<\/p>\n<p>Z dostopom do te strani predvidevamo, da se strinjate s spodnjimi pogoji. Ne nadaljujte z uporabo Mente Informada, \u010de se ne strinjate z dolo\u010dili in pogoji, opisanimi v tej pogodbi.<\/p>\n<p>Pi\u0161kotki:<br \/>Spletna stran uporablja pi\u0161kotke za pomo\u010d pri prilagajanju va\u0161e internetne izku\u0161nje. Z dostopom do spletne strani Mente Informada se strinjate z uporabo obveznih pi\u0161kotkov.<\/p>\n<p>Pi\u0161kotki so besedilne datoteke, ki jih na va\u0161 trdi disk shrani stre\u017enik spletne strani. Pi\u0161kotki ne smejo izvajati programov ali prena\u0161ati virusov na va\u0161 ra\u010dunalnik. Pi\u0161kotki so enoli\u010dno povezani z vami in jih lahko prebere le spletni stre\u017enik za domeno, ki je pi\u0161kotek izdala.<\/p>\n<p>Pi\u0161kotke lahko uporabljamo za zbiranje, shranjevanje ali sledenje informacij za statisti\u010dne in tr\u017eenjske namene na na\u0161i spletni strani. Imate mo\u017enost sprejeti ali zavrniti neobvezne pi\u0161kotke. Obstaja nekaj obveznih pi\u0161kotkov, ki so potrebni za delovanje na\u0161e spletne strani. Ti obvezni pi\u0161kotki zahtevajo va\u0161e soglasje. Upo\u0161tevajte, da s sprejemom obveznih pi\u0161kotkov sprejemate tudi pi\u0161kotke tretjih oseb, ki jih lahko uporabljajo tretje osebe, \u010de uporabljate storitve, ki jih ponujajo na na\u0161i spletni strani \u2013 na primer okno za predvajanje videa, ki ga zagotavljajo tretja podjetja in integrirano v na\u0161o spletno stran.<\/p>\n<p>Licenca:<br \/>Razen kjer je navedeno druga\u010de, so Mente Informed in njegovi dajalci licenc upravi\u010deni do intelektualne lastnine v vsem gradivu, objavljenem na Mente Informed. Vse pravice intelektualne lastnine so pridr\u017eane.<\/p>\n<p>Ni vam dovoljeno:<\/p>\n<p>Kopirajte ali ponovno objavite materiale iz Mente Informed<br \/>Prodajajte, dajajte v najem ali podnajem gradiva podjetja Mente Informed<br \/>Razmno\u017eevanje, podvajanje ali kopiranje materialov iz Mente Informada<br \/>Prerazporedite vsebino Mente Informed<br \/>Ta sporazum bo veljal od sedanjega datuma.<\/p>\n<p>Deli tega spletnega mesta uporabniku ponujajo mo\u017enost objave in razprave o mnenjih in informacijah na dolo\u010denih podro\u010djih. Informed Mind ne filtrira, ureja, objavlja ali pregleduje komentarjev, preden so predstavljeni na spletnem mestu. Komentarji odra\u017eajo poglede osebe, ki jih objavlja. V obsegu, ki ga dovoljuje veljavna zakonodaja, Informed Mind ni pravno odgovoren za komentarje ali kakr\u0161no koli \u0161kodo, tveganja ali stro\u0161ke, ki so povzro\u010deni ali nastali kot posledica uporabe in\/ali objave in\/ali videza komentarjev na tej spletni strani.<\/p>\n<p>Informed Mind si pridr\u017euje pravico do odstranitve vseh komentarjev, ki se lahko \u0161tejejo za neprimerne, \u017ealjive ali kr\u0161ijo dolo\u010dila in pogoje te pogodbe.<\/p>\n<p>Izjavljate in jam\u010dite, da:<\/p>\n<p>Imate pravico do objavljanja komentarjev na na\u0161i spletni strani in imate vse licence in soglasja za to;<br \/>Va\u0161i komentarji ne posegajo v nobeno intelektualno lastnino, vklju\u010dno z avtorskimi pravicami, patenti ali blagovnimi znamkami tretjih oseb;<br \/>Va\u0161i komentarji ne vsebujejo gradiva, ki je obrekljivo, obrekljivo, \u017ealjivo, nespodobno ali kako druga\u010de nezakonito, kar je vdor v zasebnost.<br \/>Va\u0161i komentarji ne bodo uporabljeni za spodbujanje ali promocijo poslovanja ali za predstavitev komercialnih dejavnosti ali nezakonitih dejavnosti.<br \/>S tem podjetju Informed Mind podeljujete neizklju\u010dno licenco za uporabo, reprodukcijo, urejanje in poobla\u0161\u010danje drugih za uporabo, reprodukcijo ali urejanje katerega koli od va\u0161ih komentarjev v vseh in vseh oblikah, formatih in medijih.<\/p>\n<p>Ustvarjanje povezav do na\u0161e vsebine<br \/>Naslednje organizacije se lahko pove\u017eejo na na\u0161e spletno mesto brez predhodne pisne odobritve:<\/p>\n<p>Vladne agencije;<br \/>Iskalniki;<br \/>Medijske organizacije;<br \/>Distributerji spletnih imenikov se lahko povezujejo na na\u0161e spletno mesto na enak na\u010din, kot se povezujejo na spletna mesta drugih dru\u017eb, ki kotirajo na borzi; je<br \/>Poobla\u0161\u010dena podjetja, razen neprofitnih organizacij za zbiranje sredstev in dobrodelnih skupin za zbiranje sredstev, se ne smejo povezovati z na\u0161im spletnim mestom brez predhodne odobritve.<br \/>Te organizacije lahko objavijo povezave do na\u0161e doma\u010de strani, publikacij ali drugih informacij na spletnem mestu, \u010de povezava: (a) na noben na\u010din ni zavajajo\u010da; (b) ne namiguje na obstoj sponzorstva, zaznamka ali odobritve na\u0161ih izdelkov in\/ali storitev; in (c) ustreza kontekstu, v katerega je vstavljen.<\/p>\n<p>Upo\u0161tevamo in odobrimo lahko zahteve za povezavo naslednjih vrst organizacij:<\/p>\n<p>znani viri informacij o izdelkih in podjetjih;<br \/>spletna mesta skupnosti dot-com;<br \/>zdru\u017eenja in druge skupine, ki zastopajo dobrodelne organizacije;<br \/>distributerji spletnih imenikov;<br \/>internetni portali;<br \/>ra\u010dunovodske, odvetni\u0161ke in svetovalne dru\u017ebe; je<br \/>izobra\u017eevalne ustanove in razredna zdru\u017eenja.<br \/>Odobrili bomo zahteve za povezave zgoraj navedenih vrst organizacij, \u010de menimo, da: (a) povezava ni neugodna za na\u0161o podobo in\/ali podobo akreditiranih podjetij; (b) organizacija prosilka nima negativne zgodovine pri nas; (c) korist, ki jo pridobimo z vidnostjo povezave, nadomesti odsotnost Mente Informed; in (d) povezava bo postavljena v splo\u0161ni informativni kontekst.<\/p>\n<p>Te organizacije lahko objavijo povezave do na\u0161e doma\u010de strani, pod pogojem, da povezava: (a) na noben na\u010din ni zavajajo\u010da; (b) ne namiguje na obstoj sponzorstva, zaznamka ali odobritve na\u0161ih izdelkov in\/ali storitev; in (c) ustreza kontekstu, v katerega je vstavljen.<\/p>\n<p>\u010ce predstavljate eno od organizacij, na\u0161tetih v odstavku 2 zgoraj, in \u017eelite objaviti povezavo do na\u0161e spletne strani, nas morate o svojem interesu obvestiti tako, da po\u0161ljete e-po\u0161to Mente Informed. Vklju\u010dite svoje ime, ime va\u0161e organizacije in svoje kontaktne podatke, kot tudi URL va\u0161ega spletnega mesta, seznam URL-jev na na\u0161em spletnem mestu, ki jih nameravate uporabiti kot povezave, in seznam spletnih mest, na katerih nameravate objaviti na\u0161e URL-je Prosimo, po\u010dakajte 2-3 tedne za odgovor.<\/p>\n<p>Odobrene organizacije lahko objavijo povezave do na\u0161ega spletnega mesta na naslednje na\u010dine:<\/p>\n<p>Uporaba na\u0161ega imena podjetja; oz<br \/>Uporaba URL-ja, kamor preusmerja povezava; oz<br \/>Uporaba katerega koli drugega opisa na\u0161ega spletnega mesta, ki je smiseln v kontekstu in obliki vsebine, do katere je vstavljena povezava.<br \/>Uporaba ali objava povezav do logotipa in\/ali drugih vizualnih elementov Informed Mind ne bo dovoljena brez licen\u010dne pogodbe za uporabo blagovne znamke.<\/p>\n<p>Odgovornost za vsebino:<br \/>Ne bomo pravno odgovorni za kakr\u0161no koli vsebino, ki se pojavi na va\u0161em spletnem mestu. Strinjate se, da nas boste za\u0161\u010ditili in branili pred vsemi zahtevki, ki se pojavijo na va\u0161em spletnem mestu. Na nobenem spletnem mestu se ne sme pojaviti nobena povezava, ki bi jo lahko razlagali kot obrekljivo, nespodobno, kaznivo ali ki kr\u0161i, kr\u0161i ali zagovarja kr\u0161itev pravic drugih.<\/p>\n<p>Pridr\u017eek pravic:<br \/>Pridr\u017eujemo si pravico zahtevati, da odstranite vse povezave ali povezave, ki preusmerjajo na na\u0161e spletno mesto. Strinjate se, da boste takoj odstranili vse povezave do na\u0161ega spletnega mesta, ko boste prejeli zahtevo za odstranitev. Prav tako si pridr\u017eujemo pravico, da kadar koli spremenimo in dopolnimo te pogoje. Z nenehnim objavljanjem povezav do na\u0161ega spletnega mesta se strinjate, da vas zavezujejo ti pogoji in dolo\u010dila povezovanja.<\/p>\n<p>Odstranitev povezav, objavljenih na na\u0161i spletni strani:<br \/>\u010ce na na\u0161em spletnem mestu najdete povezavo, ki je na kakr\u0161en koli na\u010din \u017ealjiva, nas lahko kontaktirate in nas kadar koli obvestite o te\u017eavi. Upo\u0161tevali bomo zahteve za odstranitev povezav, vendar nismo dol\u017eni odstraniti nobenih povezav z na\u0161ega mesta ali neposredno odgovoriti na va\u0161o zahtevo.<\/p>\n<p>Ne jam\u010dimo, da so informacije na tem spletnem mestu pravilne. Ne jam\u010dimo za popolnost ali to\u010dnost vsebine. Ne jam\u010dimo, da bo spletno mesto ostalo na voljo ali da bo gradivo na spletnem mestu ostalo posodobljeno.<\/p>\n<p>Zavrnitev odgovornosti:<br \/>V najve\u010djem obsegu, ki ga dovoljuje zakon, izklju\u010dujemo vsa zastopanja, jamstva in pogoje v zvezi z na\u0161o spletno stranjo in va\u0161o uporabo te spletne strani. Ni\u010d v tej izjavi o omejitvi odgovornosti ne bo:<\/p>\n<p>omejiti ali izklju\u010diti na\u0161o odgovornost ali va\u0161o odgovornost za smrt ali telesne po\u0161kodbe;<br \/>omejiti ali izklju\u010diti na\u0161o odgovornost ali va\u0161o odgovornost za goljufijo ali goljufivo la\u017eno predstavljanje;<br \/>omejiti na\u0161o odgovornost ali va\u0161o odgovornost na kakr\u0161en koli na\u010din, ki ni dovoljen z zakonom;<br \/>izklju\u010di kakr\u0161no koli odgovornost vas ali nas, ki je ni mogo\u010de izklju\u010diti v skladu z veljavno zakonodajo.<br \/>Omejitve in prepovedi odgovornosti, navedene v tem razdelku in drugje v tej izjavi: (a) so predmet prej\u0161njega odstavka; in (b) ureja vse obveznosti, ki izhajajo iz izjave, vklju\u010dno z obveznostmi, ki izhajajo iz pogodbe, od\u0161kodninsko odgovornostjo in kr\u0161itvijo pravnih obveznosti.<\/p>\n<p>\u010ceprav so spletno mesto ter informacije in storitve na spletnem mestu na voljo brezpla\u010dno, ne bomo odgovorni za kakr\u0161no koli izgubo ali \u0161kodo.<\/p>\n<\/div><\/div><\/div><\/div><\/div><\/div><\/div><\/div>","protected":false},"excerpt":{"rendered":"","protected":false},"author":244,"featured_media":0,"parent":0,"menu_order":0,"comment_status":"closed","ping_status":"closed","template":"","meta":{"footnotes":""},"class_list":["post-835","page","type-page","status-publish"],"_links":{"self":[{"href":"https:\/\/menteinformada.com\/sl\/wp-json\/wp\/v2\/pages\/835","targetHints":{"allow":["GET"]}}],"collection":[{"href":"https:\/\/menteinformada.com\/sl\/wp-json\/wp\/v2\/pages"}],"about":[{"href":"https:\/\/menteinformada.com\/sl\/wp-json\/wp\/v2\/types\/page"}],"author":[{"embeddable":true,"href":"https:\/\/menteinformada.com\/sl\/wp-json\/wp\/v2\/users\/244"}],"replies":[{"embeddable":true,"href":"https:\/\/menteinformada.com\/sl\/wp-json\/wp\/v2\/comments?post=835"}],"version-history":[{"count":4,"href":"https:\/\/menteinformada.com\/sl\/wp-json\/wp\/v2\/pages\/835\/revisions"}],"predecessor-version":[{"id":3719,"href":"https:\/\/menteinformada.com\/sl\/wp-json\/wp\/v2\/pages\/835\/revisions\/3719"}],"wp:attachment":[{"href":"https:\/\/menteinformada.com\/sl\/wp-json\/wp\/v2\/media?parent=835"}],"curies":[{"name":"delovni list","href":"https:\/\/api.w.org\/{rel}","templated":true}]}}